{"id":3380,"date":"2024-05-29T12:44:41","date_gmt":"2024-05-29T12:44:41","guid":{"rendered":"https:\/\/cool-style.md\/?page_id=3380"},"modified":"2025-12-23T13:41:28","modified_gmt":"2025-12-23T13:41:28","slug":"livrare","status":"publish","type":"page","link":"https:\/\/cool-style.md\/ro\/livrare\/","title":{"rendered":"Livrare"},"content":{"rendered":"<div id=\"page-header-349523784\" class=\"page-header-wrapper\">\n  <div class=\"page-title dark featured-title\">\n\n        <div class=\"page-title-bg\">\n      <div class=\"title-bg fill bg-fill\"\n        data-parallax-container=\".page-title\"\n        data-parallax-background\n        data-parallax=\"-\">\n      <\/div>\n      <div class=\"title-overlay fill\"><\/div>\n    <\/div>\n    \n    <div class=\"page-title-inner container align-center flex-row medium-flex-wrap\" >\n              <div class=\"title-wrapper is-smaller flex-col text-left medium-text-center\">\n          <h1 class=\"entry-title mb-0\">\n            Livrare          <\/h1>\n        <\/div>\n                    <div class=\"title-content flex-col flex-right text-right medium-text-center\">\n              <\/div>\n    <\/div>\n\n     \n<style>\n#page-header-349523784 {\n  margin-bottom: 7px;\n}\n#page-header-349523784 .title-overlay {\n  background-color: rgba(255,255,255,.5);\n}\n#page-header-349523784 .featured-title {\n  background-color: #418f87;\n}\n<\/style>\n  <\/div>\n    <\/div>\n  \n\n\t<section class=\"section\" id=\"section_1590988629\">\n\t\t<div class=\"section-bg fill\" >\n\t\t\t\t\t\t\t\t\t\n\t\t\t\n\n\t\t<\/div>\n\n\t\t\n\t<div class=\"ux-shape-divider ux-shape-divider--bottom ux-shape-divider--style-waves-opacity-3\">\n\t\t<svg viewBox=\"0 0 1000 300\" xmlns=\"http:\/\/www.w3.org\/2000\/svg\" preserveAspectRatio=\"none\">\n\t<path class=\"ux-shape-fill\" opacity=\"0.05\" d=\"M1014 264V386H206L34 300C34 300 344.42 277.16 436 221C542 156 590 160 704 209C811 255 899.11 214.94 979 346L1014 264Z\"\/>\n\t<path class=\"ux-shape-fill\" opacity=\"0.1\" d=\"M-302 55C-302 55 -66.73 263.25 50 214C178 160 283 116 353 141C445.68 174.1 534.28 256.19 588 249C692.9 235 764.52 75.94 855 131C940.61 183.09 1000 254 1000 254V328L-306 338L-302 55Z\"\/>\n\t<path class=\"ux-shape-fill\" opacity=\"0.15\" d=\"M-286 255C-286 255 -72 152 52 126C176 100 255 155 436 227C581.57 284.91 614.7 277.79 708 227C787 184 1009 3.0001 1093 164C1146 265.63 1031 293 1031 293L924 377L-288 389L-286 255Z\"\/>\n\t<path class=\"ux-shape-fill\" opacity=\"0.3\" d=\"M-24 69C-24 69 275.68 370.66 389 314C397 310 622 316 673 356C690.47 369.7 845 224 890 182C944.8 130.85 1018 92 1078 143C1154.12 207.7 1196 242 1196 242L1184 374L-28 386L-24 69Z\"\/>\n\t<path class=\"ux-shape-fill\" d=\"M-12 201C-12 201 58 284 182 258C306 232 342.29 221.23 456 264C565 305 640.82 288.36 721 249C776 222 837.5 191.31 935 253C984 284 1030 279 1030 279L1024 430L-12 440V201Z\"\/>\n<\/svg>\n\t<\/div>\n\n\t\t<div class=\"section-content relative\">\n\t\t\t\n<div class=\"row row-large row-full-width align-bottom align-right\"  id=\"row-625972802\">\n\n\t<div id=\"col-1688520585\" class=\"col medium-12 small-12 large-12\"  data-animate=\"fadeInRight\">\n\t\t\t\t<div class=\"col-inner\"  >\n\t\t\t\n\t\t\t\n\t<div id=\"gap-2004867496\" class=\"gap-element clearfix\" style=\"display:block; height:auto;\">\n\t\t\n<style>\n#gap-2004867496 {\n  padding-top: 0px;\n}\n@media (min-width:850px) {\n  #gap-2004867496 {\n    padding-top: 50px;\n  }\n}\n<\/style>\n\t<\/div>\n\t\n\n\t<div id=\"text-3146175558\" class=\"text\">\n\t\t\n<h2>Informa\u021bii despre livrare<\/h2>\n<h3><span style=\"font-size: 70%; color: #808080;\">DE COMPANIA COOL-STYLE.MD<\/span><\/h3>\n\t\t\n<style>\n#text-3146175558 {\n  line-height: 1;\n}\n<\/style>\n\t<\/div>\n\t\n\n\t\t<\/div>\n\t\t\t\t\n<style>\n#col-1688520585 > .col-inner {\n  padding: 0px 20px 0px 20px;\n}\n<\/style>\n\t<\/div>\n\n\t\n<\/div>\n\t\t<\/div>\n\n\t\t\n<style>\n#section_1590988629 {\n  padding-top: 50px;\n  padding-bottom: 50px;\n  background-color: rgba(65, 143, 135, 0.4);\n}\n#section_1590988629 .ux-shape-divider--bottom svg {\n  height: 150px;\n  --divider-width: 100%;\n}\n<\/style>\n\t<\/section>\n\t\n\n\t<section class=\"section\" id=\"section_1375669890\">\n\t\t<div class=\"section-bg fill\" >\n\t\t\t\t\t\t\t\t\t\n\t\t\t\n\n\t\t<\/div>\n\n\t\t\n\n\t\t<div class=\"section-content relative\">\n\t\t\t\n\t<div id=\"gap-895284686\" class=\"gap-element clearfix\" style=\"display:block; height:auto;\">\n\t\t\n<style>\n#gap-895284686 {\n  padding-top: 35px;\n}\n@media (min-width:550px) {\n  #gap-895284686 {\n    padding-top: 21px;\n  }\n}\n<\/style>\n\t<\/div>\n\t\n<div class=\"row row-large row-full-width\"  id=\"row-1557390831\">\n\n\t<div id=\"col-1426052673\" class=\"col medium-4 small-12 large-4\"  data-animate=\"bounceIn\">\n\t\t\t\t<div class=\"col-inner text-center\"  >\n\t\t\t\n\t\t\t\n\n\t\t<div class=\"icon-box featured-box icon-box-top text-left\"  >\n\t\t\t\t\t<div class=\"icon-box-img\" style=\"width: 90px\">\n\t\t\t\t<div class=\"icon\">\n\t\t\t\t\t<div class=\"icon-inner\" >\n\t\t\t\t\t\t<img decoding=\"async\" width=\"400\" height=\"400\" src=\"https:\/\/cool-style.md\/wp-content\/uploads\/2024\/05\/icon-fast-delivery-400x400.png\" class=\"attachment-medium size-medium\" alt=\"icon fast delivery\" srcset=\"https:\/\/cool-style.md\/wp-content\/uploads\/2024\/05\/icon-fast-delivery-400x400.png 400w, https:\/\/cool-style.md\/wp-content\/uploads\/2024\/05\/icon-fast-delivery-800x800.png 800w, https:\/\/cool-style.md\/wp-content\/uploads\/2024\/05\/icon-fast-delivery-280x280.png 280w, https:\/\/cool-style.md\/wp-content\/uploads\/2024\/05\/icon-fast-delivery-768x768.png 768w, https:\/\/cool-style.md\/wp-content\/uploads\/2024\/05\/icon-fast-delivery-300x300.png 300w, https:\/\/cool-style.md\/wp-content\/uploads\/2024\/05\/icon-fast-delivery-510x510.png 510w, https:\/\/cool-style.md\/wp-content\/uploads\/2024\/05\/icon-fast-delivery-100x100.png 100w, https:\/\/cool-style.md\/wp-content\/uploads\/2024\/05\/icon-fast-delivery.png 1425w\" sizes=\"(max-width: 400px) 100vw, 400px\" \/>\t\t\t\t\t<\/div>\n\t\t\t\t<\/div>\n\t\t\t<\/div>\n\t\t\t\t<div class=\"icon-box-text last-reset\">\n\t\t\t\t\t\t\t\t\t\n\t<div id=\"text-2996451429\" class=\"text\">\n\t\t\n\n\t\t\n<style>\n#text-332648854 {\n  text-align: center;\n}\n<\/style>\n\t<\/div>\n\t\n\t<div id=\"text-4099179576\" class=\"text\">\n\t\t\n<h3>Livrare rapid\u0103<\/h3>\n<p>Livr\u0103m \u00een termen de 3 zile lucr\u0103toare de la plasarea comenzii. Consultantul nostru v\u0103 va contacta pentru a clarifica timpul de livrare.<br \/>\n\t\t\n<style>\n#text-4099179576 {\n  text-align: center;\n}\n<\/style>\n\t<\/div>\n\t\n\t\t<\/div>\n\t<\/div>\n\t\n\t\n\t<div id=\"text-1760925526\" class=\"text\">\n\t\t\n\n\t\t\n<style>\n#text-1760925526 {\n  text-align: center;\n}\n<\/style>\n\t<\/div>\n\t\n\t\t<\/div>\n\t\t\t\t\t<\/div>\n\n\t\n\n\t<div id=\"col-415156405\" class=\"col medium-4 small-12 large-4\"  data-animate=\"bounceIn\">\n\t\t\t\t<div class=\"col-inner text-center\"  >\n\t\t\t\n\t\t\t\n\n\t\t<div class=\"icon-box featured-box icon-box-top text-left\"  >\n\t\t\t\t\t<div class=\"icon-box-img\" style=\"width: 90px\">\n\t\t\t\t<div class=\"icon\">\n\t\t\t\t\t<div class=\"icon-inner\" >\n\t\t\t\t\t\t<img decoding=\"async\" width=\"400\" height=\"400\" src=\"https:\/\/cool-style.md\/wp-content\/uploads\/2024\/05\/free-delivery-400x400.png\" class=\"attachment-medium size-medium\" alt=\"icon free delivery\" srcset=\"https:\/\/cool-style.md\/wp-content\/uploads\/2024\/05\/free-delivery-400x400.png 400w, https:\/\/cool-style.md\/wp-content\/uploads\/2024\/05\/free-delivery-801x800.png 801w, https:\/\/cool-style.md\/wp-content\/uploads\/2024\/05\/free-delivery-280x280.png 280w, https:\/\/cool-style.md\/wp-content\/uploads\/2024\/05\/free-delivery-768x767.png 768w, https:\/\/cool-style.md\/wp-content\/uploads\/2024\/05\/free-delivery-300x300.png 300w, https:\/\/cool-style.md\/wp-content\/uploads\/2024\/05\/free-delivery-510x510.png 510w, https:\/\/cool-style.md\/wp-content\/uploads\/2024\/05\/free-delivery-100x100.png 100w, https:\/\/cool-style.md\/wp-content\/uploads\/2024\/05\/free-delivery.png 1425w\" sizes=\"(max-width: 400px) 100vw, 400px\" \/>\t\t\t\t\t<\/div>\n\t\t\t\t<\/div>\n\t\t\t<\/div>\n\t\t\t\t<div class=\"icon-box-text last-reset\">\n\t\t\t\t\t\t\t\t\t\n\t<div id=\"text-4116957170\" class=\"text\">\n\t\t\n\n\t\t\n<style>\n#text-3846478020 {\n  text-align: center;\n}\n<\/style>\n\t<\/div>\n\t\n\t\t<\/div>\n\t<\/div>\n\t\n\t\n\t<div id=\"text-3503624337\" class=\"text\">\n\t\t\n<h3>Costul livr\u0103rii<\/h3>\n<p>Costul livr\u0103rii pe teritoriul municipiului Chi\u0219in\u0103u este de 40 de lei. Pre\u021bul indicat este valabil pentru livr\u0103rile efectuate \u00een limitele ora\u0219ului \u0219i nu include servicii suplimentare.<br \/>\n\t\t\n<style>\n#text-3503624337 {\n  text-align: center;\n}\n<\/style>\n\t<\/div>\n\t\n\t<div id=\"text-2650228264\" class=\"text\">\n\t\t\n\n\t\t\n<style>\n#text-2650228264 {\n  text-align: center;\n}\n<\/style>\n\t<\/div>\n\t\n\t\t<\/div>\n\t\t\t\t\t<\/div>\n\n\t\n\n\t<div id=\"col-1780446316\" class=\"col medium-4 small-12 large-4\"  data-animate=\"bounceIn\">\n\t\t\t\t<div class=\"col-inner text-center\"  >\n\t\t\t\n\t\t\t\n\n\t\t<div class=\"icon-box featured-box icon-box-top text-left\"  >\n\t\t\t\t\t<div class=\"icon-box-img\" style=\"width: 90px\">\n\t\t\t\t<div class=\"icon\">\n\t\t\t\t\t<div class=\"icon-inner\" >\n\t\t\t\t\t\t<img decoding=\"async\" width=\"400\" height=\"400\" src=\"https:\/\/cool-style.md\/wp-content\/uploads\/2024\/05\/icon-payment-400x400.png\" class=\"attachment-medium size-medium\" alt=\"icon payment\" srcset=\"https:\/\/cool-style.md\/wp-content\/uploads\/2024\/05\/icon-payment-400x400.png 400w, https:\/\/cool-style.md\/wp-content\/uploads\/2024\/05\/icon-payment-801x800.png 801w, https:\/\/cool-style.md\/wp-content\/uploads\/2024\/05\/icon-payment-280x280.png 280w, https:\/\/cool-style.md\/wp-content\/uploads\/2024\/05\/icon-payment-768x767.png 768w, https:\/\/cool-style.md\/wp-content\/uploads\/2024\/05\/icon-payment-300x300.png 300w, https:\/\/cool-style.md\/wp-content\/uploads\/2024\/05\/icon-payment-510x510.png 510w, https:\/\/cool-style.md\/wp-content\/uploads\/2024\/05\/icon-payment-100x100.png 100w, https:\/\/cool-style.md\/wp-content\/uploads\/2024\/05\/icon-payment.png 1425w\" sizes=\"(max-width: 400px) 100vw, 400px\" \/>\t\t\t\t\t<\/div>\n\t\t\t\t<\/div>\n\t\t\t<\/div>\n\t\t\t\t<div class=\"icon-box-text last-reset\">\n\t\t\t\t\t\t\t\t\t\n\t<div id=\"text-1874360738\" class=\"text\">\n\t\t\n\n\t\t\n<style>\n#text-3565704860 {\n  text-align: center;\n}\n<\/style>\n\t<\/div>\n\t\n\t<div id=\"text-3332038689\" class=\"text\">\n\t\t\n<h3>Plat\u0103 convenabil\u0103<\/h3>\n<p>Accept\u0103m plata \u00eentr-un mod convenabil pentru dvs. Pentru a pl\u0103ti prin transfer bancar, contacta\u021bi consultantul nostru.<br \/>\n\t\t\n<style>\n#text-3332038689 {\n  text-align: center;\n}\n<\/style>\n\t<\/div>\n\t\n\t\t<\/div>\n\t<\/div>\n\t\n\t\n\t<div id=\"text-1458350150\" class=\"text\">\n\t\t\n\n\t\t\n<style>\n#text-1458350150 {\n  text-align: center;\n}\n<\/style>\n\t<\/div>\n\t\n\t\t<\/div>\n\t\t\t\t\t<\/div>\n\n\t\n<\/div>\n\t\t<\/div>\n\n\t\t\n<style>\n#section_1375669890 {\n  padding-top: 30px;\n  padding-bottom: 30px;\n}\n<\/style>\n\t<\/section>\n\t\n\n\t<section class=\"section\" id=\"section_450532035\">\n\t\t<div class=\"section-bg fill\" >\n\t\t\t\t\t\t\t\t\t<div class=\"section-bg-overlay absolute fill\"><\/div>\n\t\t\t\n\n\t\t<\/div>\n\n\t\t\t<div class=\"ux-shape-divider ux-shape-divider--top ux-shape-divider--style-waves-opacity-3\">\n\t\t<svg viewBox=\"0 0 1000 300\" xmlns=\"http:\/\/www.w3.org\/2000\/svg\" preserveAspectRatio=\"none\">\n\t<path class=\"ux-shape-fill\" opacity=\"0.05\" d=\"M1014 264V386H206L34 300C34 300 344.42 277.16 436 221C542 156 590 160 704 209C811 255 899.11 214.94 979 346L1014 264Z\"\/>\n\t<path class=\"ux-shape-fill\" opacity=\"0.1\" d=\"M-302 55C-302 55 -66.73 263.25 50 214C178 160 283 116 353 141C445.68 174.1 534.28 256.19 588 249C692.9 235 764.52 75.94 855 131C940.61 183.09 1000 254 1000 254V328L-306 338L-302 55Z\"\/>\n\t<path class=\"ux-shape-fill\" opacity=\"0.15\" d=\"M-286 255C-286 255 -72 152 52 126C176 100 255 155 436 227C581.57 284.91 614.7 277.79 708 227C787 184 1009 3.0001 1093 164C1146 265.63 1031 293 1031 293L924 377L-288 389L-286 255Z\"\/>\n\t<path class=\"ux-shape-fill\" opacity=\"0.3\" d=\"M-24 69C-24 69 275.68 370.66 389 314C397 310 622 316 673 356C690.47 369.7 845 224 890 182C944.8 130.85 1018 92 1078 143C1154.12 207.7 1196 242 1196 242L1184 374L-28 386L-24 69Z\"\/>\n\t<path class=\"ux-shape-fill\" d=\"M-12 201C-12 201 58 284 182 258C306 232 342.29 221.23 456 264C565 305 640.82 288.36 721 249C776 222 837.5 191.31 935 253C984 284 1030 279 1030 279L1024 430L-12 440V201Z\"\/>\n<\/svg>\n\t<\/div>\n\n\n\t\t<div class=\"section-content relative\">\n\t\t\t\n<div class=\"row\"  id=\"row-2010724238\">\n\n\t<div id=\"col-1369166103\" class=\"col small-12 large-12\"  >\n\t\t\t\t<div class=\"col-inner\"  >\n\t\t\t\n\t\t\t\n\t<div id=\"gap-147498715\" class=\"gap-element clearfix\" style=\"display:block; height:auto;\">\n\t\t\n<style>\n#gap-147498715 {\n  padding-top: 80px;\n}\n<\/style>\n\t<\/div>\n\t\n\t<div id=\"text-2799351181\" class=\"text\">\n\t\t\n\n\t\t\n<style>\n#text-687430316 {\n  font-size: 1.5rem;\n  text-align: center;\n}\n<\/style>\n\t<\/div>\n\t\n\t<div id=\"text-2887415840\" class=\"text\">\n\t\t\n<h3><a href=\"https:\/\/cool-style.md\/ro\/contacte\/\">Contacta\u021bi-ne<\/a> pentru orice \u00eentreb\u0103ri<\/h3>\n\t\t\n<style>\n#text-2887415840 {\n  font-size: 1.5rem;\n  text-align: center;\n}\n<\/style>\n\t<\/div>\n\t\n\t<div id=\"text-351072937\" class=\"text\">\n\t\t\n\n\t\t\n<style>\n#text-351072937 {\n  font-size: 1.5rem;\n  text-align: center;\n}\n<\/style>\n\t<\/div>\n\t\n\t\t<\/div>\n\t\t\t\t\t<\/div>\n\n\t\n<\/div>\n\t\t<\/div>\n\n\t\t\n<style>\n#section_450532035 {\n  padding-top: 0px;\n  padding-bottom: 0px;\n  background-color: #418f87;\n}\n#section_450532035 .section-bg-overlay {\n  background-color: rgba(255,255,255,.5);\n}\n#section_450532035 .ux-shape-divider--top svg {\n  height: 150px;\n  --divider-top-width: 100%;\n}\n<\/style>\n\t<\/section>\n\t\n\n\t<section class=\"section dark\" id=\"section_1855561370\">\n\t\t<div class=\"section-bg fill\" >\n\t\t\t\t\t\t\t\t\t<div class=\"section-bg-overlay absolute fill\"><\/div>\n\t\t\t\n\n\t\t<\/div>\n\n\t\t\n\n\t\t<div class=\"section-content relative\">\n\t\t\t\n<div class=\"social-icons follow-icons full-width text-center\" style=\"font-size:130%\"><a href=\"https:\/\/www.facebook.com\/nishmanmd\/\" target=\"_blank\" data-label=\"Facebook\" class=\"icon plain tooltip facebook\" title=\"Follow on Facebook\" aria-label=\"Follow on Facebook\" rel=\"noopener nofollow\"><i class=\"icon-facebook\" aria-hidden=\"true\"><\/i><\/a><a href=\"https:\/\/www.instagram.com\/nishman_md\/\" target=\"_blank\" data-label=\"Instagram\" class=\"icon plain tooltip instagram\" title=\"Follow on Instagram\" aria-label=\"Follow on Instagram\" rel=\"noopener nofollow\"><i class=\"icon-instagram\" aria-hidden=\"true\"><\/i><\/a><a href=\"tel:+37360390727\" data-label=\"Phone\" target=\"_blank\" class=\"icon plain tooltip phone\" title=\"Call us\" aria-label=\"Call us\" rel=\"nofollow noopener\"><i class=\"icon-phone\" aria-hidden=\"true\"><\/i><\/a><\/div>\n\t<div id=\"gap-206392838\" class=\"gap-element clearfix\" style=\"display:block; height:auto;\">\n\t\t\n<style>\n#gap-206392838 {\n  padding-top: 30px;\n}\n<\/style>\n\t<\/div>\n\t\n\t\t<\/div>\n\n\t\t\n<style>\n#section_1855561370 {\n  padding-top: 0px;\n  padding-bottom: 0px;\n  background-color: #418f87;\n}\n#section_1855561370 .section-bg-overlay {\n  background-color: rgba(255,255,255,.5);\n}\n<\/style>\n\t<\/section>","protected":false},"excerpt":{"rendered":"","protected":false},"author":1,"featured_media":0,"parent":0,"menu_order":0,"comment_status":"closed","ping_status":"closed","template":"page-blank.php","meta":{"footnotes":""},"class_list":["post-3380","page","type-page","status-publish","hentry"],"_links":{"self":[{"href":"https:\/\/cool-style.md\/ro\/wp-json\/wp\/v2\/pages\/3380","targetHints":{"allow":["GET"]}}],"collection":[{"href":"https:\/\/cool-style.md\/ro\/wp-json\/wp\/v2\/pages"}],"about":[{"href":"https:\/\/cool-style.md\/ro\/wp-json\/wp\/v2\/types\/page"}],"author":[{"embeddable":true,"href":"https:\/\/cool-style.md\/ro\/wp-json\/wp\/v2\/users\/1"}],"replies":[{"embeddable":true,"href":"https:\/\/cool-style.md\/ro\/wp-json\/wp\/v2\/comments?post=3380"}],"version-history":[{"count":7,"href":"https:\/\/cool-style.md\/ro\/wp-json\/wp\/v2\/pages\/3380\/revisions"}],"predecessor-version":[{"id":7211,"href":"https:\/\/cool-style.md\/ro\/wp-json\/wp\/v2\/pages\/3380\/revisions\/7211"}],"wp:attachment":[{"href":"https:\/\/cool-style.md\/ro\/wp-json\/wp\/v2\/media?parent=3380"}],"curies":[{"name":"wp","href":"https:\/\/api.w.org\/{rel}","templated":true}]}}