{"id":1000,"date":"2021-12-23T14:31:37","date_gmt":"2021-12-23T14:31:37","guid":{"rendered":"https:\/\/cool-style.md\/?post_type=product&#038;p=1000"},"modified":"2025-02-12T07:54:55","modified_gmt":"2025-02-12T07:54:55","slug":"totex-conditioner-yellow","status":"publish","type":"product","link":"https:\/\/cool-style.md\/ro\/product\/totex-conditioner-yellow\/","title":{"rendered":"Balsam professional pentru p\u0103r Totex Conditioner Yellow 5000ml"},"content":{"rendered":"<h2><span style=\"font-size: 75%;\">Balsam professional pentru p\u0103r Totex Conditioner Yellow<\/span><\/h2>\n<ul>\n<li>Ingrediente naturale;<\/li>\n<li>F\u0103r\u0103 silicon \u0219i parabeni;<\/li>\n<li>Cur\u0103\u021b\u0103 \u0219i catifeleaz\u0103 p\u0103rul;<\/li>\n<li>Faciliteaz\u0103 piept\u0103narea;<\/li>\n<li>Furnizat \u00een ambalaj mare.<\/li>\n<\/ul>\n<p><span style=\"font-size: 100%;\"><img decoding=\"async\" class=\" wp-image-1002 alignleft\" src=\"https:\/\/cool-style.md\/wp-content\/uploads\/2021\/12\/Cool-style.md-Totex-Shampoo-Kologne-Balsam-494x400.jpg\" alt=\"\" width=\"338\" height=\"274\" srcset=\"https:\/\/cool-style.md\/wp-content\/uploads\/2021\/12\/Cool-style.md-Totex-Shampoo-Kologne-Balsam-494x400.jpg 494w, https:\/\/cool-style.md\/wp-content\/uploads\/2021\/12\/Cool-style.md-Totex-Shampoo-Kologne-Balsam-510x413.jpg 510w, https:\/\/cool-style.md\/wp-content\/uploads\/2021\/12\/Cool-style.md-Totex-Shampoo-Kologne-Balsam-768x622.jpg 768w, https:\/\/cool-style.md\/wp-content\/uploads\/2021\/12\/Cool-style.md-Totex-Shampoo-Kologne-Balsam.jpg 948w\" sizes=\"(max-width: 338px) 100vw, 338px\" \/><\/span><\/p>\n<p>Balsamul <a href=\"https:\/\/www.totexcosmetic.com\/\" target=\"_blank\" rel=\"noopener\">Totex<\/a> este special conceput pentru stilisti si vine intr-un recipient mare. Datorit\u0103 formulei sale special dezvoltate, cur\u0103\u021b\u0103 \u0219i catifeleaz\u0103 p\u0103rul, l\u0103s\u00e2nd un aspect s\u0103n\u0103tos \u0219i str\u0103lucitor. Produsul u\u0219ureaz\u0103 piept\u0103narea \u0219i este potrivit pentru <a href=\"https:\/\/cool-style.md\/ro\/cosmetice-femei\/ingrijirea-par-femei\/\">toate tipurile de p\u0103r<\/a>.<\/p>\n<p><strong>Volum:<\/strong> 5000 ml<\/p>\n<p><strong>Mod de utilizare:<\/strong> Aplicati pe parul curat si umed dupa samponare cu miscari usoare de masaj. Cl\u0103ti\u021bi cu ap\u0103 cald\u0103 dup\u0103 c\u00e2teva minute.<\/p>\n<p><span style=\"font-size: 100%;\"><strong>Aten\u021bie:<\/strong> numai pentru uz extern. \u00cen caz de contact cu ochii, cl\u0103ti\u021bi cu mult\u0103 ap\u0103. A nu se lasa la indemana copiilor.<\/span><\/p>","protected":false},"excerpt":{"rendered":"<p><span style=\"font-size: 100%;\">Totex Conditioner Yellow cur\u0103\u021b\u0103 \u0219i catifeleaz\u0103 p\u0103rul pentru un aspect s\u0103n\u0103tos \u0219i radiant.<\/span><span style=\"font-size: 100%;\"><\/span><\/p>\n","protected":false},"featured_media":1001,"template":"","meta":[],"product_brand":[],"product_cat":[36],"product_tag":[],"class_list":{"0":"post-1000","1":"product","2":"type-product","3":"status-publish","4":"has-post-thumbnail","6":"product_cat-ingrijirea-par-femei","7":"pa_brand-totex","8":"pa_felul-produsului-tip-balsam","9":"pa_producator-turcia","10":"pa_volum-5000ml","12":"first","13":"instock","14":"shipping-taxable","15":"purchasable","16":"product-type-simple"},"_links":{"self":[{"href":"https:\/\/cool-style.md\/ro\/wp-json\/wp\/v2\/product\/1000","targetHints":{"allow":["GET"]}}],"collection":[{"href":"https:\/\/cool-style.md\/ro\/wp-json\/wp\/v2\/product"}],"about":[{"href":"https:\/\/cool-style.md\/ro\/wp-json\/wp\/v2\/types\/product"}],"wp:featuredmedia":[{"embeddable":true,"href":"https:\/\/cool-style.md\/ro\/wp-json\/wp\/v2\/media\/1001"}],"wp:attachment":[{"href":"https:\/\/cool-style.md\/ro\/wp-json\/wp\/v2\/media?parent=1000"}],"wp:term":[{"taxonomy":"product_brand","embeddable":true,"href":"https:\/\/cool-style.md\/ro\/wp-json\/wp\/v2\/product_brand?post=1000"},{"taxonomy":"product_cat","embeddable":true,"href":"https:\/\/cool-style.md\/ro\/wp-json\/wp\/v2\/product_cat?post=1000"},{"taxonomy":"product_tag","embeddable":true,"href":"https:\/\/cool-style.md\/ro\/wp-json\/wp\/v2\/product_tag?post=1000"}],"curies":[{"name":"wp","href":"https:\/\/api.w.org\/{rel}","templated":true}]}}