{"id":1026,"date":"2021-12-23T18:51:42","date_gmt":"2021-12-23T18:51:42","guid":{"rendered":"https:\/\/cool-style.md\/?post_type=product&#038;p=1026"},"modified":"2025-06-04T07:06:15","modified_gmt":"2025-06-04T07:06:15","slug":"totex-shampoo-honey","status":"publish","type":"product","link":"https:\/\/cool-style.md\/ro\/product\/totex-shampoo-honey\/","title":{"rendered":"\u0218ampon pentru p\u0103r Totex Shampoo Honey 750ml"},"content":{"rendered":"<h2><span style=\"font-size: 75%;\">\u0218ampon professional pentru p\u0103r Totex Shampoo Honey<\/span><\/h2>\n<ul>\n<li>Ingrediente naturale;<\/li>\n<li>Cur\u0103\u021b\u0103 \u0219i catifeleaz\u0103 p\u0103rul;<\/li>\n<li>Ofer\u0103 o str\u0103lucire s\u0103n\u0103toas\u0103;<\/li>\n<li>Repara p\u0103rul deteriorat;<\/li>\n<li>\u00cembun\u0103t\u0103\u021be\u0219te p\u0103rul r\u0103rit.<\/li>\n<\/ul>\n<p><span style=\"font-size: 100%;\"><img decoding=\"async\" class=\" wp-image-1014 aligncenter\" src=\"https:\/\/cool-style.md\/wp-content\/uploads\/2021\/12\/Cool-style.md-Totex-shampoo-800x400.jpg\" alt=\"Cool-style.md Totex shampoo\" width=\"638\" height=\"319\" srcset=\"https:\/\/cool-style.md\/wp-content\/uploads\/2021\/12\/Cool-style.md-Totex-shampoo-800x400.jpg 800w, https:\/\/cool-style.md\/wp-content\/uploads\/2021\/12\/Cool-style.md-Totex-shampoo-510x255.jpg 510w, https:\/\/cool-style.md\/wp-content\/uploads\/2021\/12\/Cool-style.md-Totex-shampoo-1400x700.jpg 1400w, https:\/\/cool-style.md\/wp-content\/uploads\/2021\/12\/Cool-style.md-Totex-shampoo-768x384.jpg 768w, https:\/\/cool-style.md\/wp-content\/uploads\/2021\/12\/Cool-style.md-Totex-shampoo.jpg 1500w\" sizes=\"(max-width: 638px) 100vw, 638px\" \/><\/span>\u0218ampon <a href=\"https:\/\/www.totexcosmetic.com\/\" target=\"_blank\" rel=\"noopener\">Totex<\/a> confer\u0103 p\u0103rului o stralucire m\u0103t\u0103soas\u0103 \u0219i vitalitate. Ajut\u0103 p\u0103rul s\u0103 r\u0103m\u00e2n\u0103 moale \u0219i proasp\u0103t. Hr\u0103ne\u0219te p\u0103rul r\u0103rit \u0219i ofer\u0103 o cur\u0103\u021bare profund\u0103. Produsul este potrivit pentru <a href=\"https:\/\/cool-style.md\/ro\/cosmetice-femei\/ingrijirea-par-femei\/\">toate tipurile de p\u0103r<\/a>.<\/p>\n<p><strong>Volum:<\/strong> 750 ml<\/p>\n<p><strong>Mod de utilizare:<\/strong> Aplica\u021bi cantitatea necesar\u0103 de \u0219ampon pe p\u0103rul umed. Maseaz\u0103-\u021bi p\u0103rul p\u00e2n\u0103 se formeaz\u0103 o spum\u0103 groas\u0103, apoi cl\u0103te\u0219te-te cu ap\u0103 cald\u0103. Repeta\u021bi procesul dup\u0103 cum este necesar.<\/p>\n<p><span style=\"font-size: 100%;\"><strong>Aten\u021bie:<\/strong> numai pentru uz extern. \u00cen caz de contact cu ochii, cl\u0103ti\u021bi cu mult\u0103 ap\u0103. A nu se lasa la indemana copiilor.<\/span><\/p>","protected":false},"excerpt":{"rendered":"<p><span style=\"font-size: 100%;\">Totex Shampoo Honey cur\u0103\u021b\u0103 \u0219i catifeleaz\u0103 p\u0103rul, d\u0103 o str\u0103lucire m\u0103t\u0103soas\u0103.<\/span><span style=\"font-size: 100%;\"><\/span><\/p>\n","protected":false},"featured_media":1027,"template":"","meta":[],"product_brand":[],"product_cat":[36],"product_tag":[],"class_list":{"0":"post-1026","1":"product","2":"type-product","3":"status-publish","4":"has-post-thumbnail","6":"product_cat-ingrijirea-par-femei","7":"pa_brand-totex","8":"pa_felul-produsului-tip-sampon","9":"pa_producator-turcia","10":"pa_volum-750ml","12":"first","13":"instock","14":"featured","15":"shipping-taxable","16":"purchasable","17":"product-type-simple"},"_links":{"self":[{"href":"https:\/\/cool-style.md\/ro\/wp-json\/wp\/v2\/product\/1026","targetHints":{"allow":["GET"]}}],"collection":[{"href":"https:\/\/cool-style.md\/ro\/wp-json\/wp\/v2\/product"}],"about":[{"href":"https:\/\/cool-style.md\/ro\/wp-json\/wp\/v2\/types\/product"}],"wp:featuredmedia":[{"embeddable":true,"href":"https:\/\/cool-style.md\/ro\/wp-json\/wp\/v2\/media\/1027"}],"wp:attachment":[{"href":"https:\/\/cool-style.md\/ro\/wp-json\/wp\/v2\/media?parent=1026"}],"wp:term":[{"taxonomy":"product_brand","embeddable":true,"href":"https:\/\/cool-style.md\/ro\/wp-json\/wp\/v2\/product_brand?post=1026"},{"taxonomy":"product_cat","embeddable":true,"href":"https:\/\/cool-style.md\/ro\/wp-json\/wp\/v2\/product_cat?post=1026"},{"taxonomy":"product_tag","embeddable":true,"href":"https:\/\/cool-style.md\/ro\/wp-json\/wp\/v2\/product_tag?post=1026"}],"curies":[{"name":"wp","href":"https:\/\/api.w.org\/{rel}","templated":true}]}}