{"id":1032,"date":"2021-12-23T19:07:47","date_gmt":"2021-12-23T19:07:47","guid":{"rendered":"https:\/\/cool-style.md\/?post_type=product&#038;p=1032"},"modified":"2025-06-04T07:05:28","modified_gmt":"2025-06-04T07:05:28","slug":"totex-shampoo-olive-oil","status":"publish","type":"product","link":"https:\/\/cool-style.md\/ro\/product\/totex-shampoo-olive-oil\/","title":{"rendered":"\u0218ampon pentru p\u0103r Totex Shampoo Olive Oil 750ml"},"content":{"rendered":"<h2><span style=\"font-size: 75%;\">\u0218ampon professional pentru p\u0103r Totex Shampoo Olive Oil<\/span><\/h2>\n<ul>\n<li>Ingrediente naturale;<\/li>\n<li>Cur\u0103\u021b\u0103 \u0219i catifeleaz\u0103 p\u0103rul;<\/li>\n<li>\u00cent\u0103re\u0219te foliculii de p\u0103r;<\/li>\n<li>Reface volumul;<\/li>\n<li>Hidrateaz\u0103 p\u0103rul uscat.<\/li>\n<\/ul>\n<p><span style=\"font-size: 100%;\"><img decoding=\"async\" class=\" wp-image-1014 aligncenter\" src=\"https:\/\/cool-style.md\/wp-content\/uploads\/2021\/12\/Cool-style.md-Totex-shampoo-800x400.jpg\" alt=\"Cool-style.md Totex shampoo\" width=\"638\" height=\"319\" srcset=\"https:\/\/cool-style.md\/wp-content\/uploads\/2021\/12\/Cool-style.md-Totex-shampoo-800x400.jpg 800w, https:\/\/cool-style.md\/wp-content\/uploads\/2021\/12\/Cool-style.md-Totex-shampoo-510x255.jpg 510w, https:\/\/cool-style.md\/wp-content\/uploads\/2021\/12\/Cool-style.md-Totex-shampoo-1400x700.jpg 1400w, https:\/\/cool-style.md\/wp-content\/uploads\/2021\/12\/Cool-style.md-Totex-shampoo-768x384.jpg 768w, https:\/\/cool-style.md\/wp-content\/uploads\/2021\/12\/Cool-style.md-Totex-shampoo.jpg 1500w\" sizes=\"(max-width: 638px) 100vw, 638px\" \/><\/span>\u0218ampon <a href=\"https:\/\/www.totexcosmetic.com\/\" target=\"_blank\" rel=\"noopener\">Totex<\/a> Olive Oil este o formul\u0103 \u00eembog\u0103\u021bit\u0103 cu esen\u021b\u0103 de ulei de m\u0103sline care ajut\u0103 la repararea \u0219i \u00eentre\u021binerea p\u0103rului. Hidrateaz\u0103 p\u0103rul uscat, re\u021bine uleiul natural din p\u0103r. Hr\u0103ne\u0219te \u0219i \u00eent\u0103re\u0219te foliculii de p\u0103r. Produsul este potrivit pentru <a href=\"https:\/\/cool-style.md\/ro\/cosmetice-femei\/ingrijirea-par-femei\/\">toate tipurile de p\u0103r<\/a>.<\/p>\n<p><strong>Volum:<\/strong> 750 ml<\/p>\n<p><strong>Mod de utilizare:<\/strong> Aplica\u021bi cantitatea necesar\u0103 de \u0219ampon pe p\u0103rul umed. Maseaz\u0103-\u021bi p\u0103rul p\u00e2n\u0103 se formeaz\u0103 o spum\u0103 groas\u0103, apoi cl\u0103te\u0219te-te cu ap\u0103 cald\u0103. Repeta\u021bi procesul dup\u0103 cum este necesar.<\/p>\n<p><span style=\"font-size: 100%;\"><strong>Aten\u021bie:<\/strong> numai pentru uz extern. \u00cen caz de contact cu ochii, cl\u0103ti\u021bi cu mult\u0103 ap\u0103. A nu se lasa la indemana copiilor.<\/span><\/p>","protected":false},"excerpt":{"rendered":"<p><span style=\"font-size: 100%;\">Totex Shampoo Olive Oil cur\u0103\u021b\u0103 \u0219i catifeleaz\u0103 p\u0103rul, \u0443\u043a\u0440\u0435\u043f\u043b\u044f\u0435\u0442 \u0432\u043e\u043b\u043e\u0441\u044f\u043d\u044b\u0435 \u043b\u0443\u043a\u043e\u0432\u0438\u0446\u044b.<\/span><span style=\"font-size: 100%;\"><\/span><\/p>\n","protected":false},"featured_media":1033,"template":"","meta":[],"product_brand":[],"product_cat":[36],"product_tag":[],"class_list":{"0":"post-1032","1":"product","2":"type-product","3":"status-publish","4":"has-post-thumbnail","6":"product_cat-ingrijirea-par-femei","7":"pa_brand-totex","8":"pa_felul-produsului-tip-sampon","9":"pa_producator-turcia","10":"pa_volum-750ml","12":"first","13":"instock","14":"featured","15":"shipping-taxable","16":"purchasable","17":"product-type-simple"},"_links":{"self":[{"href":"https:\/\/cool-style.md\/ro\/wp-json\/wp\/v2\/product\/1032","targetHints":{"allow":["GET"]}}],"collection":[{"href":"https:\/\/cool-style.md\/ro\/wp-json\/wp\/v2\/product"}],"about":[{"href":"https:\/\/cool-style.md\/ro\/wp-json\/wp\/v2\/types\/product"}],"wp:featuredmedia":[{"embeddable":true,"href":"https:\/\/cool-style.md\/ro\/wp-json\/wp\/v2\/media\/1033"}],"wp:attachment":[{"href":"https:\/\/cool-style.md\/ro\/wp-json\/wp\/v2\/media?parent=1032"}],"wp:term":[{"taxonomy":"product_brand","embeddable":true,"href":"https:\/\/cool-style.md\/ro\/wp-json\/wp\/v2\/product_brand?post=1032"},{"taxonomy":"product_cat","embeddable":true,"href":"https:\/\/cool-style.md\/ro\/wp-json\/wp\/v2\/product_cat?post=1032"},{"taxonomy":"product_tag","embeddable":true,"href":"https:\/\/cool-style.md\/ro\/wp-json\/wp\/v2\/product_tag?post=1032"}],"curies":[{"name":"wp","href":"https:\/\/api.w.org\/{rel}","templated":true}]}}