{"id":1050,"date":"2021-12-23T19:44:15","date_gmt":"2021-12-23T19:44:15","guid":{"rendered":"https:\/\/cool-style.md\/?post_type=product&#038;p=1050"},"modified":"2025-06-05T19:15:03","modified_gmt":"2025-06-05T19:15:03","slug":"totex-oxidant-cream-3-1000ml","status":"publish","type":"product","link":"https:\/\/cool-style.md\/ro\/product\/totex-oxidant-cream-3-1000ml\/","title":{"rendered":"Oxidant pentru vopsea Totex Oxidant Cream 3% 1000ml"},"content":{"rendered":"<h2><span style=\"font-size: 75%;\">Oxidant pentru vopsea Totex Oxidant Cream 3% <\/span><\/h2>\n<p><img decoding=\"async\" class=\" wp-image-1044 aligncenter\" src=\"https:\/\/cool-style.md\/wp-content\/uploads\/2021\/12\/Cool-style.md-Totex-Oxidant-Cream-1000ml-800x400.jpg\" alt=\"Cool-style.md Totex Oxidant Cream 1000ml\" width=\"500\" height=\"250\" srcset=\"https:\/\/cool-style.md\/wp-content\/uploads\/2021\/12\/Cool-style.md-Totex-Oxidant-Cream-1000ml-800x400.jpg 800w, https:\/\/cool-style.md\/wp-content\/uploads\/2021\/12\/Cool-style.md-Totex-Oxidant-Cream-1000ml-510x255.jpg 510w, https:\/\/cool-style.md\/wp-content\/uploads\/2021\/12\/Cool-style.md-Totex-Oxidant-Cream-1000ml-1400x700.jpg 1400w, https:\/\/cool-style.md\/wp-content\/uploads\/2021\/12\/Cool-style.md-Totex-Oxidant-Cream-1000ml-768x384.jpg 768w, https:\/\/cool-style.md\/wp-content\/uploads\/2021\/12\/Cool-style.md-Totex-Oxidant-Cream-1000ml.jpg 1500w\" sizes=\"(max-width: 500px) 100vw, 500px\" \/><\/p>\n<p><a href=\"https:\/\/cool-style.md\/ro\/cosmetice-femei\/vopsele-par\/\">Oxidant pentru vopsea<\/a> <a href=\"https:\/\/www.totexcosmetic.com\/\" target=\"_blank\" rel=\"noopener\">Totex<\/a> este un produs profesional care te va ajuta s\u0103 ob\u021bii culoarea dorit\u0103 a p\u0103rului f\u0103r\u0103 a deteriora. Este important de re\u021binut c\u0103 unul dintre cei mai importan\u021bi pa\u0219i \u00een vopsirea p\u0103rului este alegerea oxidantului potrivit. Alegerea gre\u0219it\u0103 a oxidan\u021bilor \u0219i amestecarea acestora cu vopsea poate duce la consecin\u021be nedorite. Din acest motiv, oxidantul trebuie ales la fel de atent ca \u0219i vopseaua. Se recomand\u0103 utilizarea oxidantului de aceea\u0219i marc\u0103. Conceput pentru a \u00eembun\u0103t\u0103\u021bi miscibilitatea, acest oxidant superior neteze\u0219te aplicarea \u0219i \u00eembun\u0103t\u0103\u021be\u0219te textura pentru rezultate impecabile \u00een toate nuan\u021bele de lung\u0103 durat\u0103.<\/p>\n<ul>\n<li>3% este recomandat pentru p\u0103rul slab, sub\u021bire \u0219i sub\u021bire;<\/li>\n<li>6% se folose\u0219te la colorarea cu 1-2 tonuri mai \u00eenchise sau mai deschise;<\/li>\n<li>9% este de preferat pentru luminarea 2-3 tonuri;<\/li>\n<li>12% atunci c\u00e2nd utiliza\u021bi tehnici profesionale de colorare.<\/li>\n<\/ul>\n<p><strong>Volum:<\/strong> 1000 ml<\/p>\n<p>&nbsp;<\/p>","protected":false},"excerpt":{"rendered":"<p><span style=\"font-size: 100%;\">Totex Oxidant Cream 3%<\/span><span style=\"font-size: 100%;\">\u00a0<\/span><span style=\"font-size: 100%;\">proiectat pentru a \u00eembun\u0103t\u0103\u021bi miscibilitatea, garanteaz\u0103 aplicarea mai lin\u0103 \u0219i rezultate impecabile.<\/span><span style=\"font-size: 100%;\"><\/span><\/p>\n","protected":false},"featured_media":1051,"template":"","meta":[],"product_brand":[],"product_cat":[130],"product_tag":[],"class_list":{"0":"post-1050","1":"product","2":"type-product","3":"status-publish","4":"has-post-thumbnail","6":"product_cat-oxidanti","7":"pa_brand-totex","8":"pa_felul-produsului-tip-oxidant","9":"pa_producator-turcia","10":"pa_volum-1000ml","12":"first","13":"instock","14":"shipping-taxable","15":"purchasable","16":"product-type-simple"},"_links":{"self":[{"href":"https:\/\/cool-style.md\/ro\/wp-json\/wp\/v2\/product\/1050","targetHints":{"allow":["GET"]}}],"collection":[{"href":"https:\/\/cool-style.md\/ro\/wp-json\/wp\/v2\/product"}],"about":[{"href":"https:\/\/cool-style.md\/ro\/wp-json\/wp\/v2\/types\/product"}],"wp:featuredmedia":[{"embeddable":true,"href":"https:\/\/cool-style.md\/ro\/wp-json\/wp\/v2\/media\/1051"}],"wp:attachment":[{"href":"https:\/\/cool-style.md\/ro\/wp-json\/wp\/v2\/media?parent=1050"}],"wp:term":[{"taxonomy":"product_brand","embeddable":true,"href":"https:\/\/cool-style.md\/ro\/wp-json\/wp\/v2\/product_brand?post=1050"},{"taxonomy":"product_cat","embeddable":true,"href":"https:\/\/cool-style.md\/ro\/wp-json\/wp\/v2\/product_cat?post=1050"},{"taxonomy":"product_tag","embeddable":true,"href":"https:\/\/cool-style.md\/ro\/wp-json\/wp\/v2\/product_tag?post=1050"}],"curies":[{"name":"wp","href":"https:\/\/api.w.org\/{rel}","templated":true}]}}