{"id":1056,"date":"2021-12-24T18:04:37","date_gmt":"2021-12-24T18:04:37","guid":{"rendered":"https:\/\/cool-style.md\/?post_type=product&#038;p=1056"},"modified":"2024-12-05T20:15:15","modified_gmt":"2024-12-05T20:15:15","slug":"nishman-hair-styling-cream-wax-6-150ml","status":"publish","type":"product","link":"https:\/\/cool-style.md\/ro\/product\/nishman-hair-styling-cream-wax-6-150ml\/","title":{"rendered":"Crem\u0103-cear\u0103 pentru p\u0103r Nishman Hair Styling Cream Wax 6 150ml"},"content":{"rendered":"<h2><span style=\"font-size: 75%;\">Crem\u0103-cear\u0103 pentru p\u0103r Nishman Hair Styling Cream Wax 6 150ml<\/span><\/h2>\n<ul>\n<li>Coafare usoara si rapida;<\/li>\n<li>Potrivit pentru p\u0103r de orice lungime;<\/li>\n<li>Fixare tare;<\/li>\n<li>Ofer\u0103 un aspect natural;<\/li>\n<li>Nu \u00eengreuneaz\u0103 p\u0103rul;<\/li>\n<li>Se spal\u0103 la \u0219amponare.<\/li>\n<\/ul>\n<p><img decoding=\"async\" class=\"size-medium wp-image-1054 alignleft\" src=\"https:\/\/cool-style.md\/wp-content\/uploads\/2021\/12\/Cool-style.md-Nishman-Hair-Styling-Cream-Wax-296x400.jpg\" alt=\"Cool-style.md Nishman Hair Styling Cream Wax\" width=\"296\" height=\"400\" srcset=\"https:\/\/cool-style.md\/wp-content\/uploads\/2021\/12\/Cool-style.md-Nishman-Hair-Styling-Cream-Wax-296x400.jpg 296w, https:\/\/cool-style.md\/wp-content\/uploads\/2021\/12\/Cool-style.md-Nishman-Hair-Styling-Cream-Wax-510x689.jpg 510w, https:\/\/cool-style.md\/wp-content\/uploads\/2021\/12\/Cool-style.md-Nishman-Hair-Styling-Cream-Wax-593x800.jpg 593w, https:\/\/cool-style.md\/wp-content\/uploads\/2021\/12\/Cool-style.md-Nishman-Hair-Styling-Cream-Wax-768x1037.jpg 768w, https:\/\/cool-style.md\/wp-content\/uploads\/2021\/12\/Cool-style.md-Nishman-Hair-Styling-Cream-Wax-1138x1536.jpg 1138w, https:\/\/cool-style.md\/wp-content\/uploads\/2021\/12\/Cool-style.md-Nishman-Hair-Styling-Cream-Wax.jpg 1422w\" sizes=\"(max-width: 296px) 100vw, 296px\" \/>Cear\u0103 <a href=\"https:\/\/nishman.com.tr\/\" target=\"_blank\" rel=\"noopener\">Nishman<\/a> ajut\u0103 la modelarea p\u0103rului. Ofer\u0103 un aspect mat \u0219i o fixare puternic\u0103 care dureaz\u0103 toat\u0103 ziua. \u00cendreapt\u0103 p\u0103rul \u0219i \u00eempiedic\u0103 schimbarea formei acestuia. Nu lipe\u0219te p\u0103rul, ofer\u0103 o piept\u0103nare u\u0219oar\u0103. Potrivit <a href=\"https:\/\/cool-style.md\/ro\/product-category\/cosmetice-barbati\/coafarea-barbati\/\">pentru toate tipurile de p\u0103r<\/a>.<\/p>\n<p><strong>Fixare:<\/strong> tare<\/p>\n<p><strong>Volum:<\/strong> 150 ml<\/p>\n<p><strong>Mod de utilizare:<\/strong> Freca\u021bi o cantitate mic\u0103 de cear\u0103 \u00eentre palme. Aplica\u021bi uniform pe p\u0103rul curat \u0219i umed \u0219i crea\u021bi forma dorit\u0103.<\/p>\n<p><strong>Aten\u021bie:<\/strong> numai pentru uz extern. \u00cen caz de contact cu ochii, cl\u0103ti\u021bi cu mult\u0103 ap\u0103. A nu se lasa la indemana copiilor.<\/p>","protected":false},"excerpt":{"rendered":"<p><span style=\"font-size: 100%;\">Nishman Hair Styling Cream Wax 6 v\u0103 va ajuta s\u0103 modela\u021bi cu u\u0219urin\u021b\u0103 orice coafur\u0103, va oferi p\u0103rului un aspect natural mat.<\/span><span style=\"font-size: 100%;\"><\/span><\/p>\n","protected":false},"featured_media":1057,"template":"","meta":[],"product_brand":[],"product_cat":[30],"product_tag":[],"class_list":{"0":"post-1056","1":"product","2":"type-product","3":"status-publish","4":"has-post-thumbnail","6":"product_cat-coafarea-barbati","7":"pa_brand-nishman","8":"pa_felul-produsului-tip-ceara","9":"pa_fixare-puternica","10":"pa_producator-turcia","11":"pa_volum-150ml","13":"first","14":"instock","15":"featured","16":"shipping-taxable","17":"purchasable","18":"product-type-simple"},"_links":{"self":[{"href":"https:\/\/cool-style.md\/ro\/wp-json\/wp\/v2\/product\/1056","targetHints":{"allow":["GET"]}}],"collection":[{"href":"https:\/\/cool-style.md\/ro\/wp-json\/wp\/v2\/product"}],"about":[{"href":"https:\/\/cool-style.md\/ro\/wp-json\/wp\/v2\/types\/product"}],"wp:featuredmedia":[{"embeddable":true,"href":"https:\/\/cool-style.md\/ro\/wp-json\/wp\/v2\/media\/1057"}],"wp:attachment":[{"href":"https:\/\/cool-style.md\/ro\/wp-json\/wp\/v2\/media?parent=1056"}],"wp:term":[{"taxonomy":"product_brand","embeddable":true,"href":"https:\/\/cool-style.md\/ro\/wp-json\/wp\/v2\/product_brand?post=1056"},{"taxonomy":"product_cat","embeddable":true,"href":"https:\/\/cool-style.md\/ro\/wp-json\/wp\/v2\/product_cat?post=1056"},{"taxonomy":"product_tag","embeddable":true,"href":"https:\/\/cool-style.md\/ro\/wp-json\/wp\/v2\/product_tag?post=1056"}],"curies":[{"name":"wp","href":"https:\/\/api.w.org\/{rel}","templated":true}]}}