{"id":1070,"date":"2021-12-24T19:48:23","date_gmt":"2021-12-24T19:48:23","guid":{"rendered":"https:\/\/cool-style.md\/?post_type=product&#038;p=1070"},"modified":"2025-05-29T16:31:08","modified_gmt":"2025-05-29T16:31:08","slug":"nishman-pro-hair-shampoo-5000ml","status":"publish","type":"product","link":"https:\/\/cool-style.md\/ro\/product\/nishman-pro-hair-shampoo-5000ml\/","title":{"rendered":"\u0218ampon professional pentru p\u0103r Nishman Pro-Hair Shampoo 5000ml"},"content":{"rendered":"<h2><span style=\"font-size: 75%;\">\u0218ampon professional pentru p\u0103r Nishman Pro-Hair Shampoo 5000ml<\/span><\/h2>\n<ul>\n<li>Ingrediente naturale;<\/li>\n<li>F\u0103r\u0103 sare \u0219i parabeni;<\/li>\n<li>Cur\u0103\u021b\u0103 \u0219i catifeleaz\u0103 p\u0103rul;<\/li>\n<li>Ofer\u0103 o str\u0103lucire s\u0103n\u0103toas\u0103;<\/li>\n<li>Furnizat \u00een ambalaj mare.<\/li>\n<\/ul>\n<p><strong><span style=\"font-size: 100%;\"><img decoding=\"async\" class=\" wp-image-1071 alignleft\" src=\"https:\/\/cool-style.md\/wp-content\/uploads\/2021\/12\/Cool-style.md-Nishman-Professional-Shampoo-and-Conditioner-5000ml.jpg\" alt=\"Cool-style.md Nishman Professional Shampoo and Conditioner 5000ml\" width=\"367\" height=\"277\" \/><\/span><\/strong>\u0218amponul <span style=\"font-size: 100%;\"><a href=\"https:\/\/nishman.com.tr\/\" target=\"_blank\" rel=\"noopener\">Nishman<\/a><\/span>\u00a0este special conceput pentru stilisti si vine intr-un recipient mare. Con\u021bine extracte naturale de plante, las\u0103 p\u0103rul gros \u0219i moale, red\u00e2ndu-i str\u0103lucirea natural\u0103 \u0219i aspectul s\u0103n\u0103tos. F\u0103r\u0103 sare \u0219i parabeni. Produsul este potrivit <a href=\"https:\/\/cool-style.md\/ro\/cosmetice-barbati\/ingrijirea-par-barbati\/\">toate tipurile de p\u0103r<\/a>, precum \u0219i pentru uz zilnic.<\/p>\n<p><strong>Volum:<\/strong> 5000 ml<\/p>\n<p><strong>Mod de utilizare:<\/strong> Aplica\u021bi cantitatea necesar\u0103 de \u0219ampon pe p\u0103rul umed. Maseaz\u0103-\u021bi p\u0103rul p\u00e2n\u0103 se formeaz\u0103 o spum\u0103 groas\u0103, apoi cl\u0103te\u0219te-te cu ap\u0103 cald\u0103. Repeta\u021bi procesul dup\u0103 cum este necesar.<\/p>\n<p><span style=\"font-size: 100%;\"><strong>Aten\u021bie:<\/strong> numai pentru uz extern. \u00cen caz de contact cu ochii, cl\u0103ti\u021bi cu mult\u0103 ap\u0103. A nu se lasa la indemana copiilor.<\/span><\/p>","protected":false},"excerpt":{"rendered":"<p><span style=\"font-size: 100%;\">Nishman Pro-Hair Shampoo cur\u0103\u021b\u0103 \u0219i catifeleaz\u0103 p\u0103rul pentru un aspect s\u0103n\u0103tos \u0219i radiant.<\/span><span style=\"font-size: 100%;\"><\/span><\/p>\n","protected":false},"featured_media":1079,"template":"","meta":[],"product_brand":[],"product_cat":[31],"product_tag":[],"class_list":{"0":"post-1070","1":"product","2":"type-product","3":"status-publish","4":"has-post-thumbnail","6":"product_cat-ingrijirea-par-barbati","7":"pa_brand-nishman","8":"pa_felul-produsului-tip-sampon","9":"pa_producator-turcia","10":"pa_volum-5000ml","12":"first","13":"instock","14":"shipping-taxable","15":"purchasable","16":"product-type-simple"},"_links":{"self":[{"href":"https:\/\/cool-style.md\/ro\/wp-json\/wp\/v2\/product\/1070","targetHints":{"allow":["GET"]}}],"collection":[{"href":"https:\/\/cool-style.md\/ro\/wp-json\/wp\/v2\/product"}],"about":[{"href":"https:\/\/cool-style.md\/ro\/wp-json\/wp\/v2\/types\/product"}],"wp:featuredmedia":[{"embeddable":true,"href":"https:\/\/cool-style.md\/ro\/wp-json\/wp\/v2\/media\/1079"}],"wp:attachment":[{"href":"https:\/\/cool-style.md\/ro\/wp-json\/wp\/v2\/media?parent=1070"}],"wp:term":[{"taxonomy":"product_brand","embeddable":true,"href":"https:\/\/cool-style.md\/ro\/wp-json\/wp\/v2\/product_brand?post=1070"},{"taxonomy":"product_cat","embeddable":true,"href":"https:\/\/cool-style.md\/ro\/wp-json\/wp\/v2\/product_cat?post=1070"},{"taxonomy":"product_tag","embeddable":true,"href":"https:\/\/cool-style.md\/ro\/wp-json\/wp\/v2\/product_tag?post=1070"}],"curies":[{"name":"wp","href":"https:\/\/api.w.org\/{rel}","templated":true}]}}