{"id":1093,"date":"2021-12-24T21:23:08","date_gmt":"2021-12-24T21:23:08","guid":{"rendered":"https:\/\/cool-style.md\/?post_type=product&#038;p=1093"},"modified":"2024-12-05T09:44:40","modified_gmt":"2024-12-05T09:44:40","slug":"maxx-deluxe-silver-shampoo","status":"publish","type":"product","link":"https:\/\/cool-style.md\/ro\/product\/maxx-deluxe-silver-shampoo\/","title":{"rendered":"\u0218ampon pentru p\u0103r \u00eempotriva pigmentului galben MAXX DELUXE Silver Shampoo 500ml"},"content":{"rendered":"<h2><span style=\"font-size: 75%;\">\u0218ampon pentru p\u0103r \u00eempotriva pigmentului galben MAXX DELUXE Silver Shampoo<\/span><\/h2>\n<ul>\n<li>Ingrediente naturale;<\/li>\n<li>Cur\u0103\u021b\u0103 \u0219i catifeleaz\u0103 p\u0103rul;<\/li>\n<li>Neutralizeaz\u0103 tonurile galbene;<\/li>\n<li>Men\u021bine luminozitatea culorii;<\/li>\n<li>Ofer\u0103 o str\u0103lucire s\u0103n\u0103toas\u0103.<\/li>\n<\/ul>\n<p><span style=\"font-size: 100%;\"><img decoding=\"async\" class=\" wp-image-1092 alignleft\" src=\"https:\/\/cool-style.md\/wp-content\/uploads\/2021\/12\/Cool-style.md-MAXX-DELUXE-Silver-Shampoo-370x400.jpg\" alt=\"Cool-style.md MAXX DELUXE Silver Shampoo\" width=\"317\" height=\"343\" srcset=\"https:\/\/cool-style.md\/wp-content\/uploads\/2021\/12\/Cool-style.md-MAXX-DELUXE-Silver-Shampoo-370x400.jpg 370w, https:\/\/cool-style.md\/wp-content\/uploads\/2021\/12\/Cool-style.md-MAXX-DELUXE-Silver-Shampoo-510x552.jpg 510w, https:\/\/cool-style.md\/wp-content\/uploads\/2021\/12\/Cool-style.md-MAXX-DELUXE-Silver-Shampoo-739x800.jpg 739w, https:\/\/cool-style.md\/wp-content\/uploads\/2021\/12\/Cool-style.md-MAXX-DELUXE-Silver-Shampoo-768x831.jpg 768w, https:\/\/cool-style.md\/wp-content\/uploads\/2021\/12\/Cool-style.md-MAXX-DELUXE-Silver-Shampoo.jpg 945w\" sizes=\"(max-width: 317px) 100vw, 317px\" \/><\/span>\u0218amponul Maxx Deluxe pentru par deschis \u0219i gri. Datorit\u0103 structurii sale, contribuie la un aspect impecabil, subliniind str\u0103lucirea argintie a p\u0103rului nevopsit \u0219i decolorat.<\/p>\n<p>Culorile de p\u0103r de culoare deschis\u0103 pot s\u0103 nu produc\u0103 rezultatele a\u0219teptate dup\u0103 aplicare. Recolorarea p\u0103rului pentru a ob\u021bine rezultatul dorit va r\u0103ni p\u0103rul de dou\u0103 ori.<\/p>\n<p>\u0218amponul Maxx Silver neutralizeaz\u0103 tonurile galbene f\u0103r\u0103 a d\u0103una p\u0103rului. Astfel, este u\u0219or s\u0103 ob\u021bine\u021bi culoarea dorit\u0103 a p\u0103rului cu mai pu\u021bin efort \u0219i s\u0103 men\u021bine\u021bi rezisten\u021ba culorii. Produsul este potrivit pentru toate tipurile de p\u0103r, precum \u0219i pentru uz zilnic.<\/p>\n<p><strong>Volum:<\/strong> 500 ml<\/p>\n<p><strong>Mod de utilizare:<\/strong> Aplica\u021bi cantitatea necesar\u0103 de \u0219ampon pe p\u0103rul umed. Maseaz\u0103-\u021bi p\u0103rul p\u00e2n\u0103 se formeaz\u0103 o spum\u0103 groas\u0103, apoi cl\u0103te\u0219te-te cu ap\u0103 cald\u0103. Repeta\u021bi procesul dup\u0103 cum este necesar.<\/p>\n<p><span style=\"font-size: 100%;\"><strong>Aten\u021bie:<\/strong> numai pentru uz extern. \u00cen caz de contact cu ochii, cl\u0103ti\u021bi cu mult\u0103 ap\u0103. A nu se lasa la indemana copiilor.<\/span><\/p>","protected":false},"excerpt":{"rendered":"<p><span style=\"font-size: 100%;\">MAXX DELUXE Silver Shampoo neutralizeaz\u0103 culoarea galben\u0103 \u0219i p\u0103streaz\u0103 str\u0103lucirea culorii.<\/span><span style=\"font-size: 100%;\"><\/span><\/p>\n","protected":false},"featured_media":1094,"template":"","meta":[],"product_brand":[],"product_cat":[36],"product_tag":[],"class_list":{"0":"post-1093","1":"product","2":"type-product","3":"status-publish","4":"has-post-thumbnail","6":"product_cat-ingrijirea-par-femei","7":"pa_brand-maxx-deluxe","8":"pa_felul-produsului-tip-sampon","9":"pa_producator-turcia","10":"pa_volum-500ml","12":"first","13":"instock","14":"featured","15":"shipping-taxable","16":"purchasable","17":"product-type-simple"},"_links":{"self":[{"href":"https:\/\/cool-style.md\/ro\/wp-json\/wp\/v2\/product\/1093","targetHints":{"allow":["GET"]}}],"collection":[{"href":"https:\/\/cool-style.md\/ro\/wp-json\/wp\/v2\/product"}],"about":[{"href":"https:\/\/cool-style.md\/ro\/wp-json\/wp\/v2\/types\/product"}],"wp:featuredmedia":[{"embeddable":true,"href":"https:\/\/cool-style.md\/ro\/wp-json\/wp\/v2\/media\/1094"}],"wp:attachment":[{"href":"https:\/\/cool-style.md\/ro\/wp-json\/wp\/v2\/media?parent=1093"}],"wp:term":[{"taxonomy":"product_brand","embeddable":true,"href":"https:\/\/cool-style.md\/ro\/wp-json\/wp\/v2\/product_brand?post=1093"},{"taxonomy":"product_cat","embeddable":true,"href":"https:\/\/cool-style.md\/ro\/wp-json\/wp\/v2\/product_cat?post=1093"},{"taxonomy":"product_tag","embeddable":true,"href":"https:\/\/cool-style.md\/ro\/wp-json\/wp\/v2\/product_tag?post=1093"}],"curies":[{"name":"wp","href":"https:\/\/api.w.org\/{rel}","templated":true}]}}