{"id":1095,"date":"2021-12-24T21:26:29","date_gmt":"2021-12-24T21:26:29","guid":{"rendered":"https:\/\/cool-style.md\/?post_type=product&#038;p=1095"},"modified":"2024-12-05T18:36:09","modified_gmt":"2024-12-05T18:36:09","slug":"maxx-deluxe-bleaching-powder-beyaz","status":"publish","type":"product","link":"https:\/\/cool-style.md\/ro\/product\/maxx-deluxe-bleaching-powder-beyaz\/","title":{"rendered":"Pudr\u0103 pentru decolorarea p\u0103rului alb\u0103 MAXX DELUXE Bleaching Powder Beyaz 500gr"},"content":{"rendered":"<h2><span style=\"font-size: 75%;\">Pudr\u0103 pentru decolorarea p\u0103rului MAXX DELUXE Bleaching Powder Beyaz<\/span><\/h2>\n<ul>\n<li>Decoloreaz\u0103 p\u0103rul de orice nuan\u021b\u0103;<\/li>\n<li>P\u0103streaz\u0103 consisten\u021ba cremoasa;<\/li>\n<li>Nu usuc\u0103 p\u0103rul;<\/li>\n<li>Ofer\u0103 nuan\u021ba dorit\u0103.<\/li>\n<\/ul>\n<p><span style=\"font-size: 100%;\"><img decoding=\"async\" class=\" wp-image-910 alignleft\" src=\"https:\/\/cool-style.md\/wp-content\/uploads\/2021\/12\/Cool-style.md-MAXX-Deluxe-products-433x400.jpg\" alt=\"Cool-style.md MAXX Deluxe products\" width=\"315\" height=\"291\" srcset=\"https:\/\/cool-style.md\/wp-content\/uploads\/2021\/12\/Cool-style.md-MAXX-Deluxe-products-433x400.jpg 433w, https:\/\/cool-style.md\/wp-content\/uploads\/2021\/12\/Cool-style.md-MAXX-Deluxe-products.jpg 456w\" sizes=\"(max-width: 315px) 100vw, 315px\" \/><\/span>Pudr\u0103 <span style=\"font-size: 100%;\"><a href=\"https:\/\/www.lilacosmetics.com.tr\/\" target=\"_blank\" rel=\"noopener\">Maxx Deluxe<\/a><\/span> ajut\u0103 la luminarea p\u0103rului natural sau vopsit de orice nuan\u021b\u0103. Asigur\u0103 lipsa de spum\u0103, uscare, scurgere \u0219i aglomerare \u00een ambalaj. P\u0103streaz\u0103 o textur\u0103 moale, cremoas\u0103. Nu usuca parul si ofera nuanta naturala dorita. Numai pentru uz profesional, <a href=\"https:\/\/cool-style.md\/ro\/cosmetice-femei\/ingrijirea-par-femei\/\">pentru toate tipurile de p\u0103r.<\/a><\/p>\n<p><strong>Volum:<\/strong> 500 gr<\/p>\n<p><strong>Mod de utilizare:<\/strong> Amesteca\u021bi cu o crema oxidanta, aplica\u021bi pe par. Timpul de mentinere este de la 15 la 55 de minute, in functie de rezultatul dorit. Apoi, p\u0103rul trebuie sp\u0103lat cu \u0219ampon.<\/p>\n<p><span style=\"font-size: 100%;\"><strong>Aten\u021bie:<\/strong> numai pentru uz extern. \u00cen caz de contact cu ochii, cl\u0103ti\u021bi cu mult\u0103 ap\u0103. A nu se lasa la indemana copiilor.<\/span><\/p>","protected":false},"excerpt":{"rendered":"<p><span style=\"font-size: 100%;\">MAXX DELUXE Bleaching Powder Beyaz decoloreaz\u0103 p\u0103rul de orice ton, nu usuc\u0103 p\u0103rul.<\/span><span style=\"font-size: 100%;\"><\/span><\/p>\n","protected":false},"featured_media":1096,"template":"","meta":[],"product_brand":[],"product_cat":[130],"product_tag":[],"class_list":{"0":"post-1095","1":"product","2":"type-product","3":"status-publish","4":"has-post-thumbnail","6":"product_cat-oxidanti","7":"pa_brand-maxx-deluxe","8":"pa_felul-produsului-tip-pudra-decolorarea","9":"pa_producator-turcia","10":"pa_volum-500gr","12":"first","13":"instock","14":"shipping-taxable","15":"purchasable","16":"product-type-simple"},"_links":{"self":[{"href":"https:\/\/cool-style.md\/ro\/wp-json\/wp\/v2\/product\/1095","targetHints":{"allow":["GET"]}}],"collection":[{"href":"https:\/\/cool-style.md\/ro\/wp-json\/wp\/v2\/product"}],"about":[{"href":"https:\/\/cool-style.md\/ro\/wp-json\/wp\/v2\/types\/product"}],"wp:featuredmedia":[{"embeddable":true,"href":"https:\/\/cool-style.md\/ro\/wp-json\/wp\/v2\/media\/1096"}],"wp:attachment":[{"href":"https:\/\/cool-style.md\/ro\/wp-json\/wp\/v2\/media?parent=1095"}],"wp:term":[{"taxonomy":"product_brand","embeddable":true,"href":"https:\/\/cool-style.md\/ro\/wp-json\/wp\/v2\/product_brand?post=1095"},{"taxonomy":"product_cat","embeddable":true,"href":"https:\/\/cool-style.md\/ro\/wp-json\/wp\/v2\/product_cat?post=1095"},{"taxonomy":"product_tag","embeddable":true,"href":"https:\/\/cool-style.md\/ro\/wp-json\/wp\/v2\/product_tag?post=1095"}],"curies":[{"name":"wp","href":"https:\/\/api.w.org\/{rel}","templated":true}]}}