{"id":1097,"date":"2022-01-23T16:15:15","date_gmt":"2022-01-23T16:15:15","guid":{"rendered":"https:\/\/cool-style.md\/?post_type=product&#038;p=1097"},"modified":"2024-12-05T19:33:58","modified_gmt":"2024-12-05T19:33:58","slug":"maxx-deluxe-hair-care-serum","status":"publish","type":"product","link":"https:\/\/cool-style.md\/ro\/product\/maxx-deluxe-hair-care-serum\/","title":{"rendered":"Serul pentru p\u0103r MAXX DELUXE Hair Care Serum Argan and Keratin 100ml"},"content":{"rendered":"<h2><span style=\"font-size: 75%;\">Serul pentru p\u0103r MAXX DELUXE Hair Care Serum Argan and Keratin<\/span><\/h2>\n<ul>\n<li>ofer\u0103 p\u0103rului moliciune m\u0103t\u0103soas\u0103;<\/li>\n<li>restabile\u0219te structura p\u0103rului;<\/li>\n<li>ofer\u0103 stralucire naturala;<\/li>\n<li>faciliteaz\u0103 piept\u0103narea.<\/li>\n<\/ul>\n<p>Serul <a href=\"https:\/\/www.lilacosmetics.com.tr\/\" target=\"_blank\" rel=\"noopener\">Maxx Deluxe<\/a>, datorita formulei sale concepute pentru p\u0103rul fragil, electrificat, \u00eencretit si tern, previne pierderea formei cauzat\u0103 de uscare \u0219i face parul mai luminos, mai m\u0103t\u0103sos \u0219i mai moale. Potrivit <a href=\"https:\/\/cool-style.md\/ro\/cosmetice-femei\/ingrijirea-par-femei\/\">pentru toate tipurile de p\u0103r<\/a>.<\/p>\n<p><strong>Volum:<\/strong> 100 ml<\/p>\n<p><strong>Mod de utilizare:<\/strong> Aplica\u021bi uniform pe p\u0103rul sp\u0103lat \u0219i uscat cu prosopul. Pute\u021bi apoi s\u0103 usca\u021bi p\u0103rul cu usc\u0103tor pentru un aspect mai fin sau s\u0103 \u00eel l\u0103sa\u021bi s\u0103 se usuce la aer pentru a controla \u00eencre\u021birea. De asemenea, \u00eel pute\u021bi aplica pe p\u0103rul uscat pe tot parcursul zilei.<\/p>\n<p><span style=\"font-size: 100%;\"><strong>Aten\u021bie:<\/strong> numai pentru uz extern. \u00cen caz de contact cu ochii, cl\u0103ti\u021bi cu mult\u0103 ap\u0103. A nu se lasa la indemana copiilor.<\/span><\/p>","protected":false},"excerpt":{"rendered":"<p><span style=\"font-size: 100%;\">MAXX DELUXE Hair Care Serum Argan and Keratin  face parul mai luminos, mai m\u0103t\u0103sos \u0219i mai moale.<\/span><span style=\"font-size: 100%;\"><\/span><\/p>\n","protected":false},"featured_media":2090,"template":"","meta":[],"product_brand":[],"product_cat":[36],"product_tag":[],"class_list":{"0":"post-1097","1":"product","2":"type-product","3":"status-publish","4":"has-post-thumbnail","6":"product_cat-ingrijirea-par-femei","7":"pa_brand-maxx-deluxe","8":"pa_felul-produsului-tip-ser","9":"pa_producator-turcia","10":"pa_volum-100ml","12":"first","13":"instock","14":"featured","15":"shipping-taxable","16":"purchasable","17":"product-type-simple"},"_links":{"self":[{"href":"https:\/\/cool-style.md\/ro\/wp-json\/wp\/v2\/product\/1097","targetHints":{"allow":["GET"]}}],"collection":[{"href":"https:\/\/cool-style.md\/ro\/wp-json\/wp\/v2\/product"}],"about":[{"href":"https:\/\/cool-style.md\/ro\/wp-json\/wp\/v2\/types\/product"}],"wp:featuredmedia":[{"embeddable":true,"href":"https:\/\/cool-style.md\/ro\/wp-json\/wp\/v2\/media\/2090"}],"wp:attachment":[{"href":"https:\/\/cool-style.md\/ro\/wp-json\/wp\/v2\/media?parent=1097"}],"wp:term":[{"taxonomy":"product_brand","embeddable":true,"href":"https:\/\/cool-style.md\/ro\/wp-json\/wp\/v2\/product_brand?post=1097"},{"taxonomy":"product_cat","embeddable":true,"href":"https:\/\/cool-style.md\/ro\/wp-json\/wp\/v2\/product_cat?post=1097"},{"taxonomy":"product_tag","embeddable":true,"href":"https:\/\/cool-style.md\/ro\/wp-json\/wp\/v2\/product_tag?post=1097"}],"curies":[{"name":"wp","href":"https:\/\/api.w.org\/{rel}","templated":true}]}}