{"id":1099,"date":"2021-12-25T07:46:02","date_gmt":"2021-12-25T07:46:02","guid":{"rendered":"https:\/\/cool-style.md\/?post_type=product&#038;p=1099"},"modified":"2024-12-05T18:37:25","modified_gmt":"2024-12-05T18:37:25","slug":"totex-hair-care-serum-argan","status":"publish","type":"product","link":"https:\/\/cool-style.md\/ro\/product\/totex-hair-care-serum-argan\/","title":{"rendered":"Ulei pentru p\u0103r Totex Hair Care Serum Argan 125ml"},"content":{"rendered":"<h2><span style=\"font-size: 75%;\">Ulei pentru p\u0103r Totex Hair Care Serum Argan 125ml<\/span><\/h2>\n<ul>\n<li>Ingrediente naturale;<\/li>\n<li>\u00cenmoaie \u0219i hr\u0103ne\u0219te p\u0103rul;<\/li>\n<li>Reface volumul;<\/li>\n<li>Hidrateaz\u0103 p\u0103rul uscat.<\/li>\n<\/ul>\n<p><span style=\"font-size: 100%;\"><img decoding=\"async\" class=\" wp-image-1100 aligncenter\" src=\"https:\/\/cool-style.md\/wp-content\/uploads\/2021\/12\/Totex-Hair-Care-Serum-800x400.jpg\" alt=\"Cool-style.md Totex Hair Care Serum\" width=\"614\" height=\"307\" srcset=\"https:\/\/cool-style.md\/wp-content\/uploads\/2021\/12\/Totex-Hair-Care-Serum-800x400.jpg 800w, https:\/\/cool-style.md\/wp-content\/uploads\/2021\/12\/Totex-Hair-Care-Serum-510x255.jpg 510w, https:\/\/cool-style.md\/wp-content\/uploads\/2021\/12\/Totex-Hair-Care-Serum-1400x700.jpg 1400w, https:\/\/cool-style.md\/wp-content\/uploads\/2021\/12\/Totex-Hair-Care-Serum-768x384.jpg 768w, https:\/\/cool-style.md\/wp-content\/uploads\/2021\/12\/Totex-Hair-Care-Serum.jpg 1500w\" sizes=\"(max-width: 614px) 100vw, 614px\" \/><\/span><\/p>\n<p><a href=\"https:\/\/www.totexcosmetic.com\/\" target=\"_blank\" rel=\"noopener\">Totex<\/a> Ulei este un ser <a href=\"https:\/\/cool-style.md\/ro\/cosmetice-femei\/ingrijirea-par-femei\/\">de \u00eengrijire a p\u0103rului<\/a>, infuzeaz\u0103 p\u0103rul cu o formul\u0103 re\u00eennoit\u0103 \u0219i ulei de argan care confer\u0103 p\u0103rului t\u0103u str\u0103lucire \u0219i vitalitate. Datorit\u0103 compozi\u021biei sale unice \u0219i uleiului natural de argan, catifeleaz\u0103 \u0219i hr\u0103ne\u0219te p\u0103rul. Produsul este potrivit pentru toate tipurile de p\u0103r.<\/p>\n<p><strong>Volum:<\/strong> 125 ml<\/p>\n<p><strong>Mod de utilizare:<\/strong> Aplica\u021bi c\u00e2teva pic\u0103turi de produs pe p\u0103rul umed sau uscat. Masa\u021bi u\u0219or p\u00e2n\u0103 la absorb\u021bia complet\u0103.<\/p>\n<p><span style=\"font-size: 100%;\"><strong>Aten\u021bie:<\/strong> numai pentru uz extern. \u00cen caz de contact cu ochii, cl\u0103ti\u021bi cu mult\u0103 ap\u0103. A nu se lasa la indemana copiilor.<\/span><\/p>","protected":false},"excerpt":{"rendered":"<p><span style=\"font-size: 100%;\">Totex Hair Care Serum Argan catifeleaz\u0103 \u0219i hr\u0103ne\u0219te p\u0103rul, face piept\u0103narea mai u\u0219oar\u0103.<\/span><span style=\"font-size: 100%;\"><\/span><\/p>\n","protected":false},"featured_media":1101,"template":"","meta":[],"product_brand":[],"product_cat":[36],"product_tag":[],"class_list":{"0":"post-1099","1":"product","2":"type-product","3":"status-publish","4":"has-post-thumbnail","6":"product_cat-ingrijirea-par-femei","7":"pa_brand-totex","8":"pa_felul-produsului-tip-ulei","9":"pa_producator-turcia","10":"pa_volum-125ml","12":"first","13":"instock","14":"featured","15":"shipping-taxable","16":"purchasable","17":"product-type-simple"},"_links":{"self":[{"href":"https:\/\/cool-style.md\/ro\/wp-json\/wp\/v2\/product\/1099","targetHints":{"allow":["GET"]}}],"collection":[{"href":"https:\/\/cool-style.md\/ro\/wp-json\/wp\/v2\/product"}],"about":[{"href":"https:\/\/cool-style.md\/ro\/wp-json\/wp\/v2\/types\/product"}],"wp:featuredmedia":[{"embeddable":true,"href":"https:\/\/cool-style.md\/ro\/wp-json\/wp\/v2\/media\/1101"}],"wp:attachment":[{"href":"https:\/\/cool-style.md\/ro\/wp-json\/wp\/v2\/media?parent=1099"}],"wp:term":[{"taxonomy":"product_brand","embeddable":true,"href":"https:\/\/cool-style.md\/ro\/wp-json\/wp\/v2\/product_brand?post=1099"},{"taxonomy":"product_cat","embeddable":true,"href":"https:\/\/cool-style.md\/ro\/wp-json\/wp\/v2\/product_cat?post=1099"},{"taxonomy":"product_tag","embeddable":true,"href":"https:\/\/cool-style.md\/ro\/wp-json\/wp\/v2\/product_tag?post=1099"}],"curies":[{"name":"wp","href":"https:\/\/api.w.org\/{rel}","templated":true}]}}