{"id":1106,"date":"2021-12-25T10:10:52","date_gmt":"2021-12-25T10:10:52","guid":{"rendered":"https:\/\/cool-style.md\/?post_type=product&#038;p=1106"},"modified":"2024-12-05T18:38:21","modified_gmt":"2024-12-05T18:38:21","slug":"totex-hair-conditioner-spray-blue","status":"publish","type":"product","link":"https:\/\/cool-style.md\/ro\/product\/totex-hair-conditioner-spray-blue\/","title":{"rendered":"Spray-conditioner pentru p\u0103r \u00een 2 faze Totex Hair Conditioner Spray Blue 400ml"},"content":{"rendered":"<h2><span style=\"font-size: 75%;\">Spray-conditioner pentru p\u0103r \u00een 2 faze Totex Hair Conditioner Spray Blue<\/span><\/h2>\n<ul>\n<li>Cu o formula special\u0103;<\/li>\n<li>Faciliteaz\u0103 piept\u0103narea;<\/li>\n<li>Are efect de protec\u021bie termic\u0103;<\/li>\n<li>Red\u0103 str\u0103lucirea natural\u0103 p\u0103rului.<\/li>\n<\/ul>\n<p><span style=\"font-size: 100%;\"><img decoding=\"async\" class=\" wp-image-1104 aligncenter\" src=\"https:\/\/cool-style.md\/wp-content\/uploads\/2021\/12\/Totex-Hair-Conditioner-Spray-800x400.jpg\" alt=\"Totex Hair Conditioner Spray\" width=\"582\" height=\"291\" srcset=\"https:\/\/cool-style.md\/wp-content\/uploads\/2021\/12\/Totex-Hair-Conditioner-Spray-800x400.jpg 800w, https:\/\/cool-style.md\/wp-content\/uploads\/2021\/12\/Totex-Hair-Conditioner-Spray-510x255.jpg 510w, https:\/\/cool-style.md\/wp-content\/uploads\/2021\/12\/Totex-Hair-Conditioner-Spray-1400x700.jpg 1400w, https:\/\/cool-style.md\/wp-content\/uploads\/2021\/12\/Totex-Hair-Conditioner-Spray-768x384.jpg 768w, https:\/\/cool-style.md\/wp-content\/uploads\/2021\/12\/Totex-Hair-Conditioner-Spray.jpg 1500w\" sizes=\"(max-width: 582px) 100vw, 582px\" \/><\/span><\/p>\n<p><a href=\"https:\/\/www.totexcosmetic.com\/\" target=\"_blank\" rel=\"noopener\">Totex<\/a> spray-conditioner este un produs excelent <a href=\"https:\/\/cool-style.md\/ro\/cosmetice-femei\/ingrijirea-par-femei\/\">de \u00eengrijire a p\u0103rului<\/a>. V\u0103 permite s\u0103 v\u0103 piept\u0103na\u021bi cu u\u0219urin\u021b\u0103 p\u0103rul, previne electrificarea \u0219i poluarea rapid\u0103. Are propriet\u0103\u021bi de protec\u021bie \u00eempotriva efectelor termice ale usc\u0103rii p\u0103rului cu un usc\u0103tor de p\u0103r. Las\u0103 p\u0103rul str\u0103lucitor \u0219i neted. Produsul este potrivit pentru toate tipurile de p\u0103r.<\/p>\n<p><strong>Volum:<\/strong> 400 ml<\/p>\n<p><strong>Mod de utilizare:<\/strong> Scutura\u021bi bine \u00eenainte de folosire. Pulveriza\u021bi pe p\u0103rul umed. Nu cl\u0103ti\u021bi, piept\u0103na\u021bi u\u0219or \u0219i usca\u021bi.<\/p>\n<p><span style=\"font-size: 100%;\"><strong>Aten\u021bie:<\/strong> numai pentru uz extern. \u00cen caz de contact cu ochii, cl\u0103ti\u021bi cu mult\u0103 ap\u0103. A nu se lasa la indemana copiilor.<\/span><\/p>","protected":false},"excerpt":{"rendered":"<p><span style=\"font-size: 100%;\">Totex Hair Conditioner Spray Blue faciliteaz\u0103 piept\u0103narea, red\u0103 str\u0103lucirea natural\u0103 a p\u0103rului.<\/span><span style=\"font-size: 100%;\"><\/span><\/p>\n","protected":false},"featured_media":1107,"template":"","meta":[],"product_brand":[],"product_cat":[36],"product_tag":[],"class_list":{"0":"post-1106","1":"product","2":"type-product","3":"status-publish","4":"has-post-thumbnail","6":"product_cat-ingrijirea-par-femei","7":"pa_brand-totex","8":"pa_felul-produsului-tip-balsam","9":"pa_producator-turcia","10":"pa_volum-400ml","12":"first","13":"instock","14":"featured","15":"shipping-taxable","16":"purchasable","17":"product-type-simple"},"_links":{"self":[{"href":"https:\/\/cool-style.md\/ro\/wp-json\/wp\/v2\/product\/1106","targetHints":{"allow":["GET"]}}],"collection":[{"href":"https:\/\/cool-style.md\/ro\/wp-json\/wp\/v2\/product"}],"about":[{"href":"https:\/\/cool-style.md\/ro\/wp-json\/wp\/v2\/types\/product"}],"wp:featuredmedia":[{"embeddable":true,"href":"https:\/\/cool-style.md\/ro\/wp-json\/wp\/v2\/media\/1107"}],"wp:attachment":[{"href":"https:\/\/cool-style.md\/ro\/wp-json\/wp\/v2\/media?parent=1106"}],"wp:term":[{"taxonomy":"product_brand","embeddable":true,"href":"https:\/\/cool-style.md\/ro\/wp-json\/wp\/v2\/product_brand?post=1106"},{"taxonomy":"product_cat","embeddable":true,"href":"https:\/\/cool-style.md\/ro\/wp-json\/wp\/v2\/product_cat?post=1106"},{"taxonomy":"product_tag","embeddable":true,"href":"https:\/\/cool-style.md\/ro\/wp-json\/wp\/v2\/product_tag?post=1106"}],"curies":[{"name":"wp","href":"https:\/\/api.w.org\/{rel}","templated":true}]}}