{"id":1112,"date":"2021-12-25T17:32:20","date_gmt":"2021-12-25T17:32:20","guid":{"rendered":"https:\/\/cool-style.md\/?post_type=product&#038;p=1112"},"modified":"2025-09-12T07:46:16","modified_gmt":"2025-09-12T07:46:16","slug":"nishman-disposable-towel","status":"publish","type":"product","link":"https:\/\/cool-style.md\/ro\/product\/nishman-disposable-towel\/","title":{"rendered":"Prosoape de unica folosin\u021b\u0103 40x70cm Nishman Disposable Towel 100buc"},"content":{"rendered":"<h2><span style=\"font-size: 75%;\">Prosoape de unica folosin\u021b\u0103 Nishman Disposable Towel<\/span><\/h2>\n<p><img decoding=\"async\" class=\" wp-image-1114 alignleft\" src=\"https:\/\/cool-style.md\/wp-content\/uploads\/2021\/12\/Cool-style.md-Nishman-Disposable-Towel-400x400.jpeg\" alt=\"Cool-style.md Nishman Disposable Towel\" width=\"263\" height=\"263\" srcset=\"https:\/\/cool-style.md\/wp-content\/uploads\/2021\/12\/Cool-style.md-Nishman-Disposable-Towel-400x400.jpeg 400w, https:\/\/cool-style.md\/wp-content\/uploads\/2021\/12\/Cool-style.md-Nishman-Disposable-Towel-300x300.jpeg 300w, https:\/\/cool-style.md\/wp-content\/uploads\/2021\/12\/Cool-style.md-Nishman-Disposable-Towel-100x100.jpeg 100w, https:\/\/cool-style.md\/wp-content\/uploads\/2021\/12\/Cool-style.md-Nishman-Disposable-Towel-510x510.jpeg 510w, https:\/\/cool-style.md\/wp-content\/uploads\/2021\/12\/Cool-style.md-Nishman-Disposable-Towel-280x280.jpeg 280w, https:\/\/cool-style.md\/wp-content\/uploads\/2021\/12\/Cool-style.md-Nishman-Disposable-Towel-768x768.jpeg 768w, https:\/\/cool-style.md\/wp-content\/uploads\/2021\/12\/Cool-style.md-Nishman-Disposable-Towel-247x247.jpeg 247w, https:\/\/cool-style.md\/wp-content\/uploads\/2021\/12\/Cool-style.md-Nishman-Disposable-Towel.jpeg 800w\" sizes=\"(max-width: 263px) 100vw, 263px\" \/>Prosoapele <a href=\"https:\/\/nishman.com.tr\/\" target=\"_blank\" rel=\"noopener\">Nishman<\/a> sunt un <a href=\"https:\/\/cool-style.md\/ro\/accesorii\/\">accesoriu<\/a> indispensabil pentru orice stilist. Prosoapele sunt confec\u021bionate dintr-o \u021bes\u0103tur\u0103 special dezvoltat\u0103 f\u0103r\u0103 bumbac. Absoarbe umezeala cat mai mult posibil. Textura este foarte moale si densa in acelasi timp.<\/p>\n<p><strong>Dimensiune:<\/strong> 40&#215;70 cm<\/p>\n<p><strong>Cantitatea \u00eentr-un pachet:<\/strong> 100 buc<\/p>","protected":false},"excerpt":{"rendered":"<p><span style=\"font-size: 100%;\">Nishman Disposable Towel absorb\u021bie maxim\u0103 a umezelii combinat\u0103 cu o moliciune incredibil\u0103.<\/span><span style=\"font-size: 100%;\"><\/span><\/p>\n","protected":false},"featured_media":1113,"template":"","meta":[],"product_brand":[],"product_cat":[29,262,132],"product_tag":[],"class_list":{"0":"post-1112","1":"product","2":"type-product","3":"status-publish","4":"has-post-thumbnail","6":"product_cat-accesorii","7":"product_cat-unica-folosinta","8":"product_cat-diverse-accesorii","9":"pa_brand-nishman","10":"pa_producator-turcia","11":"pa_volum-100buc","13":"first","14":"instock","15":"shipping-taxable","16":"purchasable","17":"product-type-simple"},"_links":{"self":[{"href":"https:\/\/cool-style.md\/ro\/wp-json\/wp\/v2\/product\/1112","targetHints":{"allow":["GET"]}}],"collection":[{"href":"https:\/\/cool-style.md\/ro\/wp-json\/wp\/v2\/product"}],"about":[{"href":"https:\/\/cool-style.md\/ro\/wp-json\/wp\/v2\/types\/product"}],"wp:featuredmedia":[{"embeddable":true,"href":"https:\/\/cool-style.md\/ro\/wp-json\/wp\/v2\/media\/1113"}],"wp:attachment":[{"href":"https:\/\/cool-style.md\/ro\/wp-json\/wp\/v2\/media?parent=1112"}],"wp:term":[{"taxonomy":"product_brand","embeddable":true,"href":"https:\/\/cool-style.md\/ro\/wp-json\/wp\/v2\/product_brand?post=1112"},{"taxonomy":"product_cat","embeddable":true,"href":"https:\/\/cool-style.md\/ro\/wp-json\/wp\/v2\/product_cat?post=1112"},{"taxonomy":"product_tag","embeddable":true,"href":"https:\/\/cool-style.md\/ro\/wp-json\/wp\/v2\/product_tag?post=1112"}],"curies":[{"name":"wp","href":"https:\/\/api.w.org\/{rel}","templated":true}]}}