{"id":1115,"date":"2021-12-25T17:47:02","date_gmt":"2021-12-25T17:47:02","guid":{"rendered":"https:\/\/cool-style.md\/?post_type=product&#038;p=1115"},"modified":"2024-03-07T10:29:12","modified_gmt":"2024-03-07T10:29:12","slug":"nishman-shaver-cleaner-5in1","status":"publish","type":"product","link":"https:\/\/cool-style.md\/ro\/product\/nishman-shaver-cleaner-5in1\/","title":{"rendered":"Spray pentru cur\u0103\u021barea instrumentelor Nishman Shaver Cleaner 5in1 400ml"},"content":{"rendered":"<h2><span style=\"font-size: 75%;\">Spray pentru cur\u0103\u021barea instrumentelor Nishman Shaver Cleaner 5in1<\/span><\/h2>\n<p><a href=\"https:\/\/cool-style.md\/wp-content\/uploads\/2021\/12\/Cool-style.md-Nishman-Shaver-Cleaner-5in1.jpg\"><img decoding=\"async\" class=\" wp-image-2024 alignleft\" src=\"https:\/\/cool-style.md\/wp-content\/uploads\/2021\/12\/Cool-style.md-Nishman-Shaver-Cleaner-5in1-345x400.jpg\" alt=\"Cool-style.md Nishman Shaver Cleaner 5in1\" width=\"205\" height=\"238\" srcset=\"https:\/\/cool-style.md\/wp-content\/uploads\/2021\/12\/Cool-style.md-Nishman-Shaver-Cleaner-5in1-345x400.jpg 345w, https:\/\/cool-style.md\/wp-content\/uploads\/2021\/12\/Cool-style.md-Nishman-Shaver-Cleaner-5in1-510x591.jpg 510w, https:\/\/cool-style.md\/wp-content\/uploads\/2021\/12\/Cool-style.md-Nishman-Shaver-Cleaner-5in1-690x800.jpg 690w, https:\/\/cool-style.md\/wp-content\/uploads\/2021\/12\/Cool-style.md-Nishman-Shaver-Cleaner-5in1-768x890.jpg 768w, https:\/\/cool-style.md\/wp-content\/uploads\/2021\/12\/Cool-style.md-Nishman-Shaver-Cleaner-5in1.jpg 960w\" sizes=\"(max-width: 205px) 100vw, 205px\" \/><\/a>Spray pentru instrumente <a href=\"https:\/\/nishman.com.tr\/\" target=\"_blank\" rel=\"noopener\">Nishman<\/a> sunt un <a href=\"https:\/\/cool-style.md\/ro\/accesorii\/\">accesoriu<\/a> indispensabil pentru orice stilist. Formula sa unic\u0103 este special formulat\u0103 pentru produse metalice. Poate manipula \u00een siguran\u021b\u0103 orice unealt\u0103 metalic\u0103, cum ar fi brici, foarfece \u0219i lame de tuns. Spray-ul cur\u0103\u021b\u0103, dezinfecteaz\u0103 \u0219i lubrifiaz\u0103 instrumentul, prelungind durata de via\u021b\u0103 a instrumentului.<\/p>\n<p>Agita\u021bi bine \u00eenainte de utilizare \u0219i pulveriza\u021bi pe produs de la o distan\u021b\u0103 de 10 cm, l\u0103sa\u021bi-l s\u0103 se usuce sau \u0219terge\u021bi cu o c\u00e2rp\u0103 moale.<\/p>\n<p>Volum: 400 ml<\/p>","protected":false},"excerpt":{"rendered":"<p><span style=\"font-size: 100%;\">Nishman Shaver Cleaner 5in1 cur\u0103\u021b\u0103, dezinfecteaz\u0103 \u0219i lubrifiaz\u0103 instrumentul, prelungind durata de via\u021b\u0103 a instrumentului.<\/span><span style=\"font-size: 100%;\"><\/span><\/p>\n","protected":false},"featured_media":2025,"template":"","meta":[],"product_brand":[],"product_cat":[29,132],"product_tag":[],"class_list":{"0":"post-1115","1":"product","2":"type-product","3":"status-publish","4":"has-post-thumbnail","6":"product_cat-accesorii","7":"product_cat-diverse-accesorii","8":"pa_brand-nishman","9":"pa_producator-turcia","10":"pa_volum-400ml","12":"first","13":"instock","14":"featured","15":"shipping-taxable","16":"purchasable","17":"product-type-simple"},"_links":{"self":[{"href":"https:\/\/cool-style.md\/ro\/wp-json\/wp\/v2\/product\/1115","targetHints":{"allow":["GET"]}}],"collection":[{"href":"https:\/\/cool-style.md\/ro\/wp-json\/wp\/v2\/product"}],"about":[{"href":"https:\/\/cool-style.md\/ro\/wp-json\/wp\/v2\/types\/product"}],"wp:featuredmedia":[{"embeddable":true,"href":"https:\/\/cool-style.md\/ro\/wp-json\/wp\/v2\/media\/2025"}],"wp:attachment":[{"href":"https:\/\/cool-style.md\/ro\/wp-json\/wp\/v2\/media?parent=1115"}],"wp:term":[{"taxonomy":"product_brand","embeddable":true,"href":"https:\/\/cool-style.md\/ro\/wp-json\/wp\/v2\/product_brand?post=1115"},{"taxonomy":"product_cat","embeddable":true,"href":"https:\/\/cool-style.md\/ro\/wp-json\/wp\/v2\/product_cat?post=1115"},{"taxonomy":"product_tag","embeddable":true,"href":"https:\/\/cool-style.md\/ro\/wp-json\/wp\/v2\/product_tag?post=1115"}],"curies":[{"name":"wp","href":"https:\/\/api.w.org\/{rel}","templated":true}]}}