{"id":1138,"date":"2021-12-25T19:00:35","date_gmt":"2021-12-25T19:00:35","guid":{"rendered":"https:\/\/cool-style.md\/?post_type=product&#038;p=1138"},"modified":"2022-01-12T19:20:23","modified_gmt":"2022-01-12T19:20:23","slug":"nishman-master-penuar-gold-one","status":"publish","type":"product","link":"https:\/\/cool-style.md\/ro\/product\/nishman-master-penuar-gold-one\/","title":{"rendered":"Pelerina Nishman Master Penuar Gold One"},"content":{"rendered":"<h2><span style=\"font-size: 75%;\">Pelerina NishmanMaster Penuar Gold One<\/span><\/h2>\n<p>Pelerina impermeabil\u0103 <a href=\"https:\/\/nishman.com.tr\/\" target=\"_blank\" rel=\"noopener\">Nishman<\/a>\u00a0de \u00eenalt\u0103 calitate pentru saloane, cu o \u00eenchidere confortabil\u0103, ceea ce face ca pelerin\u0103 s\u0103 fie potrivit\u0103 at\u00e2t pentru copii, c\u00e2t \u0219i pentru adul\u021bi. Se foloseste pentru diferite tipuri de lucrari: tunsoare, vopsit, coafat etc. Un <a href=\"https:\/\/cool-style.md\/ro\/accesorii\/\">accesoriu<\/a> esential pentru orice salon pentru a proteja hainele si pielea clientului de lichide fierbinti, stropi, murdarie, praf, vopsea, lipici si fire de par fine.<\/p>\n<p>Pelerina este realizat\u0103 din material durabil, de \u00eenalt\u0103 calitate, care ofer\u0103 siguran\u021b\u0103 \u0219i protec\u021bie fiabil\u0103 pentru o varietate de locuri de munc\u0103.<\/p>","protected":false},"excerpt":{"rendered":"<p><span style=\"font-size: 100%;\">Nishman Master Penuar Gold One v\u0103 va ajuta s\u0103 proteja\u021bi \u00eembr\u0103c\u0103mintea clientului de murd\u0103rie \u00een timpul lucrului.<\/span><span style=\"font-size: 100%;\"><\/span><\/p>\n","protected":false},"featured_media":1139,"template":"","meta":[],"product_brand":[],"product_cat":[29,132],"product_tag":[],"class_list":{"0":"post-1138","1":"product","2":"type-product","3":"status-publish","4":"has-post-thumbnail","6":"product_cat-accesorii","7":"product_cat-diverse-accesorii","8":"pa_brand-nishman","9":"pa_felul-produsului-tip-pelerina","10":"pa_producator-turcia","12":"first","13":"instock","14":"shipping-taxable","15":"purchasable","16":"product-type-simple"},"_links":{"self":[{"href":"https:\/\/cool-style.md\/ro\/wp-json\/wp\/v2\/product\/1138","targetHints":{"allow":["GET"]}}],"collection":[{"href":"https:\/\/cool-style.md\/ro\/wp-json\/wp\/v2\/product"}],"about":[{"href":"https:\/\/cool-style.md\/ro\/wp-json\/wp\/v2\/types\/product"}],"wp:featuredmedia":[{"embeddable":true,"href":"https:\/\/cool-style.md\/ro\/wp-json\/wp\/v2\/media\/1139"}],"wp:attachment":[{"href":"https:\/\/cool-style.md\/ro\/wp-json\/wp\/v2\/media?parent=1138"}],"wp:term":[{"taxonomy":"product_brand","embeddable":true,"href":"https:\/\/cool-style.md\/ro\/wp-json\/wp\/v2\/product_brand?post=1138"},{"taxonomy":"product_cat","embeddable":true,"href":"https:\/\/cool-style.md\/ro\/wp-json\/wp\/v2\/product_cat?post=1138"},{"taxonomy":"product_tag","embeddable":true,"href":"https:\/\/cool-style.md\/ro\/wp-json\/wp\/v2\/product_tag?post=1138"}],"curies":[{"name":"wp","href":"https:\/\/api.w.org\/{rel}","templated":true}]}}