{"id":1143,"date":"2021-12-25T19:27:05","date_gmt":"2021-12-25T19:27:05","guid":{"rendered":"https:\/\/cool-style.md\/?post_type=product&#038;p=1143"},"modified":"2026-01-05T19:35:10","modified_gmt":"2026-01-05T19:35:10","slug":"nishman-hard-wax-beans-black","status":"publish","type":"product","link":"https:\/\/cool-style.md\/ro\/product\/nishman-hard-wax-beans-black\/","title":{"rendered":"Cear\u0103 pentru depilare Nishman Hard Wax Beans Black 500gr"},"content":{"rendered":"<h2><span style=\"font-size: 75%;\">Cear\u0103 pentru depilare Nishman Hard Wax Beans Black<\/span><\/h2>\n<ul>\n<li>Procedura nedureroas\u0103;<\/li>\n<li>Potrivit pentru pielea sensibil\u0103;<\/li>\n<li>Capteaz\u0103 chiar \u0219i cele mai scurte fire de p\u0103r;<\/li>\n<li>Se \u00eent\u0103re\u0219te rapid.<\/li>\n<\/ul>\n<p><img decoding=\"async\" class=\" wp-image-1142 alignleft\" src=\"https:\/\/cool-style.md\/wp-content\/uploads\/2021\/12\/Cool-style.md-Nishman-Hard-Wax-Beans-531x400.jpg\" alt=\"Cool-style.md Nishman Hard Wax Beans\" width=\"348\" height=\"263\" srcset=\"https:\/\/cool-style.md\/wp-content\/uploads\/2021\/12\/Cool-style.md-Nishman-Hard-Wax-Beans-531x400.jpg 531w, https:\/\/cool-style.md\/wp-content\/uploads\/2021\/12\/Cool-style.md-Nishman-Hard-Wax-Beans-510x385.jpg 510w, https:\/\/cool-style.md\/wp-content\/uploads\/2021\/12\/Cool-style.md-Nishman-Hard-Wax-Beans-1061x800.jpg 1061w, https:\/\/cool-style.md\/wp-content\/uploads\/2021\/12\/Cool-style.md-Nishman-Hard-Wax-Beans-768x579.jpg 768w, https:\/\/cool-style.md\/wp-content\/uploads\/2021\/12\/Cool-style.md-Nishman-Hard-Wax-Beans.jpg 1500w\" sizes=\"(max-width: 348px) 100vw, 348px\" \/>Cear\u0103 <a href=\"https:\/\/nishman.com.tr\/\" target=\"_blank\" rel=\"noopener\">Nishman<\/a> produs ideal <a href=\"https:\/\/cool-style.md\/ro\/pentru-depilare\/\">pentru depilare<\/a> nedureroas\u0103. Poate fi folosit pentru a \u00eendep\u0103rta p\u0103rul nedorit din orice parte a corpului, inclusiv fa\u021b\u0103, axile \u0219i linia bikinilor. Poate fi folosit at\u00e2t pentru femei c\u00e2t \u0219i pentru b\u0103rba\u021bi, potrivit pentru pielea sensibil\u0103. Nu mai trebuie sa suferi cu benzi, doar aplic\u0103 granule topite pe zona pielii, a\u0219teapt\u0103 s\u0103 se intareasc\u0103 complet \u0219i indeparteaz\u0103 lin. Utilizarea acas\u0103 este posibil\u0103.<\/p>\n<p><strong>Volum:<\/strong> 500 gr<\/p>","protected":false},"excerpt":{"rendered":"<p><span style=\"font-size: 100%;\">Nishman Hard Wax Beans Black indeparteaz\u0103 u\u0219or si f\u0103r\u0103 durere vegeta\u021bia nedorit\u0103, potrivit pentru pielea sensibil\u0103.<\/span><span style=\"font-size: 100%;\"><\/span><\/p>\n","protected":false},"featured_media":1144,"template":"","meta":[],"product_brand":[],"product_cat":[149],"product_tag":[],"class_list":{"0":"post-1143","1":"product","2":"type-product","3":"status-publish","4":"has-post-thumbnail","6":"product_cat-ceara-depilare","7":"pa_brand-nishman","8":"pa_felul-produsului-tip-ceara-naturala","9":"pa_producator-turcia","10":"pa_volum-500gr","12":"first","13":"instock","14":"shipping-taxable","15":"purchasable","16":"product-type-simple"},"_links":{"self":[{"href":"https:\/\/cool-style.md\/ro\/wp-json\/wp\/v2\/product\/1143","targetHints":{"allow":["GET"]}}],"collection":[{"href":"https:\/\/cool-style.md\/ro\/wp-json\/wp\/v2\/product"}],"about":[{"href":"https:\/\/cool-style.md\/ro\/wp-json\/wp\/v2\/types\/product"}],"wp:featuredmedia":[{"embeddable":true,"href":"https:\/\/cool-style.md\/ro\/wp-json\/wp\/v2\/media\/1144"}],"wp:attachment":[{"href":"https:\/\/cool-style.md\/ro\/wp-json\/wp\/v2\/media?parent=1143"}],"wp:term":[{"taxonomy":"product_brand","embeddable":true,"href":"https:\/\/cool-style.md\/ro\/wp-json\/wp\/v2\/product_brand?post=1143"},{"taxonomy":"product_cat","embeddable":true,"href":"https:\/\/cool-style.md\/ro\/wp-json\/wp\/v2\/product_cat?post=1143"},{"taxonomy":"product_tag","embeddable":true,"href":"https:\/\/cool-style.md\/ro\/wp-json\/wp\/v2\/product_tag?post=1143"}],"curies":[{"name":"wp","href":"https:\/\/api.w.org\/{rel}","templated":true}]}}