{"id":1172,"date":"2021-12-26T17:12:22","date_gmt":"2021-12-26T17:12:22","guid":{"rendered":"https:\/\/cool-style.md\/?post_type=product&#038;p=1172"},"modified":"2024-12-10T13:04:28","modified_gmt":"2024-12-10T13:04:28","slug":"italwax-cosmetic-talc-classic-50gr","status":"publish","type":"product","link":"https:\/\/cool-style.md\/ro\/product\/italwax-cosmetic-talc-classic-50gr\/","title":{"rendered":"Pudr\u0103 de talc \u00eenainte de depilare ItalWax Cosmetic Talc Classic 50gr"},"content":{"rendered":"<h2><span style=\"font-size: 75%;\">Pudr\u0103 de talc \u00eenainte de depilare ItalWax Cosmetic Talc Classic<\/span><\/h2>\n<ul>\n<li>nu irit\u0103 pielea;<\/li>\n<li>nu con\u021bine elemente chimice nocive;<\/li>\n<li>absoarbe umezeal\u0103 de pe piele;<\/li>\n<li>face procedura mai pu\u021bin dureroas\u0103.<\/li>\n<\/ul>\n<p><span style=\"font-size: 100%;\"><img decoding=\"async\" class=\" wp-image-1171 alignleft\" src=\"https:\/\/cool-style.md\/wp-content\/uploads\/2021\/12\/Cool-style.md-ItalWax-Cosmetic-Talc.jpg\" alt=\"Cool-style.md ItalWax Cosmetic Talc\" width=\"198\" height=\"198\" srcset=\"https:\/\/cool-style.md\/wp-content\/uploads\/2021\/12\/Cool-style.md-ItalWax-Cosmetic-Talc.jpg 254w, https:\/\/cool-style.md\/wp-content\/uploads\/2021\/12\/Cool-style.md-ItalWax-Cosmetic-Talc-100x100.jpg 100w, https:\/\/cool-style.md\/wp-content\/uploads\/2021\/12\/Cool-style.md-ItalWax-Cosmetic-Talc-247x247.jpg 247w\" sizes=\"(max-width: 198px) 100vw, 198px\" \/>Talc <a href=\"https:\/\/www.italwax.com\/\" target=\"_blank\" rel=\"noopener\">ItalWax<\/a> este un produs de ne\u00eenlocuit pentru utilizare \u00eenainte de procedura de <a href=\"https:\/\/cool-style.md\/ro\/pentru-depilare\/\">depilare<\/a>. Nu contine oxid de zinc si nu irita pielea. Este necesar s\u0103 preg\u0103ti\u021bi pielea pentru depilare cu cear\u0103 de film, past\u0103 de zah\u0103r, precum \u0219i \u00een timpul depil\u0103rii \u0219i dup\u0103 procedur\u0103.<\/span><\/p>\n<p><span style=\"font-size: 100%;\"><b>Volum: <\/b>50 gr<\/span><\/p>\n<p>&nbsp;<\/p>\n<p>&nbsp;<\/p>\n<p>&nbsp;<\/p>\n<h2><span style=\"font-size: 75%;\"><\/span><\/p>","protected":false},"excerpt":{"rendered":"<p><span style=\"font-size: 100%;\">ItalWax Cosmetic Talc Classic minimizeaz\u0103 disconfortul \u00een timpul depil\u0103rii.<\/span><span style=\"font-size: 100%;\"><\/span><\/p>\n","protected":false},"featured_media":1841,"template":"","meta":[],"product_brand":[],"product_cat":[151],"product_tag":[],"class_list":{"0":"post-1172","1":"product","2":"type-product","3":"status-publish","4":"has-post-thumbnail","6":"product_cat-inainte-dupa-depilare","7":"pa_brand-italwax","8":"pa_felul-produsului-tip-talc","9":"pa_producator-italia","10":"pa_volum-50gr","12":"first","13":"instock","14":"shipping-taxable","15":"purchasable","16":"product-type-simple"},"_links":{"self":[{"href":"https:\/\/cool-style.md\/ro\/wp-json\/wp\/v2\/product\/1172","targetHints":{"allow":["GET"]}}],"collection":[{"href":"https:\/\/cool-style.md\/ro\/wp-json\/wp\/v2\/product"}],"about":[{"href":"https:\/\/cool-style.md\/ro\/wp-json\/wp\/v2\/types\/product"}],"wp:featuredmedia":[{"embeddable":true,"href":"https:\/\/cool-style.md\/ro\/wp-json\/wp\/v2\/media\/1841"}],"wp:attachment":[{"href":"https:\/\/cool-style.md\/ro\/wp-json\/wp\/v2\/media?parent=1172"}],"wp:term":[{"taxonomy":"product_brand","embeddable":true,"href":"https:\/\/cool-style.md\/ro\/wp-json\/wp\/v2\/product_brand?post=1172"},{"taxonomy":"product_cat","embeddable":true,"href":"https:\/\/cool-style.md\/ro\/wp-json\/wp\/v2\/product_cat?post=1172"},{"taxonomy":"product_tag","embeddable":true,"href":"https:\/\/cool-style.md\/ro\/wp-json\/wp\/v2\/product_tag?post=1172"}],"curies":[{"name":"wp","href":"https:\/\/api.w.org\/{rel}","templated":true}]}}