{"id":1181,"date":"2021-12-26T19:12:15","date_gmt":"2021-12-26T19:12:15","guid":{"rendered":"https:\/\/cool-style.md\/?post_type=product&#038;p=1181"},"modified":"2024-03-07T10:24:29","modified_gmt":"2024-03-07T10:24:29","slug":"italwax-sugar-paste-propolis-and-honey","status":"publish","type":"product","link":"https:\/\/cool-style.md\/ro\/product\/italwax-sugar-paste-propolis-and-honey\/","title":{"rendered":"Past\u0103 de zah\u0103r cu miere \u0219i propolis ItalWax Sugar Paste Propolis and Honey 750gr"},"content":{"rendered":"<h2><span style=\"font-size: 75%;\">Past\u0103 de zah\u0103r cu miere \u0219i propolis ItalWax Sugar Paste Propolis and Honey<\/span><\/h2>\n<ul>\n<li>past\u0103 moale;<\/li>\n<li>u\u0219or de lucrat pe suprafe\u021be mari;<\/li>\n<li>se \u00eenc\u0103lze\u0219te \u00eentr-un cuptor cu microunde;<\/li>\n<li>are o arom\u0103 pl\u0103cut\u0103.<\/li>\n<\/ul>\n<p><span style=\"font-size: 100%;\"><img decoding=\"async\" class=\" wp-image-1182 alignleft\" src=\"https:\/\/cool-style.md\/wp-content\/uploads\/2021\/12\/Cool-style.md-ItalWax-Sugar-Paste-750ml-400x400.jpg\" alt=\"Cool-style.md ItalWax Sugar Paste 750ml\" width=\"288\" height=\"288\" srcset=\"https:\/\/cool-style.md\/wp-content\/uploads\/2021\/12\/Cool-style.md-ItalWax-Sugar-Paste-750ml-400x400.jpg 400w, https:\/\/cool-style.md\/wp-content\/uploads\/2021\/12\/Cool-style.md-ItalWax-Sugar-Paste-750ml-300x300.jpg 300w, https:\/\/cool-style.md\/wp-content\/uploads\/2021\/12\/Cool-style.md-ItalWax-Sugar-Paste-750ml-100x100.jpg 100w, https:\/\/cool-style.md\/wp-content\/uploads\/2021\/12\/Cool-style.md-ItalWax-Sugar-Paste-750ml-510x510.jpg 510w, https:\/\/cool-style.md\/wp-content\/uploads\/2021\/12\/Cool-style.md-ItalWax-Sugar-Paste-750ml-280x280.jpg 280w, https:\/\/cool-style.md\/wp-content\/uploads\/2021\/12\/Cool-style.md-ItalWax-Sugar-Paste-750ml-247x247.jpg 247w, https:\/\/cool-style.md\/wp-content\/uploads\/2021\/12\/Cool-style.md-ItalWax-Sugar-Paste-750ml.jpg 720w\" sizes=\"(max-width: 288px) 100vw, 288px\" \/>Pasta de zahar <a href=\"https:\/\/www.italwax.com\/\" target=\"_blank\" rel=\"noopener\">ItalWax<\/a> pentru <a href=\"https:\/\/cool-style.md\/ro\/pentru-depilare\/\">depilare<\/a>. Conceput pentru a fi utilizat cu echipament de bandaj. Past\u0103 moale. Cuptorul cu microunde se \u00eenc\u0103lze\u0219te rapid \u0219i \u00eendep\u0103rteaz\u0103 eficient firele de p\u0103r pe suprafe\u021be mari, cum ar fi bra\u021bele \u0219i picioarele. Extractele de propolis si miere din compozitia pastei ingrijesc pielea in timpul depilarii si au efect de regenerare si hranire, precum si confera pastei o aroma placuta.<\/span><\/p>\n<p><span style=\"font-size: 100%;\"><b>Volum: <\/b>750 gr<\/span><\/p>\n<p>&nbsp;<\/p>\n<p>&nbsp;<\/p>\n<p>&nbsp;<\/p>\n<h2><span style=\"font-size: 75%;\"><\/span><\/p>","protected":false},"excerpt":{"rendered":"<p><span style=\"font-size: 100%;\">ItalWax Sugar Paste Propolis and Honey \u00eengrije\u0219te pielea \u00een timpul procedurii, minimizeaz\u0103 ro\u0219ea\u021ba \u0219i uscarea pielii.<\/span><span style=\"font-size: 100%;\"><\/span><\/p>\n","protected":false},"featured_media":1834,"template":"","meta":[],"product_brand":[],"product_cat":[150],"product_tag":[],"class_list":{"0":"post-1181","1":"product","2":"type-product","3":"status-publish","4":"has-post-thumbnail","6":"product_cat-pasta-de-zahar","7":"pa_brand-italwax","8":"pa_felul-produsului-tip-pasta-de-zahar","9":"pa_producator-italia","10":"pa_volum-750gr","12":"first","13":"instock","14":"featured","15":"shipping-taxable","16":"purchasable","17":"product-type-simple"},"_links":{"self":[{"href":"https:\/\/cool-style.md\/ro\/wp-json\/wp\/v2\/product\/1181","targetHints":{"allow":["GET"]}}],"collection":[{"href":"https:\/\/cool-style.md\/ro\/wp-json\/wp\/v2\/product"}],"about":[{"href":"https:\/\/cool-style.md\/ro\/wp-json\/wp\/v2\/types\/product"}],"wp:featuredmedia":[{"embeddable":true,"href":"https:\/\/cool-style.md\/ro\/wp-json\/wp\/v2\/media\/1834"}],"wp:attachment":[{"href":"https:\/\/cool-style.md\/ro\/wp-json\/wp\/v2\/media?parent=1181"}],"wp:term":[{"taxonomy":"product_brand","embeddable":true,"href":"https:\/\/cool-style.md\/ro\/wp-json\/wp\/v2\/product_brand?post=1181"},{"taxonomy":"product_cat","embeddable":true,"href":"https:\/\/cool-style.md\/ro\/wp-json\/wp\/v2\/product_cat?post=1181"},{"taxonomy":"product_tag","embeddable":true,"href":"https:\/\/cool-style.md\/ro\/wp-json\/wp\/v2\/product_tag?post=1181"}],"curies":[{"name":"wp","href":"https:\/\/api.w.org\/{rel}","templated":true}]}}