{"id":1191,"date":"2021-12-26T20:04:01","date_gmt":"2021-12-26T20:04:01","guid":{"rendered":"https:\/\/cool-style.md\/?post_type=product&#038;p=1191"},"modified":"2024-12-10T17:21:38","modified_gmt":"2024-12-10T17:21:38","slug":"italwax-sugar-paste-soft","status":"publish","type":"product","link":"https:\/\/cool-style.md\/ro\/product\/italwax-sugar-paste-soft\/","title":{"rendered":"Past\u0103 de zah\u0103r moale ItalWax Sugar Paste Soft 650gr"},"content":{"rendered":"<h2><span style=\"font-size: 75%;\">Past\u0103 de zah\u0103r moale ItalWax Sugar Paste Soft<\/span><\/h2>\n<ul>\n<li>past\u0103 de densitate moale;<\/li>\n<li>u\u0219or de lucrat pe zone mari ale pielii;<\/li>\n<li>se \u00eenc\u0103lze\u0219te \u00eentr-un cuptor cu microunde;<\/li>\n<li>are o arom\u0103 pl\u0103cut\u0103.<\/li>\n<\/ul>\n<p><span style=\"font-size: 100%;\"><img decoding=\"async\" class=\" wp-image-1188 alignleft\" src=\"https:\/\/cool-style.md\/wp-content\/uploads\/2021\/12\/Cool-style.md-ItalWax-Sugar-Paste-400x400.jpg\" alt=\"Cool-style.md ItalWax Sugar Paste\" width=\"242\" height=\"242\" srcset=\"https:\/\/cool-style.md\/wp-content\/uploads\/2021\/12\/Cool-style.md-ItalWax-Sugar-Paste-400x400.jpg 400w, https:\/\/cool-style.md\/wp-content\/uploads\/2021\/12\/Cool-style.md-ItalWax-Sugar-Paste-300x300.jpg 300w, https:\/\/cool-style.md\/wp-content\/uploads\/2021\/12\/Cool-style.md-ItalWax-Sugar-Paste-100x100.jpg 100w, https:\/\/cool-style.md\/wp-content\/uploads\/2021\/12\/Cool-style.md-ItalWax-Sugar-Paste-510x510.jpg 510w, https:\/\/cool-style.md\/wp-content\/uploads\/2021\/12\/Cool-style.md-ItalWax-Sugar-Paste-801x800.jpg 801w, https:\/\/cool-style.md\/wp-content\/uploads\/2021\/12\/Cool-style.md-ItalWax-Sugar-Paste-280x280.jpg 280w, https:\/\/cool-style.md\/wp-content\/uploads\/2021\/12\/Cool-style.md-ItalWax-Sugar-Paste-768x767.jpg 768w, https:\/\/cool-style.md\/wp-content\/uploads\/2021\/12\/Cool-style.md-ItalWax-Sugar-Paste-247x247.jpg 247w, https:\/\/cool-style.md\/wp-content\/uploads\/2021\/12\/Cool-style.md-ItalWax-Sugar-Paste.jpg 1080w\" sizes=\"(max-width: 242px) 100vw, 242px\" \/>Pasta de zahar <a href=\"https:\/\/www.italwax.com\/\" target=\"_blank\" rel=\"noopener\">ItalWax<\/a> pentru <a href=\"https:\/\/cool-style.md\/ro\/pentru-depilare\/\">depilare<\/a>. Past\u0103 cu densitate moale. Conceput s\u0103 func\u021bioneze \u00een \u00eenc\u0103peri r\u0103coroase, bine condi\u021bionate, se utilizeaz\u0103 pentru depilarea suprafe\u021belor mari: picioare, m\u00e2ini. Convenabil atunci c\u00e2nd lucra\u021bi cu m\u0103nu\u0219i sau cu o metod\u0103 de bandaj.<\/span><\/p>\n<p><span style=\"font-size: 100%;\"><b>Volum: <\/b>650 gr<\/span><\/p>\n<p>&nbsp;<\/p>\n<p>&nbsp;<\/p>\n<p>&nbsp;<\/p>\n<h2><span style=\"font-size: 75%;\"><\/span><\/p>","protected":false},"excerpt":{"rendered":"<p><span style=\"font-size: 100%;\">ItalWax Sugar Paste Soft ideal\u0103 pentru depilarea m\u00e2inilor si picioarelor.<\/span><span style=\"font-size: 100%;\"><\/span><\/p>\n","protected":false},"featured_media":1850,"template":"","meta":[],"product_brand":[],"product_cat":[150],"product_tag":[],"class_list":{"0":"post-1191","1":"product","2":"type-product","3":"status-publish","4":"has-post-thumbnail","6":"product_cat-pasta-de-zahar","7":"pa_brand-italwax","8":"pa_felul-produsului-tip-pasta-de-zahar","9":"pa_producator-italia","10":"pa_volum-650gr","12":"first","13":"instock","14":"shipping-taxable","15":"purchasable","16":"product-type-simple"},"_links":{"self":[{"href":"https:\/\/cool-style.md\/ro\/wp-json\/wp\/v2\/product\/1191","targetHints":{"allow":["GET"]}}],"collection":[{"href":"https:\/\/cool-style.md\/ro\/wp-json\/wp\/v2\/product"}],"about":[{"href":"https:\/\/cool-style.md\/ro\/wp-json\/wp\/v2\/types\/product"}],"wp:featuredmedia":[{"embeddable":true,"href":"https:\/\/cool-style.md\/ro\/wp-json\/wp\/v2\/media\/1850"}],"wp:attachment":[{"href":"https:\/\/cool-style.md\/ro\/wp-json\/wp\/v2\/media?parent=1191"}],"wp:term":[{"taxonomy":"product_brand","embeddable":true,"href":"https:\/\/cool-style.md\/ro\/wp-json\/wp\/v2\/product_brand?post=1191"},{"taxonomy":"product_cat","embeddable":true,"href":"https:\/\/cool-style.md\/ro\/wp-json\/wp\/v2\/product_cat?post=1191"},{"taxonomy":"product_tag","embeddable":true,"href":"https:\/\/cool-style.md\/ro\/wp-json\/wp\/v2\/product_tag?post=1191"}],"curies":[{"name":"wp","href":"https:\/\/api.w.org\/{rel}","templated":true}]}}