{"id":1200,"date":"2021-12-26T21:08:26","date_gmt":"2021-12-26T21:08:26","guid":{"rendered":"https:\/\/cool-style.md\/?post_type=product&#038;p=1200"},"modified":"2023-03-14T16:51:24","modified_gmt":"2023-03-14T16:51:24","slug":"italwax-classic-warm-wax-lemon-800ml","status":"publish","type":"product","link":"https:\/\/cool-style.md\/ro\/product\/italwax-classic-warm-wax-lemon-800ml\/","title":{"rendered":"Cear\u0103 pentru depilare l\u0103m\u00e2ie ItalWax Classic Warm Wax Lemon 800ml"},"content":{"rendered":"<h2><span style=\"font-size: 75%;\">Cear\u0103 pentru depilare ItalWax Classic Warm Wax Lemon<\/span><\/h2>\n<ul>\n<li>capteaz\u0103 cele mai scurte fire de p\u0103r;<\/li>\n<li>adezivitate crescut\u0103;<\/li>\n<li>densitate mare;<\/li>\n<li>este convenabil s\u0103 lucrezi pe zone mari ale pielii;<\/li>\n<li>are o arom\u0103 pl\u0103cut\u0103.<\/li>\n<\/ul>\n<p><img decoding=\"async\" class=\" wp-image-1203 alignleft\" src=\"https:\/\/cool-style.md\/wp-content\/uploads\/2021\/12\/Cool-style.md-ItalWax-Classic-Warm-Wax-Lemon-400x400.jpg\" alt=\"Cool-style.md ItalWax Classic Warm Wax Lemon\" width=\"289\" height=\"289\" srcset=\"https:\/\/cool-style.md\/wp-content\/uploads\/2021\/12\/Cool-style.md-ItalWax-Classic-Warm-Wax-Lemon-400x400.jpg 400w, https:\/\/cool-style.md\/wp-content\/uploads\/2021\/12\/Cool-style.md-ItalWax-Classic-Warm-Wax-Lemon-300x300.jpg 300w, https:\/\/cool-style.md\/wp-content\/uploads\/2021\/12\/Cool-style.md-ItalWax-Classic-Warm-Wax-Lemon-100x100.jpg 100w, https:\/\/cool-style.md\/wp-content\/uploads\/2021\/12\/Cool-style.md-ItalWax-Classic-Warm-Wax-Lemon-510x510.jpg 510w, https:\/\/cool-style.md\/wp-content\/uploads\/2021\/12\/Cool-style.md-ItalWax-Classic-Warm-Wax-Lemon-800x800.jpg 800w, https:\/\/cool-style.md\/wp-content\/uploads\/2021\/12\/Cool-style.md-ItalWax-Classic-Warm-Wax-Lemon-280x280.jpg 280w, https:\/\/cool-style.md\/wp-content\/uploads\/2021\/12\/Cool-style.md-ItalWax-Classic-Warm-Wax-Lemon-768x768.jpg 768w, https:\/\/cool-style.md\/wp-content\/uploads\/2021\/12\/Cool-style.md-ItalWax-Classic-Warm-Wax-Lemon-247x247.jpg 247w, https:\/\/cool-style.md\/wp-content\/uploads\/2021\/12\/Cool-style.md-ItalWax-Classic-Warm-Wax-Lemon.jpg 1080w\" sizes=\"(max-width: 289px) 100vw, 289px\" \/>Ceara <span style=\"font-size: 100%;\"><a href=\"https:\/\/www.italwax.com\/\" target=\"_blank\" rel=\"noopener\">ItalWax<\/a><\/span> este ideala pentru <span style=\"font-size: 100%;\"><a href=\"https:\/\/cool-style.md\/ro\/pentru-depilare\/\">depilare<\/a><\/span>. Potrivit pentru \u00eendep\u0103rtarea firelor de p\u0103r scurte, aspre. Con\u021binut ridicat de dioxid de titan. Adezivitate crescut\u0103. Punct de topire 40 \u00b0 C.<\/p>\n<p><span style=\"font-size: 100%;\"><b>Volum:<\/b> 800 ml<\/span><\/p>\n<p>&nbsp;<\/p>\n<h2><span style=\"font-size: 75%;\"><\/span><\/p>","protected":false},"excerpt":{"rendered":"<p><span style=\"font-size: 100%;\">ItalWax Classic Warm Wax Lemon ideal pentru \u00eendep\u0103rtarea p\u0103rului scurt \u0219i aspru.<\/span><span style=\"font-size: 100%;\"><\/span><\/p>\n","protected":false},"featured_media":1689,"template":"","meta":[],"product_brand":[],"product_cat":[149],"product_tag":[],"class_list":{"0":"post-1200","1":"product","2":"type-product","3":"status-publish","4":"has-post-thumbnail","6":"product_cat-ceara-depilare","7":"pa_brand-italwax","8":"pa_felul-produsului-tip-ceara-naturala","9":"pa_producator-italia","10":"pa_volum-800ml","12":"first","13":"instock","14":"shipping-taxable","15":"purchasable","16":"product-type-simple"},"_links":{"self":[{"href":"https:\/\/cool-style.md\/ro\/wp-json\/wp\/v2\/product\/1200","targetHints":{"allow":["GET"]}}],"collection":[{"href":"https:\/\/cool-style.md\/ro\/wp-json\/wp\/v2\/product"}],"about":[{"href":"https:\/\/cool-style.md\/ro\/wp-json\/wp\/v2\/types\/product"}],"wp:featuredmedia":[{"embeddable":true,"href":"https:\/\/cool-style.md\/ro\/wp-json\/wp\/v2\/media\/1689"}],"wp:attachment":[{"href":"https:\/\/cool-style.md\/ro\/wp-json\/wp\/v2\/media?parent=1200"}],"wp:term":[{"taxonomy":"product_brand","embeddable":true,"href":"https:\/\/cool-style.md\/ro\/wp-json\/wp\/v2\/product_brand?post=1200"},{"taxonomy":"product_cat","embeddable":true,"href":"https:\/\/cool-style.md\/ro\/wp-json\/wp\/v2\/product_cat?post=1200"},{"taxonomy":"product_tag","embeddable":true,"href":"https:\/\/cool-style.md\/ro\/wp-json\/wp\/v2\/product_tag?post=1200"}],"curies":[{"name":"wp","href":"https:\/\/api.w.org\/{rel}","templated":true}]}}