{"id":1230,"date":"2021-12-26T21:45:09","date_gmt":"2021-12-26T21:45:09","guid":{"rendered":"https:\/\/cool-style.md\/?post_type=product&#038;p=1230"},"modified":"2023-03-14T16:47:47","modified_gmt":"2023-03-14T16:47:47","slug":"italwax-classic-warm-wax-white-chocolate-400ml","status":"publish","type":"product","link":"https:\/\/cool-style.md\/ro\/product\/italwax-classic-warm-wax-white-chocolate-400ml\/","title":{"rendered":"Cear\u0103 pentru depilare ciocolat\u0103 alb\u0103 ItalWax Classic Warm Wax White Chocolate 400ml"},"content":{"rendered":"<h2><span style=\"font-size: 75%;\">Cear\u0103 pentru depilare ItalWax Classic Warm Wax White Chocolate<\/span><\/h2>\n<ul>\n<li>capteaz\u0103 cele mai scurte fire de p\u0103r;<\/li>\n<li>adezivitate crescut\u0103;<\/li>\n<li>densitate medie;<\/li>\n<li>este convenabil s\u0103 lucrezi pe zone mari ale pielii;<\/li>\n<li>are o arom\u0103 pl\u0103cut\u0103.<\/li>\n<\/ul>\n<p><img decoding=\"async\" class=\" wp-image-1229 alignleft\" src=\"https:\/\/cool-style.md\/wp-content\/uploads\/2021\/12\/Cool-style.md-ItalWax-Classic-Warm-Wax-White-Chocolate-600x400.jpg\" alt=\"Cool-style.md ItalWax Classic Warm Wax White Chocolate\" width=\"354\" height=\"236\" srcset=\"https:\/\/cool-style.md\/wp-content\/uploads\/2021\/12\/Cool-style.md-ItalWax-Classic-Warm-Wax-White-Chocolate-600x400.jpg 600w, https:\/\/cool-style.md\/wp-content\/uploads\/2021\/12\/Cool-style.md-ItalWax-Classic-Warm-Wax-White-Chocolate-510x340.jpg 510w, https:\/\/cool-style.md\/wp-content\/uploads\/2021\/12\/Cool-style.md-ItalWax-Classic-Warm-Wax-White-Chocolate-768x512.jpg 768w, https:\/\/cool-style.md\/wp-content\/uploads\/2021\/12\/Cool-style.md-ItalWax-Classic-Warm-Wax-White-Chocolate.jpg 900w\" sizes=\"(max-width: 354px) 100vw, 354px\" \/>Ceara <span style=\"font-size: 100%;\"><a href=\"https:\/\/www.italwax.com\/\" target=\"_blank\" rel=\"noopener\">ItalWax<\/a><\/span> este ideala pentru <span style=\"font-size: 100%;\"><a href=\"https:\/\/cool-style.md\/ro\/pentru-depilare\/\">depilare<\/a><\/span>. Conceput pentru \u00eendep\u0103rtarea firelor de p\u0103r mediu-dure, con\u021bine dioxid de titan pentru o mai bun\u0103 aderen\u021b\u0103 la p\u0103r. Opac, vizibil pe piele. Punct de topire 40 \u00b0 C.<\/p>\n<p><span style=\"font-size: 100%;\"><b>Volum:<\/b> 400 ml<\/span><\/p>\n<p>&nbsp;<\/p>\n<h2><span style=\"font-size: 75%;\"><\/span><\/p>","protected":false},"excerpt":{"rendered":"<p><span style=\"font-size: 100%;\">ItalWax Classic Warm Wax White Chocolate ideal pentru \u00eendep\u0103rtarea p\u0103rului mediu-aspru.<\/span><\/p>\n","protected":false},"featured_media":1672,"template":"","meta":[],"product_brand":[],"product_cat":[149],"product_tag":[],"class_list":{"0":"post-1230","1":"product","2":"type-product","3":"status-publish","4":"has-post-thumbnail","6":"product_cat-ceara-depilare","7":"pa_brand-italwax","8":"pa_felul-produsului-tip-ceara-naturala","9":"pa_producator-italia","10":"pa_volum-400ml","12":"first","13":"instock","14":"shipping-taxable","15":"purchasable","16":"product-type-simple"},"_links":{"self":[{"href":"https:\/\/cool-style.md\/ro\/wp-json\/wp\/v2\/product\/1230","targetHints":{"allow":["GET"]}}],"collection":[{"href":"https:\/\/cool-style.md\/ro\/wp-json\/wp\/v2\/product"}],"about":[{"href":"https:\/\/cool-style.md\/ro\/wp-json\/wp\/v2\/types\/product"}],"wp:featuredmedia":[{"embeddable":true,"href":"https:\/\/cool-style.md\/ro\/wp-json\/wp\/v2\/media\/1672"}],"wp:attachment":[{"href":"https:\/\/cool-style.md\/ro\/wp-json\/wp\/v2\/media?parent=1230"}],"wp:term":[{"taxonomy":"product_brand","embeddable":true,"href":"https:\/\/cool-style.md\/ro\/wp-json\/wp\/v2\/product_brand?post=1230"},{"taxonomy":"product_cat","embeddable":true,"href":"https:\/\/cool-style.md\/ro\/wp-json\/wp\/v2\/product_cat?post=1230"},{"taxonomy":"product_tag","embeddable":true,"href":"https:\/\/cool-style.md\/ro\/wp-json\/wp\/v2\/product_tag?post=1230"}],"curies":[{"name":"wp","href":"https:\/\/api.w.org\/{rel}","templated":true}]}}