{"id":1241,"date":"2021-12-26T22:04:38","date_gmt":"2021-12-26T22:04:38","guid":{"rendered":"https:\/\/cool-style.md\/?post_type=product&#038;p=1241"},"modified":"2023-03-14T16:46:32","modified_gmt":"2023-03-14T16:46:32","slug":"italwax-classic-warm-wax-azulene-800ml-2","status":"publish","type":"product","link":"https:\/\/cool-style.md\/ro\/product\/italwax-classic-warm-wax-azulene-800ml-2\/","title":{"rendered":"Cear\u0103 pentru depilare azulen ItalWax Classic Warm Wax Azulene 400ml"},"content":{"rendered":"<h2><span style=\"font-size: 75%;\">Cear\u0103 pentru depilare ItalWax Classic Warm Wax Azulene<\/span><\/h2>\n<ul>\n<li>capteaz\u0103 cele mai scurte fire de p\u0103r;<\/li>\n<li>adezivitate \u00eenalt\u0103;<\/li>\n<li>pentru p\u0103rul fin \u0219i u\u0219or;<\/li>\n<li>este convenabil s\u0103 lucrezi pe zone mari ale pielii;<\/li>\n<li>are o arom\u0103 pl\u0103cut\u0103.<\/li>\n<\/ul>\n<p><img decoding=\"async\" class=\" wp-image-1239 alignleft\" src=\"https:\/\/cool-style.md\/wp-content\/uploads\/2021\/12\/Cool-style.md-ItalWax-Classic-Warm-Wax-Azulene-600x400.jpg\" alt=\"Cool-style.md ItalWax Classic Warm Wax Azulene\" width=\"354\" height=\"236\" srcset=\"https:\/\/cool-style.md\/wp-content\/uploads\/2021\/12\/Cool-style.md-ItalWax-Classic-Warm-Wax-Azulene-600x400.jpg 600w, https:\/\/cool-style.md\/wp-content\/uploads\/2021\/12\/Cool-style.md-ItalWax-Classic-Warm-Wax-Azulene-510x340.jpg 510w, https:\/\/cool-style.md\/wp-content\/uploads\/2021\/12\/Cool-style.md-ItalWax-Classic-Warm-Wax-Azulene-768x512.jpg 768w, https:\/\/cool-style.md\/wp-content\/uploads\/2021\/12\/Cool-style.md-ItalWax-Classic-Warm-Wax-Azulene.jpg 900w\" sizes=\"(max-width: 354px) 100vw, 354px\" \/>Ceara <span style=\"font-size: 100%;\"><a href=\"https:\/\/www.italwax.com\/\" target=\"_blank\" rel=\"noopener\">ItalWax<\/a><\/span> este ideala pentru <span style=\"font-size: 100%;\"><a href=\"https:\/\/cool-style.md\/ro\/pentru-depilare\/\">depilare<\/a><\/span>. Culoare de cear\u0103 transparent\u0103. Conceput pentru a \u00eendep\u0103rta p\u0103rul fin \u0219i u\u0219or. Se caracterizeaz\u0103 printr-o aderen\u021b\u0103 ridicat\u0103, se aplic\u0103 \u00eentr-o pelicul\u0103 sub\u021bire \u0219i \u00eendep\u0103rteaz\u0103 eficient p\u0103rul. Punct de topire 40 \u00b0 C.<\/p>\n<p><span style=\"font-size: 100%;\"><b>Volum:<\/b> 400 ml<\/span><\/p>\n<p>&nbsp;<\/p>\n<h2><span style=\"font-size: 75%;\"><\/span><\/p>","protected":false},"excerpt":{"rendered":"<p><span style=\"font-size: 100%;\">ItalWax Classic Warm Wax Azulene ideal pentru indep\u0103rtarea firelor de p\u0103r u\u0219oare \u0219i fine.<\/span><\/p>\n","protected":false},"featured_media":1666,"template":"","meta":[],"product_brand":[],"product_cat":[149],"product_tag":[],"class_list":{"0":"post-1241","1":"product","2":"type-product","3":"status-publish","4":"has-post-thumbnail","6":"product_cat-ceara-depilare","7":"pa_brand-italwax","8":"pa_felul-produsului-tip-ceara-naturala","9":"pa_producator-italia","10":"pa_volum-400ml","12":"first","13":"instock","14":"shipping-taxable","15":"purchasable","16":"product-type-simple"},"_links":{"self":[{"href":"https:\/\/cool-style.md\/ro\/wp-json\/wp\/v2\/product\/1241","targetHints":{"allow":["GET"]}}],"collection":[{"href":"https:\/\/cool-style.md\/ro\/wp-json\/wp\/v2\/product"}],"about":[{"href":"https:\/\/cool-style.md\/ro\/wp-json\/wp\/v2\/types\/product"}],"wp:featuredmedia":[{"embeddable":true,"href":"https:\/\/cool-style.md\/ro\/wp-json\/wp\/v2\/media\/1666"}],"wp:attachment":[{"href":"https:\/\/cool-style.md\/ro\/wp-json\/wp\/v2\/media?parent=1241"}],"wp:term":[{"taxonomy":"product_brand","embeddable":true,"href":"https:\/\/cool-style.md\/ro\/wp-json\/wp\/v2\/product_brand?post=1241"},{"taxonomy":"product_cat","embeddable":true,"href":"https:\/\/cool-style.md\/ro\/wp-json\/wp\/v2\/product_cat?post=1241"},{"taxonomy":"product_tag","embeddable":true,"href":"https:\/\/cool-style.md\/ro\/wp-json\/wp\/v2\/product_tag?post=1241"}],"curies":[{"name":"wp","href":"https:\/\/api.w.org\/{rel}","templated":true}]}}