{"id":1252,"date":"2021-12-27T07:30:48","date_gmt":"2021-12-27T07:30:48","guid":{"rendered":"https:\/\/cool-style.md\/?post_type=product&#038;p=1252"},"modified":"2024-12-05T18:44:44","modified_gmt":"2024-12-05T18:44:44","slug":"nishman-beard-mustache-genius-parfume","status":"publish","type":"product","link":"https:\/\/cool-style.md\/ro\/product\/nishman-beard-mustache-genius-parfume\/","title":{"rendered":"Parfum pentru barb\u0103 Nishman Beard Mustache Genius Parfume 75ml"},"content":{"rendered":"<h2><span style=\"font-size: 75%;\">Parfum pentru barb\u0103 Nishman Beard Mustache Genius Parfume<\/span><\/h2>\n<ul>\n<li>\u00cenmoaie p\u0103rul din barb\u0103;<\/li>\n<li>Ofer\u0103 \u00eengrijire cuprinz\u0103toare;<\/li>\n<li>Are un miros placut;<\/li>\n<li>Nu contine alcool;<\/li>\n<li>Potrivit pentru toate tipurile de piele;<\/li>\n<\/ul>\n<p><img decoding=\"async\" class=\" wp-image-1254 alignleft\" src=\"https:\/\/cool-style.md\/wp-content\/uploads\/2021\/12\/Cool-style.md-Nishman-Beard-Mustache-Parfume-533x400.jpg\" alt=\"Cool-style.md Nishman Beard Mustache Parfume\" width=\"425\" height=\"319\" srcset=\"https:\/\/cool-style.md\/wp-content\/uploads\/2021\/12\/Cool-style.md-Nishman-Beard-Mustache-Parfume-533x400.jpg 533w, https:\/\/cool-style.md\/wp-content\/uploads\/2021\/12\/Cool-style.md-Nishman-Beard-Mustache-Parfume-510x383.jpg 510w, https:\/\/cool-style.md\/wp-content\/uploads\/2021\/12\/Cool-style.md-Nishman-Beard-Mustache-Parfume-768x576.jpg 768w, https:\/\/cool-style.md\/wp-content\/uploads\/2021\/12\/Cool-style.md-Nishman-Beard-Mustache-Parfume.jpg 1053w\" sizes=\"(max-width: 425px) 100vw, 425px\" \/>Parfum pentru <a href=\"https:\/\/cool-style.md\/ro\/cosmetice-barbati\/ingrijirea-barbii\/\">barb\u0103<\/a> <a href=\"https:\/\/nishman.com.tr\/\" target=\"_blank\" rel=\"noopener\">NISHMAN<\/a> conceput pentru a v\u0103 completa \u0219i lumina perfect parfumul. \u00cendep\u0103rteaz\u0103 eficient mirosurile chimice, fumul de \u021bigar\u0103 p\u0103trunzat \u00een p\u0103r.<\/p>\n<p>Formula special\u0103 este dezvoltat\u0103 \u021bin\u00e2nd cont de structura p\u0103rului, ofer\u0103 \u00eengrijire suplimentar\u0103 datorit\u0103 vitaminelor complexe \u0219i v\u0103 permite s\u0103 ob\u021bine\u021bi un aspect \u0219i mai impresionant.<\/p>\n<p>Nu con\u021bine alcool \u00een formula sa special\u0103. Cu o formula f\u0103r\u0103 alcool, hidrateaz\u0103 \u0219i hr\u0103ne\u0219te barb\u0103 si musta\u021b\u0103. Ofer\u0103 moliciune \u0219i str\u0103lucire b\u0103rbii, ar\u0103t\u00e2nd s\u0103n\u0103tos \u0219i pl\u0103cut la atingere.<\/p>\n<p><strong>Aroma:<\/strong> Genius<\/p>\n<p><strong>Volum:<\/strong> 75 ml<\/p>\n<p><strong>Mod de utilizare:<\/strong> Freca\u021bi c\u00e2teva pic\u0103turi de ulei \u00eentre palme \u0219i aplica\u021bi uniform pe barb\u0103 \u0219i p\u0103rul de musta\u021b\u0103. Poate fi aplicat pe piele.<\/p>\n<p><strong>Aten\u021bie:<\/strong> numai pentru uz extern. \u00cen caz de contact cu ochii, cl\u0103ti\u021bi cu mult\u0103 ap\u0103. A nu se lasa la indemana copiilor.<\/p>","protected":false},"excerpt":{"rendered":"<p><span style=\"font-size: 100%;\">Nishman Beard Mustache Genius Parfume elimin\u0103 eficient mirosurile care au p\u0103truns \u00een p\u0103r, ofer\u0103 o \u00eengrijire complet\u0103.<\/span><span style=\"font-size: 100%;\"><\/span><\/p>\n","protected":false},"featured_media":1253,"template":"","meta":[],"product_brand":[],"product_cat":[32],"product_tag":[],"class_list":{"0":"post-1252","1":"product","2":"type-product","3":"status-publish","4":"has-post-thumbnail","6":"product_cat-ingrijirea-barbii","7":"pa_brand-nishman","8":"pa_felul-produsului-tip-colonie","9":"pa_producator-turcia","10":"pa_volum-75ml","12":"first","13":"instock","14":"featured","15":"shipping-taxable","16":"purchasable","17":"product-type-simple"},"_links":{"self":[{"href":"https:\/\/cool-style.md\/ro\/wp-json\/wp\/v2\/product\/1252","targetHints":{"allow":["GET"]}}],"collection":[{"href":"https:\/\/cool-style.md\/ro\/wp-json\/wp\/v2\/product"}],"about":[{"href":"https:\/\/cool-style.md\/ro\/wp-json\/wp\/v2\/types\/product"}],"wp:featuredmedia":[{"embeddable":true,"href":"https:\/\/cool-style.md\/ro\/wp-json\/wp\/v2\/media\/1253"}],"wp:attachment":[{"href":"https:\/\/cool-style.md\/ro\/wp-json\/wp\/v2\/media?parent=1252"}],"wp:term":[{"taxonomy":"product_brand","embeddable":true,"href":"https:\/\/cool-style.md\/ro\/wp-json\/wp\/v2\/product_brand?post=1252"},{"taxonomy":"product_cat","embeddable":true,"href":"https:\/\/cool-style.md\/ro\/wp-json\/wp\/v2\/product_cat?post=1252"},{"taxonomy":"product_tag","embeddable":true,"href":"https:\/\/cool-style.md\/ro\/wp-json\/wp\/v2\/product_tag?post=1252"}],"curies":[{"name":"wp","href":"https:\/\/api.w.org\/{rel}","templated":true}]}}