{"id":1257,"date":"2021-12-27T17:15:33","date_gmt":"2021-12-27T17:15:33","guid":{"rendered":"https:\/\/cool-style.md\/?post_type=product&#038;p=1257"},"modified":"2024-12-05T18:45:52","modified_gmt":"2024-12-05T18:45:52","slug":"nishman-facial-clay-mask","status":"publish","type":"product","link":"https:\/\/cool-style.md\/ro\/product\/nishman-facial-clay-mask\/","title":{"rendered":"Masca pentru fa\u021b\u0103 din argil\u0103 Nishman Facial Clay Mask 450gr"},"content":{"rendered":"<h2><span style=\"font-size: 75%;\">Masca pentru fa\u021b\u0103 din argil\u0103 Nishman Facial Clay Mask<\/span><\/h2>\n<ul>\n<li>Hidrateaz\u0103 \u0219i hr\u0103ne\u0219te pielea fe\u021bei;<\/li>\n<li>Cura\u021b\u0103 \u00een profunzime porii;<\/li>\n<li>Normalizeaz\u0103 activitatea glandelor sebacee;<\/li>\n<li>\u00cendep\u0103rteaz\u0103 epiteliul mort;<\/li>\n<li>Potrivit pentru toate tipurile de piele;<\/li>\n<\/ul>\n<p><img decoding=\"async\" class=\" wp-image-1259 alignleft\" src=\"https:\/\/cool-style.md\/wp-content\/uploads\/2021\/12\/Cool-stule.md-Nishman-Facial-Clay-Mask-324x400.jpg\" alt=\"Cool-stule.md Nishman Facial Clay Mask\" width=\"271\" height=\"335\" srcset=\"https:\/\/cool-style.md\/wp-content\/uploads\/2021\/12\/Cool-stule.md-Nishman-Facial-Clay-Mask-324x400.jpg 324w, https:\/\/cool-style.md\/wp-content\/uploads\/2021\/12\/Cool-stule.md-Nishman-Facial-Clay-Mask.jpg 462w\" sizes=\"(max-width: 271px) 100vw, 271px\" \/>Masca <a href=\"https:\/\/cool-style.md\/ro\/cosmetice-barbati\/ingrijirea-fetei\/\">facial\u0103<\/a> <a href=\"https:\/\/nishman.com.tr\/\" target=\"_blank\" rel=\"noopener\">Nishman<\/a>\u00a0cur\u0103\u021b\u0103 pielea \u00een profunzime datorit\u0103 formulei sale unice, l\u0103s\u00e2nd pielea m\u0103t\u0103soas\u0103 \u0219i vital\u0103. Desfunda porii, hidrateaza pielea, indeparteaza excesul de sebum si celulele moarte ale pielii, ajutand pielea sa-si recapete tonusul natural.<\/p>\n<p><strong>Volum:<\/strong> 450 gr<\/p>\n<p><strong>Mod de utilizare:<\/strong> pe pielea cur\u0103\u021bat\u0103 \u00een prealabil, aplica\u021bi un strat de masc\u0103, ocolind zona ochilor, buzelor \u0219i zona de cre\u0219tere a p\u0103rului. L\u0103sa\u021bi s\u0103 se usuce 10-15 minute, clati\u021bi cu ap\u0103 cald\u0103.<\/p>\n<p><strong>Aten\u021bie:<\/strong> numai pentru uz extern. \u00cen caz de contact cu ochii, cl\u0103ti\u021bi cu mult\u0103 ap\u0103. A nu se lasa la indemana copiilor.<\/p>","protected":false},"excerpt":{"rendered":"<p><span style=\"font-size: 100%;\">Nishman Facial Clay Mask cura\u021b\u0103 \u00een profunzime porii \u0219i \u00eendeparteaz\u0103 celulele moarte.<\/span><span style=\"font-size: 100%;\"><\/span><\/p>\n","protected":false},"featured_media":1258,"template":"","meta":[],"product_brand":[],"product_cat":[33],"product_tag":[],"class_list":{"0":"post-1257","1":"product","2":"type-product","3":"status-publish","4":"has-post-thumbnail","6":"product_cat-ingrijirea-fetei","7":"pa_brand-nishman","8":"pa_felul-produsului-tip-masca","9":"pa_producator-turcia","10":"pa_volum-450gr","12":"first","13":"instock","14":"featured","15":"shipping-taxable","16":"purchasable","17":"product-type-simple"},"_links":{"self":[{"href":"https:\/\/cool-style.md\/ro\/wp-json\/wp\/v2\/product\/1257","targetHints":{"allow":["GET"]}}],"collection":[{"href":"https:\/\/cool-style.md\/ro\/wp-json\/wp\/v2\/product"}],"about":[{"href":"https:\/\/cool-style.md\/ro\/wp-json\/wp\/v2\/types\/product"}],"wp:featuredmedia":[{"embeddable":true,"href":"https:\/\/cool-style.md\/ro\/wp-json\/wp\/v2\/media\/1258"}],"wp:attachment":[{"href":"https:\/\/cool-style.md\/ro\/wp-json\/wp\/v2\/media?parent=1257"}],"wp:term":[{"taxonomy":"product_brand","embeddable":true,"href":"https:\/\/cool-style.md\/ro\/wp-json\/wp\/v2\/product_brand?post=1257"},{"taxonomy":"product_cat","embeddable":true,"href":"https:\/\/cool-style.md\/ro\/wp-json\/wp\/v2\/product_cat?post=1257"},{"taxonomy":"product_tag","embeddable":true,"href":"https:\/\/cool-style.md\/ro\/wp-json\/wp\/v2\/product_tag?post=1257"}],"curies":[{"name":"wp","href":"https:\/\/api.w.org\/{rel}","templated":true}]}}