{"id":1260,"date":"2021-12-27T17:26:06","date_gmt":"2021-12-27T17:26:06","guid":{"rendered":"https:\/\/cool-style.md\/?post_type=product&#038;p=1260"},"modified":"2026-01-05T19:28:32","modified_gmt":"2026-01-05T19:28:32","slug":"nishman-facial-peeling-gel","status":"publish","type":"product","link":"https:\/\/cool-style.md\/ro\/product\/nishman-facial-peeling-gel\/","title":{"rendered":"Peeling pentru fa\u021b\u0103 Nishman Facial Peeling Gel 200ml"},"content":{"rendered":"<h2><span style=\"font-size: 75%;\">Peeling pentru fa\u021b\u0103 Nishman Facial Peeling Gel<\/span><\/h2>\n<ul>\n<li>Cura\u021b\u0103 \u00een profunzime porii;<\/li>\n<li>R\u0103core\u0219te \u0219i \u00eemprosp\u0103teaz\u0103 pielea;<\/li>\n<li>\u00cendep\u0103rteaz\u0103 epiteliul mort;<\/li>\n<li>Potrivit pentru toate tipurile de piele;<\/li>\n<\/ul>\n<p><img decoding=\"async\" class=\" wp-image-1263 alignleft\" src=\"https:\/\/cool-style.md\/wp-content\/uploads\/2021\/12\/Cool-style.md-Nishman-Peeling-Gel-320x400.jpg\" alt=\"Cool-style.md Nishman Peeling Gel\" width=\"234\" height=\"293\" srcset=\"https:\/\/cool-style.md\/wp-content\/uploads\/2021\/12\/Cool-style.md-Nishman-Peeling-Gel-320x400.jpg 320w, https:\/\/cool-style.md\/wp-content\/uploads\/2021\/12\/Cool-style.md-Nishman-Peeling-Gel-510x638.jpg 510w, https:\/\/cool-style.md\/wp-content\/uploads\/2021\/12\/Cool-style.md-Nishman-Peeling-Gel-640x800.jpg 640w, https:\/\/cool-style.md\/wp-content\/uploads\/2021\/12\/Cool-style.md-Nishman-Peeling-Gel-768x960.jpg 768w, https:\/\/cool-style.md\/wp-content\/uploads\/2021\/12\/Cool-style.md-Nishman-Peeling-Gel-1229x1536.jpg 1229w, https:\/\/cool-style.md\/wp-content\/uploads\/2021\/12\/Cool-style.md-Nishman-Peeling-Gel.jpg 1440w\" sizes=\"(max-width: 234px) 100vw, 234px\" \/>Peeling <a href=\"https:\/\/cool-style.md\/ro\/cosmetice-barbati\/ingrijirea-fetei\/\">facial<\/a> <a href=\"https:\/\/nishman.com.tr\/\" target=\"_blank\" rel=\"noopener\">Nishman<\/a> cur\u0103\u021b\u0103 pielea \u00een profunzime datorit\u0103 formulei sale unice cu particule mici, menta \u00een compozi\u021bie ofer\u0103 o senza\u021bie de cur\u0103\u021benie \u0219i prospe\u021bime. Cu produse bl\u00e2nde, confer\u0103 pielii o textur\u0103 m\u0103t\u0103soas\u0103 \u0219i limpede.<\/p>\n<p><strong>Volum:<\/strong> 200 ml<\/p>\n<p><strong>Mod de utilizare:<\/strong> Aplica\u021bi peelingul pe piele \u0219i freca\u021bi cu mi\u0219c\u0103ri circulare de masaj, cl\u0103ti\u021bi cu ap\u0103 cald\u0103.<\/p>\n<p><strong>Aten\u021bie:<\/strong> numai pentru uz extern. \u00cen caz de contact cu ochii, cl\u0103ti\u021bi cu mult\u0103 ap\u0103. A nu se lasa la indemana copiilor.<\/p>","protected":false},"excerpt":{"rendered":"<p><span style=\"font-size: 100%;\">Nishman Facial Peeling Gel cura\u021b\u0103 \u00een profunzime porii \u0219i \u00eendeparteaz\u0103 celulele moarte.<\/span><span style=\"font-size: 100%;\"><\/span><\/p>\n","protected":false},"featured_media":1262,"template":"","meta":[],"product_brand":[],"product_cat":[33],"product_tag":[],"class_list":{"0":"post-1260","1":"product","2":"type-product","3":"status-publish","4":"has-post-thumbnail","6":"product_cat-ingrijirea-fetei","7":"pa_brand-nishman","8":"pa_felul-produsului-tip-peeling","9":"pa_producator-turcia","10":"pa_volum-200ml","12":"first","13":"instock","14":"featured","15":"shipping-taxable","16":"purchasable","17":"product-type-simple"},"_links":{"self":[{"href":"https:\/\/cool-style.md\/ro\/wp-json\/wp\/v2\/product\/1260","targetHints":{"allow":["GET"]}}],"collection":[{"href":"https:\/\/cool-style.md\/ro\/wp-json\/wp\/v2\/product"}],"about":[{"href":"https:\/\/cool-style.md\/ro\/wp-json\/wp\/v2\/types\/product"}],"wp:featuredmedia":[{"embeddable":true,"href":"https:\/\/cool-style.md\/ro\/wp-json\/wp\/v2\/media\/1262"}],"wp:attachment":[{"href":"https:\/\/cool-style.md\/ro\/wp-json\/wp\/v2\/media?parent=1260"}],"wp:term":[{"taxonomy":"product_brand","embeddable":true,"href":"https:\/\/cool-style.md\/ro\/wp-json\/wp\/v2\/product_brand?post=1260"},{"taxonomy":"product_cat","embeddable":true,"href":"https:\/\/cool-style.md\/ro\/wp-json\/wp\/v2\/product_cat?post=1260"},{"taxonomy":"product_tag","embeddable":true,"href":"https:\/\/cool-style.md\/ro\/wp-json\/wp\/v2\/product_tag?post=1260"}],"curies":[{"name":"wp","href":"https:\/\/api.w.org\/{rel}","templated":true}]}}