{"id":1268,"date":"2021-12-27T18:11:15","date_gmt":"2021-12-27T18:11:15","guid":{"rendered":"https:\/\/cool-style.md\/?post_type=product&#038;p=1268"},"modified":"2026-01-05T19:36:46","modified_gmt":"2026-01-05T19:36:46","slug":"nishman-hand-face-cream-blackberry","status":"publish","type":"product","link":"https:\/\/cool-style.md\/ro\/product\/nishman-hand-face-cream-blackberry\/","title":{"rendered":"Crem\u0103 pentru fa\u021b\u0103 \u0219i m\u00e2\u00eeni Nishman Hand Face Cream Blackberry 300ml"},"content":{"rendered":"<h2><span style=\"font-size: 75%;\">Crem\u0103 pentru fa\u021b\u0103 \u0219i m\u00e2\u00eeni Nishman Hand Face Cream Blackberry<\/span><\/h2>\n<ul>\n<li>Hidrateaz\u0103 \u0219i hr\u0103ne\u0219te pielea fe\u021bei;<\/li>\n<li>Normalizeaz\u0103 activitatea glandelor sebacee;<\/li>\n<li>Fabricat din ingrediente naturale;<\/li>\n<li>Potrivit pentru toate tipurile de piele;<\/li>\n<\/ul>\n<p><img decoding=\"async\" class=\" wp-image-1267 alignleft\" src=\"https:\/\/cool-style.md\/wp-content\/uploads\/2021\/12\/Cool-style.md-Nishman-Hand-Face-Cream-531x400.jpg\" alt=\"Cool-style.md Nishman Hand Face Cream\" width=\"291\" height=\"219\" srcset=\"https:\/\/cool-style.md\/wp-content\/uploads\/2021\/12\/Cool-style.md-Nishman-Hand-Face-Cream-531x400.jpg 531w, https:\/\/cool-style.md\/wp-content\/uploads\/2021\/12\/Cool-style.md-Nishman-Hand-Face-Cream-510x385.jpg 510w, https:\/\/cool-style.md\/wp-content\/uploads\/2021\/12\/Cool-style.md-Nishman-Hand-Face-Cream.jpg 569w\" sizes=\"(max-width: 291px) 100vw, 291px\" \/>Crema de <a href=\"https:\/\/cool-style.md\/ro\/cosmetice-barbati\/ingrijirea-fetei\/\">fa\u021b\u0103<\/a> \u0219i m\u00e2ini cu mure <a href=\"https:\/\/nishman.com.tr\/\" target=\"_blank\" rel=\"noopener\">Nishman<\/a> este eficient\u0103 pentru men\u021binerea echilibrului de hidratare a pielii. \u00ce\u021bi las\u0103 pielea catifelat\u0103, neted\u0103 \u0219i s\u0103n\u0103toas\u0103 \u0219i o ajut\u0103 la protejarea de factorii externi nocivi pe tot parcursul zilei. Potrivit pentru toate tipurile de piele, precum \u0219i pentru \u00eengrijirea zilnic\u0103.<\/p>\n<p><strong>Volum:<\/strong> 300 ml<\/p>\n<p><strong>Mod de utilizare:<\/strong> pe pielea cur\u0103\u021bat\u0103 \u00een prealabil, aplica\u021bi un strat de crem\u0103, freca\u021bi cu mi\u0219c\u0103ri de masaj p\u00e2n\u0103 la absorb\u021bia complet\u0103.<\/p>\n<p><strong>Aten\u021bie:<\/strong> numai pentru uz extern. \u00cen caz de contact cu ochii, cl\u0103ti\u021bi cu mult\u0103 ap\u0103. A nu se lasa la indemana copiilor.<\/p>","protected":false},"excerpt":{"rendered":"<p><span style=\"font-size: 100%;\">Nishman Hand Face Cream Blackberry hidrateaz\u0103, catifeleaz\u0103 \u0219i protejeaz\u0103 pielea fe\u021bei \u0219i a m\u00e2inilor.<\/span><span style=\"font-size: 100%;\"><\/span><\/p>\n","protected":false},"featured_media":1269,"template":"","meta":[],"product_brand":[],"product_cat":[33],"product_tag":[],"class_list":{"0":"post-1268","1":"product","2":"type-product","3":"status-publish","4":"has-post-thumbnail","6":"product_cat-ingrijirea-fetei","7":"pa_brand-nishman","8":"pa_felul-produsului-tip-crema","9":"pa_producator-turcia","10":"pa_volum-300ml","12":"first","13":"instock","14":"featured","15":"shipping-taxable","16":"purchasable","17":"product-type-simple"},"_links":{"self":[{"href":"https:\/\/cool-style.md\/ro\/wp-json\/wp\/v2\/product\/1268","targetHints":{"allow":["GET"]}}],"collection":[{"href":"https:\/\/cool-style.md\/ro\/wp-json\/wp\/v2\/product"}],"about":[{"href":"https:\/\/cool-style.md\/ro\/wp-json\/wp\/v2\/types\/product"}],"wp:featuredmedia":[{"embeddable":true,"href":"https:\/\/cool-style.md\/ro\/wp-json\/wp\/v2\/media\/1269"}],"wp:attachment":[{"href":"https:\/\/cool-style.md\/ro\/wp-json\/wp\/v2\/media?parent=1268"}],"wp:term":[{"taxonomy":"product_brand","embeddable":true,"href":"https:\/\/cool-style.md\/ro\/wp-json\/wp\/v2\/product_brand?post=1268"},{"taxonomy":"product_cat","embeddable":true,"href":"https:\/\/cool-style.md\/ro\/wp-json\/wp\/v2\/product_cat?post=1268"},{"taxonomy":"product_tag","embeddable":true,"href":"https:\/\/cool-style.md\/ro\/wp-json\/wp\/v2\/product_tag?post=1268"}],"curies":[{"name":"wp","href":"https:\/\/api.w.org\/{rel}","templated":true}]}}