{"id":1275,"date":"2021-12-27T18:39:27","date_gmt":"2021-12-27T18:39:27","guid":{"rendered":"https:\/\/cool-style.md\/?post_type=product&#038;p=1275"},"modified":"2024-12-05T18:52:16","modified_gmt":"2024-12-05T18:52:16","slug":"nishman-shaving-gel-gold-one-1000ml","status":"publish","type":"product","link":"https:\/\/cool-style.md\/ro\/product\/nishman-shaving-gel-gold-one-1000ml\/","title":{"rendered":"Gel pentru ras Nishman Shaving Gel Gold One 1000ml"},"content":{"rendered":"<h2><span style=\"font-size: 75%;\">Gel pentru ras Nishman Shaving Gel Gold One<\/span><\/h2>\n<ul>\n<li>Consisten\u021ba transparent\u0103 \u00eembun\u0103t\u0103\u021be\u0219te vizibilitatea;<\/li>\n<li>Ideal pentru toate tipurile de piele;<\/li>\n<li>Formul\u0103 neiritant\u0103;<\/li>\n<li>Ofer\u0103 un b\u0103rbierit de aproape \u0219i de aproape;<\/li>\n<li>Are un parfum revigorant.<\/li>\n<\/ul>\n<p><img decoding=\"async\" class=\" wp-image-1277 alignleft\" src=\"https:\/\/cool-style.md\/wp-content\/uploads\/2021\/12\/Cool-style.md-Nishman-Shaving-Gel-Gold-One-523x400.jpg\" alt=\"Cool-style.md Nishman Shaving Gel Gold One\" width=\"333\" height=\"255\" srcset=\"https:\/\/cool-style.md\/wp-content\/uploads\/2021\/12\/Cool-style.md-Nishman-Shaving-Gel-Gold-One-523x400.jpg 523w, https:\/\/cool-style.md\/wp-content\/uploads\/2021\/12\/Cool-style.md-Nishman-Shaving-Gel-Gold-One-510x390.jpg 510w, https:\/\/cool-style.md\/wp-content\/uploads\/2021\/12\/Cool-style.md-Nishman-Shaving-Gel-Gold-One-1045x800.jpg 1045w, https:\/\/cool-style.md\/wp-content\/uploads\/2021\/12\/Cool-style.md-Nishman-Shaving-Gel-Gold-One-768x588.jpg 768w, https:\/\/cool-style.md\/wp-content\/uploads\/2021\/12\/Cool-style.md-Nishman-Shaving-Gel-Gold-One.jpg 1241w\" sizes=\"(max-width: 333px) 100vw, 333px\" \/>Gel <a href=\"https:\/\/cool-style.md\/ro\/cosmetice-barbati\/pentru-barbierit\/\">pentru ras<\/a> <a href=\"https:\/\/nishman.com.tr\/\" target=\"_blank\" rel=\"noopener\">Nishman<\/a> ofer\u0103 un b\u0103rbierit mai rapid \u0219i mai u\u0219or. Spre deosebire de crem\u0103, ofer\u0103 transparen\u021b\u0103, astfel \u00eenc\u00e2t s\u0103 pute\u021bi vedea unde s-au dus lamele de ras. Gelul nostru de b\u0103rbierit creeaz\u0103 un strat \u00eentre lam\u0103 \u0219i piele, protej\u00e2ndu-l de t\u0103ieturile de ras.<\/p>\n<p><strong>Volum:<\/strong> 1000 ml<\/p>\n<p><strong>Mod de utilizare:<\/strong> Aplica\u021bi gelul pe pielea umed\u0103 a fe\u021bei. Masa\u021bi u\u0219or, apoi b\u0103rbiere\u021bi. Cl\u0103ti\u021bi cu ap\u0103 cald\u0103.<\/p>\n<p><strong>Aten\u021bie:<\/strong> numai pentru uz extern. \u00cen caz de contact cu ochii, cl\u0103ti\u021bi cu mult\u0103 ap\u0103. A nu se lasa la indemana copiilor.<\/p>","protected":false},"excerpt":{"rendered":"<p><span style=\"font-size: 100%;\">Nishman Shaving Gel Gold One ofer\u0103 un b\u0103rbierit u\u0219or \u0219i rapid, protejeaz\u0103 pielea de t\u0103ieturi.<\/span><span style=\"font-size: 100%;\"><\/span><\/p>\n","protected":false},"featured_media":1276,"template":"","meta":[],"product_brand":[],"product_cat":[34],"product_tag":[],"class_list":{"0":"post-1275","1":"product","2":"type-product","3":"status-publish","4":"has-post-thumbnail","6":"product_cat-pentru-barbierit","7":"pa_brand-nishman","8":"pa_felul-produsului-gel-de-ras","9":"pa_producator-turcia","10":"pa_volum-1000ml","12":"first","13":"instock","14":"featured","15":"shipping-taxable","16":"purchasable","17":"product-type-simple"},"_links":{"self":[{"href":"https:\/\/cool-style.md\/ro\/wp-json\/wp\/v2\/product\/1275","targetHints":{"allow":["GET"]}}],"collection":[{"href":"https:\/\/cool-style.md\/ro\/wp-json\/wp\/v2\/product"}],"about":[{"href":"https:\/\/cool-style.md\/ro\/wp-json\/wp\/v2\/types\/product"}],"wp:featuredmedia":[{"embeddable":true,"href":"https:\/\/cool-style.md\/ro\/wp-json\/wp\/v2\/media\/1276"}],"wp:attachment":[{"href":"https:\/\/cool-style.md\/ro\/wp-json\/wp\/v2\/media?parent=1275"}],"wp:term":[{"taxonomy":"product_brand","embeddable":true,"href":"https:\/\/cool-style.md\/ro\/wp-json\/wp\/v2\/product_brand?post=1275"},{"taxonomy":"product_cat","embeddable":true,"href":"https:\/\/cool-style.md\/ro\/wp-json\/wp\/v2\/product_cat?post=1275"},{"taxonomy":"product_tag","embeddable":true,"href":"https:\/\/cool-style.md\/ro\/wp-json\/wp\/v2\/product_tag?post=1275"}],"curies":[{"name":"wp","href":"https:\/\/api.w.org\/{rel}","templated":true}]}}