{"id":1292,"date":"2021-12-28T09:39:32","date_gmt":"2021-12-28T09:39:32","guid":{"rendered":"https:\/\/cool-style.md\/?post_type=product&#038;p=1292"},"modified":"2024-12-10T12:47:15","modified_gmt":"2024-12-10T12:47:15","slug":"italwax-after-wax-lemon-oil-500ml","status":"publish","type":"product","link":"https:\/\/cool-style.md\/ro\/product\/italwax-after-wax-lemon-oil-500ml\/","title":{"rendered":"Ulei dup\u0103 depilare ItalWax After Wax Lemon Oil 500ml"},"content":{"rendered":"<h2><span style=\"font-size: 75%;\"><\/span><span style=\"font-size: 75%;\">Ulei dup\u0103 depilare ItalWax After Wax Lemon Oil<\/span><\/h2>\n<ul>\n<li>are efect de r\u0103cire;<\/li>\n<li>amelioreaz\u0103 durerea;<\/li>\n<li>\u00eendep\u0103rteaz\u0103 cu u\u0219urin\u021b\u0103 reziduurile de cear\u0103;<\/li>\n<li>d\u0103 o senza\u021bie de prospe\u021bime.<\/li>\n<\/ul>\n<p><span style=\"font-size: 100%;\"><img decoding=\"async\" class=\" wp-image-1294 alignleft\" src=\"https:\/\/cool-style.md\/wp-content\/uploads\/2021\/12\/Cool-style.md-ItalWax-After-Wax-Lemon-Oil-400x400.jpg\" alt=\"Cool-style.md ItalWax After Wax Lemon Oil\" width=\"298\" height=\"298\" srcset=\"https:\/\/cool-style.md\/wp-content\/uploads\/2021\/12\/Cool-style.md-ItalWax-After-Wax-Lemon-Oil-400x400.jpg 400w, https:\/\/cool-style.md\/wp-content\/uploads\/2021\/12\/Cool-style.md-ItalWax-After-Wax-Lemon-Oil-300x300.jpg 300w, https:\/\/cool-style.md\/wp-content\/uploads\/2021\/12\/Cool-style.md-ItalWax-After-Wax-Lemon-Oil-100x100.jpg 100w, https:\/\/cool-style.md\/wp-content\/uploads\/2021\/12\/Cool-style.md-ItalWax-After-Wax-Lemon-Oil-510x510.jpg 510w, https:\/\/cool-style.md\/wp-content\/uploads\/2021\/12\/Cool-style.md-ItalWax-After-Wax-Lemon-Oil-280x280.jpg 280w, https:\/\/cool-style.md\/wp-content\/uploads\/2021\/12\/Cool-style.md-ItalWax-After-Wax-Lemon-Oil-247x247.jpg 247w, https:\/\/cool-style.md\/wp-content\/uploads\/2021\/12\/Cool-style.md-ItalWax-After-Wax-Lemon-Oil.jpg 600w\" sizes=\"(max-width: 298px) 100vw, 298px\" \/>Uleiul <a href=\"https:\/\/www.italwax.com\/\" target=\"_blank\" rel=\"noopener\">ItalWax<\/a> <\/span>pentru a crea un efect calmant dupa <a href=\"https:\/\/cool-style.md\/ro\/pentru-depilare\/\">depilare<\/a>. Are propriet\u0103\u021bi tonice \u0219i antiseptice. Protejeaz\u0103, hidrateaz\u0103 pielea \u0219i are un efect revigorant. Are o arom\u0103 pl\u0103cut\u0103 de citrice. Con\u021bine acizi citric, malic \u0219i ascorbic. Bogat \u00een vitaminele A, B, P, C \u0219i uleiuri esen\u021biale.<\/p>\n<p><span style=\"font-size: 100%;\"><b>Volum:\u00a0<\/b>500 ml<\/span><\/p>\n<h2><span style=\"font-size: 75%;\"><\/span><\/p>","protected":false},"excerpt":{"rendered":"<p><span style=\"font-size: 100%;\">ItalWax After Wax Lemon Oil se absoarbe rapid \u00een piele, elimin\u00e2nd disconfortul dup\u0103 depilare.<\/span><span style=\"font-size: 100%;\"><\/span><\/p>\n","protected":false},"featured_media":1838,"template":"","meta":[],"product_brand":[],"product_cat":[151],"product_tag":[],"class_list":{"0":"post-1292","1":"product","2":"type-product","3":"status-publish","4":"has-post-thumbnail","6":"product_cat-inainte-dupa-depilare","7":"pa_brand-italwax","8":"pa_felul-produsului-tip-ulei","9":"pa_producator-italia","10":"pa_volum-500ml","12":"first","13":"instock","14":"featured","15":"shipping-taxable","16":"purchasable","17":"product-type-simple"},"_links":{"self":[{"href":"https:\/\/cool-style.md\/ro\/wp-json\/wp\/v2\/product\/1292","targetHints":{"allow":["GET"]}}],"collection":[{"href":"https:\/\/cool-style.md\/ro\/wp-json\/wp\/v2\/product"}],"about":[{"href":"https:\/\/cool-style.md\/ro\/wp-json\/wp\/v2\/types\/product"}],"wp:featuredmedia":[{"embeddable":true,"href":"https:\/\/cool-style.md\/ro\/wp-json\/wp\/v2\/media\/1838"}],"wp:attachment":[{"href":"https:\/\/cool-style.md\/ro\/wp-json\/wp\/v2\/media?parent=1292"}],"wp:term":[{"taxonomy":"product_brand","embeddable":true,"href":"https:\/\/cool-style.md\/ro\/wp-json\/wp\/v2\/product_brand?post=1292"},{"taxonomy":"product_cat","embeddable":true,"href":"https:\/\/cool-style.md\/ro\/wp-json\/wp\/v2\/product_cat?post=1292"},{"taxonomy":"product_tag","embeddable":true,"href":"https:\/\/cool-style.md\/ro\/wp-json\/wp\/v2\/product_tag?post=1292"}],"curies":[{"name":"wp","href":"https:\/\/api.w.org\/{rel}","templated":true}]}}