{"id":1303,"date":"2021-12-26T21:27:03","date_gmt":"2021-12-26T21:27:03","guid":{"rendered":"https:\/\/cool-style.md\/?post_type=product&#038;p=1303"},"modified":"2024-12-10T12:56:30","modified_gmt":"2024-12-10T12:56:30","slug":"italwax-classic-warm-wax-rose-100ml","status":"publish","type":"product","link":"https:\/\/cool-style.md\/ro\/product\/italwax-classic-warm-wax-rose-100ml\/","title":{"rendered":"Cear\u0103 pentru depilare trandafir ItalWax Classic Warm Wax Rose 100ml"},"content":{"rendered":"<h2><span style=\"font-size: 75%;\">Cear\u0103 pentru depilare ItalWax Classic Warm Wax Rose<\/span><\/h2>\n<ul>\n<li>capteaz\u0103 cele mai scurte fire de p\u0103r;<\/li>\n<li>adezivitate crescut\u0103;<\/li>\n<li>densitate mare;<\/li>\n<li>este convenabil s\u0103 lucrezi pe zone mari ale pielii;<\/li>\n<li>are o arom\u0103 pl\u0103cut\u0103.<\/li>\n<\/ul>\n<p><img decoding=\"async\" class=\" wp-image-1208 alignleft\" src=\"https:\/\/cool-style.md\/wp-content\/uploads\/2021\/12\/Cool-style.md-ItalWax-Classic-Warm-Wax-Rose-600x400.jpg\" alt=\"Cool-style.md ItalWax Classic Warm Wax Rose\" width=\"354\" height=\"236\" srcset=\"https:\/\/cool-style.md\/wp-content\/uploads\/2021\/12\/Cool-style.md-ItalWax-Classic-Warm-Wax-Rose-600x400.jpg 600w, https:\/\/cool-style.md\/wp-content\/uploads\/2021\/12\/Cool-style.md-ItalWax-Classic-Warm-Wax-Rose-510x340.jpg 510w, https:\/\/cool-style.md\/wp-content\/uploads\/2021\/12\/Cool-style.md-ItalWax-Classic-Warm-Wax-Rose-768x512.jpg 768w, https:\/\/cool-style.md\/wp-content\/uploads\/2021\/12\/Cool-style.md-ItalWax-Classic-Warm-Wax-Rose.jpg 900w\" sizes=\"(max-width: 354px) 100vw, 354px\" \/>Ceara <span style=\"font-size: 100%;\"><a href=\"https:\/\/www.italwax.com\/\" target=\"_blank\" rel=\"noopener\">ItalWax<\/a><\/span> este ideala pentru <span style=\"font-size: 100%;\"><a href=\"https:\/\/cool-style.md\/ro\/pentru-depilare\/\">depilare<\/a><\/span>. Potrivit pentru \u00eendep\u0103rtarea firelor de p\u0103r scurte, aspre. Con\u021binut ridicat de dioxid de titan. Adezivitate crescut\u0103. Punct de topire 40 \u00b0 C.<\/p>\n<p><span style=\"font-size: 100%;\"><b>Volum:<\/b> 100 ml<\/span><\/p>\n<p>&nbsp;<\/p>\n<h2><span style=\"font-size: 75%;\"><\/span><\/p>","protected":false},"excerpt":{"rendered":"<p><span style=\"font-size: 100%;\">ItalWax Classic Warm Wax Rose ideal pentru \u00eendep\u0103rtarea p\u0103rului scurt \u0219i aspru.<\/span><span style=\"font-size: 100%;\"><\/span><\/p>\n","protected":false},"featured_media":1684,"template":"","meta":[],"product_brand":[],"product_cat":[149],"product_tag":[],"class_list":{"0":"post-1303","1":"product","2":"type-product","3":"status-publish","4":"has-post-thumbnail","6":"product_cat-ceara-depilare","7":"pa_brand-italwax","8":"pa_felul-produsului-tip-ceara-naturala","9":"pa_producator-italia","10":"pa_volum-100ml","12":"first","13":"instock","14":"shipping-taxable","15":"purchasable","16":"product-type-simple"},"_links":{"self":[{"href":"https:\/\/cool-style.md\/ro\/wp-json\/wp\/v2\/product\/1303","targetHints":{"allow":["GET"]}}],"collection":[{"href":"https:\/\/cool-style.md\/ro\/wp-json\/wp\/v2\/product"}],"about":[{"href":"https:\/\/cool-style.md\/ro\/wp-json\/wp\/v2\/types\/product"}],"wp:featuredmedia":[{"embeddable":true,"href":"https:\/\/cool-style.md\/ro\/wp-json\/wp\/v2\/media\/1684"}],"wp:attachment":[{"href":"https:\/\/cool-style.md\/ro\/wp-json\/wp\/v2\/media?parent=1303"}],"wp:term":[{"taxonomy":"product_brand","embeddable":true,"href":"https:\/\/cool-style.md\/ro\/wp-json\/wp\/v2\/product_brand?post=1303"},{"taxonomy":"product_cat","embeddable":true,"href":"https:\/\/cool-style.md\/ro\/wp-json\/wp\/v2\/product_cat?post=1303"},{"taxonomy":"product_tag","embeddable":true,"href":"https:\/\/cool-style.md\/ro\/wp-json\/wp\/v2\/product_tag?post=1303"}],"curies":[{"name":"wp","href":"https:\/\/api.w.org\/{rel}","templated":true}]}}