{"id":1351,"date":"2021-12-29T18:56:59","date_gmt":"2021-12-29T18:56:59","guid":{"rendered":"https:\/\/cool-style.md\/?post_type=product&#038;p=1351"},"modified":"2023-03-15T16:25:53","modified_gmt":"2023-03-15T16:25:53","slug":"italwax-liposoluble-flex-wax-rose-oil-400ml","status":"publish","type":"product","link":"https:\/\/cool-style.md\/ro\/product\/italwax-liposoluble-flex-wax-rose-oil-400ml\/","title":{"rendered":"Cear\u0103 pentru depilare trandafir crema ItalWax Liposoluble Flex Wax Rose Oil 400ml"},"content":{"rendered":"<h2><span style=\"font-size: 75%;\">Cear\u0103 pentru depilare ItalWax Liposoluble Flex Wax Rose Oil<\/span><\/h2>\n<ul>\n<li>\u00eendeparteaza 100% fire de p\u0103r f\u0103r\u0103 a se rupe;<\/li>\n<li>nu las\u0103 lipiciune pe piele;<\/li>\n<li>reduce semnificativ durerea de la depilare;<\/li>\n<li>potrivit pentru toate tipurile de p\u0103r &#8211; de la fin la foarte aspru;<\/li>\n<li>pentru depilarea suprafe\u021belor mari &#8211; bra\u021be, picioare, spate.<\/li>\n<\/ul>\n<p><img decoding=\"async\" class=\" wp-image-1350 alignleft\" src=\"https:\/\/cool-style.md\/wp-content\/uploads\/2021\/12\/Cool-style.md-ItalWax-Liposoluble-Flex-Wax-Rose-Oil-600x400.jpg\" alt=\"Cool-style.md ItalWax Liposoluble Flex Wax Rose Oil\" width=\"354\" height=\"236\" srcset=\"https:\/\/cool-style.md\/wp-content\/uploads\/2021\/12\/Cool-style.md-ItalWax-Liposoluble-Flex-Wax-Rose-Oil-600x400.jpg 600w, https:\/\/cool-style.md\/wp-content\/uploads\/2021\/12\/Cool-style.md-ItalWax-Liposoluble-Flex-Wax-Rose-Oil-510x340.jpg 510w, https:\/\/cool-style.md\/wp-content\/uploads\/2021\/12\/Cool-style.md-ItalWax-Liposoluble-Flex-Wax-Rose-Oil-768x512.jpg 768w, https:\/\/cool-style.md\/wp-content\/uploads\/2021\/12\/Cool-style.md-ItalWax-Liposoluble-Flex-Wax-Rose-Oil.jpg 900w\" sizes=\"(max-width: 354px) 100vw, 354px\" \/>Ceara <span style=\"font-size: 100%;\"><a href=\"https:\/\/www.italwax.com\/\" target=\"_blank\" rel=\"noopener\">ItalWax<\/a><\/span> este ideala pentru <span style=\"font-size: 100%;\"><a href=\"https:\/\/cool-style.md\/ro\/pentru-depilare\/\">depilare<\/a><\/span>. Combina\u021bia perfect\u0103 de r\u0103\u0219ini sintetice \u0219i naturale cu ingrediente inovatoare. Flex este foarte flexibil \u0219i poate fi aplicat \u00eentr-un strat sub\u021bire folosind o mistrie sau o rol\u0103 de metal pe suprafe\u021be mari.<\/p>\n<p>Dup\u0103 \u00eent\u0103rire, ceara formeaz\u0103 o pelicul\u0103 sub\u021bire pe suprafa\u021ba pielii, care capteaz\u0103 toate firele de p\u0103r \u0219i asigur\u0103 o aderen\u021b\u0103 puternic\u0103 cu band\u0103 depilatoare. Punct de topire 37 \u00b0 C.<\/p>\n<p><span style=\"font-size: 100%;\"><b>Volum:<\/b> 400 ml<\/span><\/p>\n<h2><span style=\"font-size: 75%;\"><\/span><\/p>","protected":false},"excerpt":{"rendered":"<p><span style=\"font-size: 100%;\">ItalWax Liposoluble Flex Wax Rose Oil ideal pentru \u00eendep\u0103rtarea tuturor tipurilor de p\u0103r de pe zone mari ale pielii.<\/span><\/p>\n","protected":false},"featured_media":1654,"template":"","meta":[],"product_brand":[],"product_cat":[149],"product_tag":[],"class_list":{"0":"post-1351","1":"product","2":"type-product","3":"status-publish","4":"has-post-thumbnail","6":"product_cat-ceara-depilare","7":"pa_brand-italwax","8":"pa_felul-produsului-tip-ceara-combinata","9":"pa_producator-italia","10":"pa_volum-400ml","12":"first","13":"instock","14":"shipping-taxable","15":"purchasable","16":"product-type-simple"},"_links":{"self":[{"href":"https:\/\/cool-style.md\/ro\/wp-json\/wp\/v2\/product\/1351","targetHints":{"allow":["GET"]}}],"collection":[{"href":"https:\/\/cool-style.md\/ro\/wp-json\/wp\/v2\/product"}],"about":[{"href":"https:\/\/cool-style.md\/ro\/wp-json\/wp\/v2\/types\/product"}],"wp:featuredmedia":[{"embeddable":true,"href":"https:\/\/cool-style.md\/ro\/wp-json\/wp\/v2\/media\/1654"}],"wp:attachment":[{"href":"https:\/\/cool-style.md\/ro\/wp-json\/wp\/v2\/media?parent=1351"}],"wp:term":[{"taxonomy":"product_brand","embeddable":true,"href":"https:\/\/cool-style.md\/ro\/wp-json\/wp\/v2\/product_brand?post=1351"},{"taxonomy":"product_cat","embeddable":true,"href":"https:\/\/cool-style.md\/ro\/wp-json\/wp\/v2\/product_cat?post=1351"},{"taxonomy":"product_tag","embeddable":true,"href":"https:\/\/cool-style.md\/ro\/wp-json\/wp\/v2\/product_tag?post=1351"}],"curies":[{"name":"wp","href":"https:\/\/api.w.org\/{rel}","templated":true}]}}