{"id":1397,"date":"2021-12-30T12:18:56","date_gmt":"2021-12-30T12:18:56","guid":{"rendered":"https:\/\/cool-style.md\/?post_type=product&#038;p=1397"},"modified":"2024-12-10T12:36:25","modified_gmt":"2024-12-10T12:36:25","slug":"italwax-pre-wax-lotion-aloe-vera-500ml","status":"publish","type":"product","link":"https:\/\/cool-style.md\/ro\/product\/italwax-pre-wax-lotion-aloe-vera-500ml\/","title":{"rendered":"Lo\u021biune \u00eenainte de depilare aloe ItalWax Pre Wax Lotion Aloe Vera 500ml"},"content":{"rendered":"<h2><span style=\"font-size: 75%;\">Lo\u021biune \u00eenainte de depilare ItalWax Pre Wax Lotion Aloe Vera<\/span><\/h2>\n<ul>\n<li>cre\u0219te eficacitatea depilarii;<\/li>\n<li>\u00eembun\u0103t\u0103\u021be\u0219te aderen\u021ba cear\u0103 la fire de p\u0103r;<\/li>\n<li>are efect antiseptic;<\/li>\n<li>face procedura mai pu\u021bin dureroas\u0103.<\/li>\n<\/ul>\n<p><span style=\"font-size: 100%;\"><img decoding=\"async\" class=\" wp-image-1398 alignleft\" src=\"https:\/\/cool-style.md\/wp-content\/uploads\/2021\/12\/Cool-style.md-ItalWax-Pre-Wax-Lotion-Aloe-Vera-400x400.jpg\" alt=\"Cool-style.md ItalWax Pre Wax Lotion Aloe Vera\" width=\"286\" height=\"286\" srcset=\"https:\/\/cool-style.md\/wp-content\/uploads\/2021\/12\/Cool-style.md-ItalWax-Pre-Wax-Lotion-Aloe-Vera-400x400.jpg 400w, https:\/\/cool-style.md\/wp-content\/uploads\/2021\/12\/Cool-style.md-ItalWax-Pre-Wax-Lotion-Aloe-Vera-300x300.jpg 300w, https:\/\/cool-style.md\/wp-content\/uploads\/2021\/12\/Cool-style.md-ItalWax-Pre-Wax-Lotion-Aloe-Vera-100x100.jpg 100w, https:\/\/cool-style.md\/wp-content\/uploads\/2021\/12\/Cool-style.md-ItalWax-Pre-Wax-Lotion-Aloe-Vera-280x280.jpg 280w, https:\/\/cool-style.md\/wp-content\/uploads\/2021\/12\/Cool-style.md-ItalWax-Pre-Wax-Lotion-Aloe-Vera-247x247.jpg 247w, https:\/\/cool-style.md\/wp-content\/uploads\/2021\/12\/Cool-style.md-ItalWax-Pre-Wax-Lotion-Aloe-Vera.jpg 500w\" sizes=\"(max-width: 286px) 100vw, 286px\" \/>Lo\u021biune <a href=\"https:\/\/www.italwax.com\/\" target=\"_blank\" rel=\"noopener\">ItalWax<\/a> este un produs de ne\u00eenlocuit pentru utilizare \u00eenainte de procedura de <a href=\"https:\/\/cool-style.md\/ro\/pentru-depilare\/\">depilare<\/a>. <\/span>Cur\u0103\u021b\u0103 \u0219i pregate\u0219te pielea pentru procedura de depilare, indeparteaz\u0103 resturile de cosmetice, degreseaz\u0103 pielea, ridic\u0103 firele de p\u0103r. Con\u021bine o cantitate mic\u0103 de alcool, componente antibacteriene \u0219i antiseptice, precum \u0219i extracte de plante pentru \u00eengrijirea pielii.<\/p>\n<p>Economic de utilizat pe suprafete mari (brate, picioare, spate). Recomandat pentru utilizare \u00eenainte de depilare cu cear\u0103 cald\u0103.<\/p>\n<p><span style=\"font-size: 100%;\"><b>Volum: <\/b>500 ml<\/span><\/p>\n<h2><span style=\"font-size: 75%;\"><\/span><\/p>","protected":false},"excerpt":{"rendered":"<p><span style=\"font-size: 100%;\">ItalWax Pre Wax Lotion Aloe Vera minimizeaz\u0103 disconfortul \u00een timpul depil\u0103rii.<\/span><span style=\"font-size: 100%;\"><\/span><\/p>\n","protected":false},"featured_media":1696,"template":"","meta":[],"product_brand":[],"product_cat":[151],"product_tag":[],"class_list":{"0":"post-1397","1":"product","2":"type-product","3":"status-publish","4":"has-post-thumbnail","6":"product_cat-inainte-dupa-depilare","7":"pa_brand-italwax","8":"pa_felul-produsului-tip-lotiune","9":"pa_producator-italia","10":"pa_volum-500ml","12":"first","13":"instock","14":"featured","15":"shipping-taxable","16":"purchasable","17":"product-type-simple"},"_links":{"self":[{"href":"https:\/\/cool-style.md\/ro\/wp-json\/wp\/v2\/product\/1397","targetHints":{"allow":["GET"]}}],"collection":[{"href":"https:\/\/cool-style.md\/ro\/wp-json\/wp\/v2\/product"}],"about":[{"href":"https:\/\/cool-style.md\/ro\/wp-json\/wp\/v2\/types\/product"}],"wp:featuredmedia":[{"embeddable":true,"href":"https:\/\/cool-style.md\/ro\/wp-json\/wp\/v2\/media\/1696"}],"wp:attachment":[{"href":"https:\/\/cool-style.md\/ro\/wp-json\/wp\/v2\/media?parent=1397"}],"wp:term":[{"taxonomy":"product_brand","embeddable":true,"href":"https:\/\/cool-style.md\/ro\/wp-json\/wp\/v2\/product_brand?post=1397"},{"taxonomy":"product_cat","embeddable":true,"href":"https:\/\/cool-style.md\/ro\/wp-json\/wp\/v2\/product_cat?post=1397"},{"taxonomy":"product_tag","embeddable":true,"href":"https:\/\/cool-style.md\/ro\/wp-json\/wp\/v2\/product_tag?post=1397"}],"curies":[{"name":"wp","href":"https:\/\/api.w.org\/{rel}","templated":true}]}}