{"id":1409,"date":"2022-01-03T07:38:55","date_gmt":"2022-01-03T07:38:55","guid":{"rendered":"https:\/\/cool-style.md\/?post_type=product&#038;p=1409"},"modified":"2023-03-14T16:54:48","modified_gmt":"2023-03-14T16:54:48","slug":"italwax-hot-film-wax-plum","status":"publish","type":"product","link":"https:\/\/cool-style.md\/ro\/product\/italwax-hot-film-wax-plum\/","title":{"rendered":"Cear\u0103 de film \u00een granule pentru depilare prun\u0103 ItalWax Hot Film Wax Plum 1000gr"},"content":{"rendered":"<h2><span style=\"font-size: 75%;\">Cear\u0103 de film \u00een granule pentru depilare ItalWax Hot Film Wax Plum<\/span><\/h2>\n<ul>\n<li><span style=\"font-size: 100%;\">\u00eendeparteaza 100% fire de p\u0103r f\u0103r\u0103 a se rupe;<\/span><\/li>\n<li><span style=\"font-size: 100%;\">nu las\u0103 lipiciune pe piele;<\/span><\/li>\n<li><span style=\"font-size: 100%;\">reduce semnificativ durerea de la depilare;<\/span><\/li>\n<li><span style=\"font-size: 100%;\">potrivit pentru orice tip de piele;<\/span><\/li>\n<li><span style=\"font-size: 100%;\">pentru depilarea zonelor delicate.<\/span><\/li>\n<\/ul>\n<p><span style=\"font-size: 100%;\"><img decoding=\"async\" class=\"size-medium wp-image-1419 alignleft\" src=\"https:\/\/cool-style.md\/wp-content\/uploads\/2022\/01\/Cool-style.md-ItalWax-Hot-Film-Wax-348x400.jpg\" alt=\"Cool-style.md ItalWax Hot Film Wax\" width=\"348\" height=\"400\" srcset=\"https:\/\/cool-style.md\/wp-content\/uploads\/2022\/01\/Cool-style.md-ItalWax-Hot-Film-Wax-348x400.jpg 348w, https:\/\/cool-style.md\/wp-content\/uploads\/2022\/01\/Cool-style.md-ItalWax-Hot-Film-Wax-510x587.jpg 510w, https:\/\/cool-style.md\/wp-content\/uploads\/2022\/01\/Cool-style.md-ItalWax-Hot-Film-Wax-695x800.jpg 695w, https:\/\/cool-style.md\/wp-content\/uploads\/2022\/01\/Cool-style.md-ItalWax-Hot-Film-Wax-768x884.jpg 768w, https:\/\/cool-style.md\/wp-content\/uploads\/2022\/01\/Cool-style.md-ItalWax-Hot-Film-Wax.jpg 903w\" sizes=\"(max-width: 348px) 100vw, 348px\" \/>Cear\u0103 <a href=\"https:\/\/www.italwax.com\/\" target=\"_blank\" rel=\"noopener\">ItalWax<\/a> este ideala pentru <a href=\"https:\/\/cool-style.md\/ro\/pentru-depilare\/\">depilare<\/a>. Ceara cremoasa cu aroma de prune coapte, contine componente speciale care dau cerii &#8220;Prune&#8221; plasticitate deosebita. Textura groas\u0103 \u0219i bogat\u0103 a cerii depilatoare \u00eei permite s\u0103 \u00eenveleasc\u0103 p\u0103rul chiar la baz\u0103, \u00eendep\u0103rt\u00e2nd perfect chiar \u0219i cele mai scurte fire de p\u0103r.<\/span><\/p>\n<p><span style=\"font-size: 100%;\">Potrivit pentru toate tipurile de piele, inclusiv pentru pielea sensibil\u0103 \u0219i sub\u021bire, cu capilare fragile. Timp de setare 6-12 secunde in functie de marimea si grosimea aplicatiei. Punct de topire 40\u00b0C.<\/span><\/p>\n<p><span style=\"font-size: 100%;\"><b>Volum:<\/b> 1000 gr<\/span><\/p>\n<h2><span style=\"font-size: 75%;\"><\/span><\/p>","protected":false},"excerpt":{"rendered":"<p><span style=\"font-size: 100%;\">ItalWax Hot Film Wax Plum ideal pentru pielea sensibil\u0103 \u0219i sub\u021bire, cu capilare fragile.<\/span><\/p>\n","protected":false},"featured_media":1825,"template":"","meta":[],"product_brand":[],"product_cat":[149],"product_tag":[],"class_list":{"0":"post-1409","1":"product","2":"type-product","3":"status-publish","4":"has-post-thumbnail","6":"product_cat-ceara-depilare","7":"pa_brand-italwax","8":"pa_felul-produsului-tip-ceara-naturala","9":"pa_producator-italia","10":"pa_volum-1000gr","12":"first","13":"instock","14":"shipping-taxable","15":"purchasable","16":"product-type-simple"},"_links":{"self":[{"href":"https:\/\/cool-style.md\/ro\/wp-json\/wp\/v2\/product\/1409","targetHints":{"allow":["GET"]}}],"collection":[{"href":"https:\/\/cool-style.md\/ro\/wp-json\/wp\/v2\/product"}],"about":[{"href":"https:\/\/cool-style.md\/ro\/wp-json\/wp\/v2\/types\/product"}],"wp:featuredmedia":[{"embeddable":true,"href":"https:\/\/cool-style.md\/ro\/wp-json\/wp\/v2\/media\/1825"}],"wp:attachment":[{"href":"https:\/\/cool-style.md\/ro\/wp-json\/wp\/v2\/media?parent=1409"}],"wp:term":[{"taxonomy":"product_brand","embeddable":true,"href":"https:\/\/cool-style.md\/ro\/wp-json\/wp\/v2\/product_brand?post=1409"},{"taxonomy":"product_cat","embeddable":true,"href":"https:\/\/cool-style.md\/ro\/wp-json\/wp\/v2\/product_cat?post=1409"},{"taxonomy":"product_tag","embeddable":true,"href":"https:\/\/cool-style.md\/ro\/wp-json\/wp\/v2\/product_tag?post=1409"}],"curies":[{"name":"wp","href":"https:\/\/api.w.org\/{rel}","templated":true}]}}