{"id":1443,"date":"2023-03-13T18:58:38","date_gmt":"2023-03-13T18:58:38","guid":{"rendered":"https:\/\/cool-style.md\/?post_type=product&#038;p=1443"},"modified":"2024-12-05T20:21:29","modified_gmt":"2024-12-05T20:21:29","slug":"lilafix-conditioner-spray-mavy","status":"publish","type":"product","link":"https:\/\/cool-style.md\/ro\/product\/lilafix-conditioner-spray-mavy\/","title":{"rendered":"Spray bifazic pentru piept\u0103nare u\u0219oar\u0103 cu protec\u021bie termic\u0103 L\u0130LAF\u0130X Conditioner Spray Mavy 400 ml"},"content":{"rendered":"<h2><span style=\"font-size: 75%;\">Spray bifazic pentru piept\u0103nare u\u0219oar\u0103 cu protec\u021bie termic\u0103 L\u0130LAF\u0130X Conditioner Spray Mavy<\/span><\/h2>\n<ul>\n<li>Ingrediente naturale;<\/li>\n<li>Faciliteaz\u0103 piept\u0103narea;<\/li>\n<li>Ofer\u0103 un efect de protec\u021bie termic\u0103;<\/li>\n<li>Ofer\u0103 o str\u0103lucire s\u0103n\u0103toas\u0103.<\/li>\n<\/ul>\n<p><span style=\"font-size: 100%;\"><img decoding=\"async\" class=\" wp-image-1445 alignleft\" src=\"https:\/\/cool-style.md\/wp-content\/uploads\/2022\/01\/Cool-style.md-LILAFIX-Conditioner-Spray-378x400.jpg\" alt=\"Cool-style.md L\u0130LAF\u0130X Conditioner Spray\" width=\"290\" height=\"307\" srcset=\"https:\/\/cool-style.md\/wp-content\/uploads\/2022\/01\/Cool-style.md-LILAFIX-Conditioner-Spray-378x400.jpg 378w, https:\/\/cool-style.md\/wp-content\/uploads\/2022\/01\/Cool-style.md-LILAFIX-Conditioner-Spray-510x540.jpg 510w, https:\/\/cool-style.md\/wp-content\/uploads\/2022\/01\/Cool-style.md-LILAFIX-Conditioner-Spray-756x800.jpg 756w, https:\/\/cool-style.md\/wp-content\/uploads\/2022\/01\/Cool-style.md-LILAFIX-Conditioner-Spray-768x813.jpg 768w, https:\/\/cool-style.md\/wp-content\/uploads\/2022\/01\/Cool-style.md-LILAFIX-Conditioner-Spray.jpg 1360w\" sizes=\"(max-width: 290px) 100vw, 290px\" \/><\/span>Spray- balsam <a href=\"https:\/\/www.lilacosmetics.com.tr\/\" target=\"_blank\" rel=\"noopener\">Lilafix<\/a> pentru piept\u0103narea u\u0219oar\u0103 a p\u0103rului. Cu utilizarea zilnic\u0103, face p\u0103rul s\u0103 arate str\u0103lucitor \u0219i str\u0103lucitor. Regenereaz\u0103 profund \u0219i revitalizeaz\u0103 p\u0103rul. Face p\u0103rul neted \u0219i u\u0219or de piept\u0103nat. Condi\u021bioneaz\u0103 p\u0103rul, nu necesit\u0103 cl\u0103tire. Ofer\u0103 protec\u021bie p\u0103rului de temperaturile ridicate \u00een timpul usc\u0103rii prelungite cu un usc\u0103tor de p\u0103r. Produsul este potrivit <a href=\"https:\/\/cool-style.md\/ro\/cosmetice-femei\/ingrijirea-par-femei\/\">pentru toate tipurile de p\u0103r<\/a>, precum \u0219i pentru uz zilnic.<\/p>\n<p><strong>Volum:<\/strong> 400 ml<\/p>\n<p><strong>Mod de utilizare:<\/strong> Pulveriza\u021bi o cantitate necesar\u0103 de spray pe p\u0103rul umed sau uscat \u0219i \u00eencepe\u021bi s\u0103 piept\u0103na\u021bi sau s\u0103 usca\u021bi.<\/p>\n<p><span style=\"font-size: 100%;\"><strong>Aten\u021bie:<\/strong> numai pentru uz extern. \u00cen caz de contact cu ochii, cl\u0103ti\u021bi cu mult\u0103 ap\u0103. A nu se lasa la indemana copiilor.<\/span><\/p>","protected":false},"excerpt":{"rendered":"<p><span style=\"font-size: 100%;\">L<\/span><span style=\"font-size: 100%;\">\u0130LAF\u0130X Conditioner Spray Mavy <span style=\"font-size: 14.4px;\">faciliteaz\u0103 piept\u0103narea \u0219i ofer\u0103 protec\u021bie \u00eempotriva efectelor termice.<\/span><span style=\"font-size: 100%;\"><\/span><\/p>\n","protected":false},"featured_media":1444,"template":"","meta":[],"product_brand":[],"product_cat":[36],"product_tag":[],"class_list":{"0":"post-1443","1":"product","2":"type-product","3":"status-publish","4":"has-post-thumbnail","6":"product_cat-ingrijirea-par-femei","7":"pa_brand-lilafix","8":"pa_felul-produsului-tip-balsam","9":"pa_producator-turcia","10":"pa_volum-400ml","12":"first","13":"instock","14":"featured","15":"shipping-taxable","16":"purchasable","17":"product-type-simple"},"_links":{"self":[{"href":"https:\/\/cool-style.md\/ro\/wp-json\/wp\/v2\/product\/1443","targetHints":{"allow":["GET"]}}],"collection":[{"href":"https:\/\/cool-style.md\/ro\/wp-json\/wp\/v2\/product"}],"about":[{"href":"https:\/\/cool-style.md\/ro\/wp-json\/wp\/v2\/types\/product"}],"wp:featuredmedia":[{"embeddable":true,"href":"https:\/\/cool-style.md\/ro\/wp-json\/wp\/v2\/media\/1444"}],"wp:attachment":[{"href":"https:\/\/cool-style.md\/ro\/wp-json\/wp\/v2\/media?parent=1443"}],"wp:term":[{"taxonomy":"product_brand","embeddable":true,"href":"https:\/\/cool-style.md\/ro\/wp-json\/wp\/v2\/product_brand?post=1443"},{"taxonomy":"product_cat","embeddable":true,"href":"https:\/\/cool-style.md\/ro\/wp-json\/wp\/v2\/product_cat?post=1443"},{"taxonomy":"product_tag","embeddable":true,"href":"https:\/\/cool-style.md\/ro\/wp-json\/wp\/v2\/product_tag?post=1443"}],"curies":[{"name":"wp","href":"https:\/\/api.w.org\/{rel}","templated":true}]}}