{"id":1452,"date":"2022-01-04T10:55:17","date_gmt":"2022-01-04T10:55:17","guid":{"rendered":"https:\/\/cool-style.md\/?post_type=product&#038;p=1452"},"modified":"2026-01-05T18:36:25","modified_gmt":"2026-01-05T18:36:25","slug":"nishman-hair-spray-04-extra-strong-hold","status":"publish","type":"product","link":"https:\/\/cool-style.md\/ro\/product\/nishman-hair-spray-04-extra-strong-hold\/","title":{"rendered":"Lac de p\u0103r Nishman Hair Spray 04 Extra Strong Hold 400ml"},"content":{"rendered":"<h2><span style=\"font-size: 75%;\">Lac de p\u0103r Nishman Hair Spray 04 Extra Strong Hold<\/span><\/h2>\n<ul>\n<li>Coafare u\u0219oar\u0103 si rapid\u0103;<\/li>\n<li>Prindere foarte puternic\u0103;<\/li>\n<li>Stralucire naturala de lunga durata;<\/li>\n<li>Ofer\u0103 volum mare;<\/li>\n<li>F\u0103r\u0103 lipiciitate;<\/li>\n<li>Miros revigorant.<\/li>\n<\/ul>\n<p><img decoding=\"async\" class=\" wp-image-1451 alignleft\" src=\"https:\/\/cool-style.md\/wp-content\/uploads\/2022\/01\/Cool-style.md-Nishman-Hair-Spray-514x400.jpg\" alt=\"Cool-style.md Nishman Hair Spray\" width=\"326\" height=\"254\" srcset=\"https:\/\/cool-style.md\/wp-content\/uploads\/2022\/01\/Cool-style.md-Nishman-Hair-Spray-514x400.jpg 514w, https:\/\/cool-style.md\/wp-content\/uploads\/2022\/01\/Cool-style.md-Nishman-Hair-Spray-510x397.jpg 510w, https:\/\/cool-style.md\/wp-content\/uploads\/2022\/01\/Cool-style.md-Nishman-Hair-Spray-1029x800.jpg 1029w, https:\/\/cool-style.md\/wp-content\/uploads\/2022\/01\/Cool-style.md-Nishman-Hair-Spray-768x597.jpg 768w, https:\/\/cool-style.md\/wp-content\/uploads\/2022\/01\/Cool-style.md-Nishman-Hair-Spray.jpg 1227w\" sizes=\"(max-width: 326px) 100vw, 326px\" \/>Lac pentru coafarea <a href=\"https:\/\/nishman.com.tr\/\" target=\"_blank\" rel=\"noopener\">Nishman<\/a>\u00a0este formulat pentru a-\u021bi modela <a href=\"https:\/\/cool-style.md\/ro\/product-category\/cosmetice-barbati\/coafarea-barbati\/\">p\u0103rul<\/a>. Formula unic\u0103 va oferi p\u0103rului t\u0103u volum incredibil, mi\u0219care \u0219i \u021binere. Acest fixativ cu uscare rapid\u0103 las\u0103 p\u0103rul s\u0103 se simt\u0103 u\u0219or de gestionat \u0219i str\u0103lucitor. Potrivit pentru toate tipurile de p\u0103r.<\/p>\n<p><strong>Volum:<\/strong> 400 ml<\/p>\n<p><b>Fixare:<\/b> extra tare<\/p>\n<p><strong>Aten\u021bie:<\/strong> numai pentru uz extern. \u00cen caz de contact cu ochii, cl\u0103ti\u021bi cu mult\u0103 ap\u0103. A nu se lasa la indemana copiilor.<\/p>","protected":false},"excerpt":{"rendered":"<p><span style=\"font-size: 100%;\">Nishman Hair Spray 04 Extra Strong Hold va asigura fixarea maxim\u0103 a coafurii dumneavoastr\u0103 pentru \u00eentreaga zi.<\/span><span style=\"font-size: 100%;\"><\/span><\/p>\n","protected":false},"featured_media":1453,"template":"","meta":[],"product_brand":[],"product_cat":[30],"product_tag":[],"class_list":{"0":"post-1452","1":"product","2":"type-product","3":"status-publish","4":"has-post-thumbnail","6":"product_cat-coafarea-barbati","7":"pa_brand-nishman","8":"pa_felul-produsului-tip-lac-de-par","9":"pa_fixare-extra-puternica","10":"pa_producator-turcia","11":"pa_volum-400ml","13":"first","14":"instock","15":"featured","16":"shipping-taxable","17":"purchasable","18":"product-type-simple"},"_links":{"self":[{"href":"https:\/\/cool-style.md\/ro\/wp-json\/wp\/v2\/product\/1452","targetHints":{"allow":["GET"]}}],"collection":[{"href":"https:\/\/cool-style.md\/ro\/wp-json\/wp\/v2\/product"}],"about":[{"href":"https:\/\/cool-style.md\/ro\/wp-json\/wp\/v2\/types\/product"}],"wp:featuredmedia":[{"embeddable":true,"href":"https:\/\/cool-style.md\/ro\/wp-json\/wp\/v2\/media\/1453"}],"wp:attachment":[{"href":"https:\/\/cool-style.md\/ro\/wp-json\/wp\/v2\/media?parent=1452"}],"wp:term":[{"taxonomy":"product_brand","embeddable":true,"href":"https:\/\/cool-style.md\/ro\/wp-json\/wp\/v2\/product_brand?post=1452"},{"taxonomy":"product_cat","embeddable":true,"href":"https:\/\/cool-style.md\/ro\/wp-json\/wp\/v2\/product_cat?post=1452"},{"taxonomy":"product_tag","embeddable":true,"href":"https:\/\/cool-style.md\/ro\/wp-json\/wp\/v2\/product_tag?post=1452"}],"curies":[{"name":"wp","href":"https:\/\/api.w.org\/{rel}","templated":true}]}}