{"id":1459,"date":"2022-01-04T13:31:27","date_gmt":"2022-01-04T13:31:27","guid":{"rendered":"https:\/\/cool-style.md\/?post_type=product&#038;p=1459"},"modified":"2026-01-05T18:15:40","modified_gmt":"2026-01-05T18:15:40","slug":"nishman-hair-styling-gel-g5-plus-750ml","status":"publish","type":"product","link":"https:\/\/cool-style.md\/ro\/product\/nishman-hair-styling-gel-g5-plus-750ml\/","title":{"rendered":"Gel de p\u0103r Nishman Hair Styling Gel G5 Plus 750ml"},"content":{"rendered":"<h2><span style=\"font-size: 75%;\">Gel de p\u0103r Nishman Hair Styling Gel G5 Plus<\/span><\/h2>\n<ul>\n<li>Coafare u\u0219oar\u0103 \u0219i rapid\u0103;<\/li>\n<li>Potrivit pentru p\u0103r de orice lungime;<\/li>\n<li>Fixare ultra puternica;<\/li>\n<li>Efect de lung\u0103 durat\u0103 pentru cele mai dificile coafuri;<\/li>\n<li>Nu \u00eengreuneaz\u0103 p\u0103rul.<\/li>\n<\/ul>\n<p><img decoding=\"async\" class=\" wp-image-1461 alignleft\" src=\"https:\/\/cool-style.md\/wp-content\/uploads\/2022\/01\/Cool-style.md-Nishman-Hair-Styling-Gel-G5-Plus-529x400.jpg\" alt=\"Cool-style.md Nishman Hair Styling Gel G5 Plus\" width=\"323\" height=\"244\" srcset=\"https:\/\/cool-style.md\/wp-content\/uploads\/2022\/01\/Cool-style.md-Nishman-Hair-Styling-Gel-G5-Plus-529x400.jpg 529w, https:\/\/cool-style.md\/wp-content\/uploads\/2022\/01\/Cool-style.md-Nishman-Hair-Styling-Gel-G5-Plus-510x386.jpg 510w, https:\/\/cool-style.md\/wp-content\/uploads\/2022\/01\/Cool-style.md-Nishman-Hair-Styling-Gel-G5-Plus-1058x800.jpg 1058w, https:\/\/cool-style.md\/wp-content\/uploads\/2022\/01\/Cool-style.md-Nishman-Hair-Styling-Gel-G5-Plus-768x581.jpg 768w, https:\/\/cool-style.md\/wp-content\/uploads\/2022\/01\/Cool-style.md-Nishman-Hair-Styling-Gel-G5-Plus-1536x1161.jpg 1536w, https:\/\/cool-style.md\/wp-content\/uploads\/2022\/01\/Cool-style.md-Nishman-Hair-Styling-Gel-G5-Plus.jpg 1644w\" sizes=\"(max-width: 323px) 100vw, 323px\" \/>Gel <a href=\"https:\/\/nishman.com.tr\/\" target=\"_blank\" rel=\"noopener\">Nishman<\/a> ajut\u0103 la modelarea p\u0103rului. Un gel de coafat super-puternic care ajut\u0103 p\u0103rul s\u0103 creeze coafuri puternice \u0219i de lung\u0103 durat\u0103, cu efect de gum\u0103 de mestecat. Se indeparteaza usor prin periere. Nu contine alcool. <span style=\"font-size: 14.4px;\">Potrivit <\/span><a style=\"font-size: 14.4px;\" href=\"https:\/\/cool-style.md\/ro\/product-category\/cosmetice-barbati\/coafarea-barbati\/\">pentru toate tipurile de p\u0103r<\/a><span style=\"font-size: 14.4px;\">.<\/span><\/p>\n<p><strong>Fixare:<\/strong> ultra tare<\/p>\n<p><strong>Volum:<\/strong> 750 ml<\/p>\n<p><strong>Mod de utilizare:<\/strong> Aplica\u021bi o cantitate mic\u0103 de gel pe p\u0103rul umed, model\u00e2nd cu degetele pentru a ob\u021bine aspectul dorit.<\/p>\n<p><strong>Aten\u021bie:<\/strong> numai pentru uz extern. \u00cen caz de contact cu ochii, cl\u0103ti\u021bi cu mult\u0103 ap\u0103. A nu se lasa la indemana copiilor.<\/p>","protected":false},"excerpt":{"rendered":"<p><span style=\"font-size: 100%;\">Nishman Hair Styling Gel G5 Plus v\u0103 ajut\u0103 la modelarea p\u0103rului, oferind fixare maxim\u0103 pentru o perioad\u0103 lung\u0103.<\/span><span style=\"font-size: 100%;\"><\/span><\/p>\n","protected":false},"featured_media":1460,"template":"","meta":[],"product_brand":[],"product_cat":[30],"product_tag":[],"class_list":{"0":"post-1459","1":"product","2":"type-product","3":"status-publish","4":"has-post-thumbnail","6":"product_cat-coafarea-barbati","7":"pa_brand-nishman","8":"pa_felul-produsului-tip-gel-pentru-par","9":"pa_fixare-extra-puternica","10":"pa_producator-turcia","11":"pa_volum-750ml","13":"first","14":"instock","15":"shipping-taxable","16":"purchasable","17":"product-type-simple"},"_links":{"self":[{"href":"https:\/\/cool-style.md\/ro\/wp-json\/wp\/v2\/product\/1459","targetHints":{"allow":["GET"]}}],"collection":[{"href":"https:\/\/cool-style.md\/ro\/wp-json\/wp\/v2\/product"}],"about":[{"href":"https:\/\/cool-style.md\/ro\/wp-json\/wp\/v2\/types\/product"}],"wp:featuredmedia":[{"embeddable":true,"href":"https:\/\/cool-style.md\/ro\/wp-json\/wp\/v2\/media\/1460"}],"wp:attachment":[{"href":"https:\/\/cool-style.md\/ro\/wp-json\/wp\/v2\/media?parent=1459"}],"wp:term":[{"taxonomy":"product_brand","embeddable":true,"href":"https:\/\/cool-style.md\/ro\/wp-json\/wp\/v2\/product_brand?post=1459"},{"taxonomy":"product_cat","embeddable":true,"href":"https:\/\/cool-style.md\/ro\/wp-json\/wp\/v2\/product_cat?post=1459"},{"taxonomy":"product_tag","embeddable":true,"href":"https:\/\/cool-style.md\/ro\/wp-json\/wp\/v2\/product_tag?post=1459"}],"curies":[{"name":"wp","href":"https:\/\/api.w.org\/{rel}","templated":true}]}}