{"id":1474,"date":"2022-01-04T17:26:12","date_gmt":"2022-01-04T17:26:12","guid":{"rendered":"https:\/\/cool-style.md\/?post_type=product&#038;p=1474"},"modified":"2024-12-10T17:13:51","modified_gmt":"2024-12-10T17:13:51","slug":"totex-beard-oil-75ml","status":"publish","type":"product","link":"https:\/\/cool-style.md\/ro\/product\/totex-beard-oil-75ml\/","title":{"rendered":"Ulei pentru barb\u0103 Totex Beard Oil 75ml"},"content":{"rendered":"<h2><span style=\"font-size: 75%;\">Ulei pentru barb\u0103 Totex Beard Oil<\/span><\/h2>\n<ul>\n<li>\u00cenmoaie p\u0103rul din barb\u0103;<\/li>\n<li>Hidrateaz\u0103 \u0219i hr\u0103ne\u0219te pielea fe\u021bei;<\/li>\n<li>Are un miros placut si textura;<\/li>\n<li>Nu lasa luciu uleios;<\/li>\n<li>Fabricat din ingrediente naturale;<\/li>\n<li>Potrivit pentru toate tipurile de piele;<\/li>\n<\/ul>\n<p><img decoding=\"async\" class=\"wp-image-1476 aligncenter\" src=\"https:\/\/cool-style.md\/wp-content\/uploads\/2022\/01\/Cool-stule.md-Totex-Beard-Oil-800x400.jpg\" alt=\"Cool-stule.md Totex Beard Oil\" width=\"520\" height=\"260\" srcset=\"https:\/\/cool-style.md\/wp-content\/uploads\/2022\/01\/Cool-stule.md-Totex-Beard-Oil-800x400.jpg 800w, https:\/\/cool-style.md\/wp-content\/uploads\/2022\/01\/Cool-stule.md-Totex-Beard-Oil-510x255.jpg 510w, https:\/\/cool-style.md\/wp-content\/uploads\/2022\/01\/Cool-stule.md-Totex-Beard-Oil-1400x700.jpg 1400w, https:\/\/cool-style.md\/wp-content\/uploads\/2022\/01\/Cool-stule.md-Totex-Beard-Oil-768x384.jpg 768w, https:\/\/cool-style.md\/wp-content\/uploads\/2022\/01\/Cool-stule.md-Totex-Beard-Oil.jpg 1500w\" sizes=\"(max-width: 520px) 100vw, 520px\" \/>Uleiul <a href=\"https:\/\/www.totexcosmetic.com\/\" target=\"_blank\" rel=\"noopener\">Totex<\/a> de \u00eengrijire \u00eenmoaie \u0219i neteze\u0219te <a href=\"https:\/\/cool-style.md\/ro\/cosmetice-barbati\/ingrijirea-barbii\/\">barba<\/a> \u0219i musta\u021ba. Con\u021binutul bogat de ulei face ca barba ta s\u0103 ar\u0103te mai s\u0103n\u0103toas\u0103. Ofer\u0103 barbei str\u0103lucire \u0219i netezime m\u0103t\u0103soas\u0103. Excelent pentru toate lungimile de barb\u0103 &#8211; de la miri\u0219te scurte p\u00e2n\u0103 la b\u0103rbi lungi \u0219i pufoase. Con\u021bine ulei de jojoba, ulei de migdale, ulei de argan.<\/p>\n<p><strong>Volum:<\/strong> 75 ml<\/p>\n<p><strong>Mod de utilizare:<\/strong> Freca\u021bi c\u00e2teva pic\u0103turi de ulei \u00eentre palme \u0219i aplica\u021bi uniform pe barb\u0103 \u0219i p\u0103rul de musta\u021b\u0103. Poate fi aplicat pe piele.<\/p>\n<p><strong>Aten\u021bie:<\/strong> numai pentru uz extern. \u00cen caz de contact cu ochii, cl\u0103ti\u021bi cu mult\u0103 ap\u0103. A nu se lasa la indemana copiilor.<\/p>","protected":false},"excerpt":{"rendered":"<p><span style=\"font-size: 100%;\">Totex Beard Oil hidrateaz\u0103 \u0219i hr\u0103ne\u0219te pielea fe\u021bei \u0219i catifeleaz\u0103 p\u0103rul din barb\u0103.<\/span><span style=\"font-size: 100%;\"><\/span><\/p>\n","protected":false},"featured_media":1475,"template":"","meta":[],"product_brand":[],"product_cat":[32],"product_tag":[],"class_list":{"0":"post-1474","1":"product","2":"type-product","3":"status-publish","4":"has-post-thumbnail","6":"product_cat-ingrijirea-barbii","7":"pa_brand-totex","8":"pa_felul-produsului-tip-ulei","9":"pa_producator-turcia","10":"pa_volum-75ml","12":"first","13":"instock","14":"featured","15":"shipping-taxable","16":"purchasable","17":"product-type-simple"},"_links":{"self":[{"href":"https:\/\/cool-style.md\/ro\/wp-json\/wp\/v2\/product\/1474","targetHints":{"allow":["GET"]}}],"collection":[{"href":"https:\/\/cool-style.md\/ro\/wp-json\/wp\/v2\/product"}],"about":[{"href":"https:\/\/cool-style.md\/ro\/wp-json\/wp\/v2\/types\/product"}],"wp:featuredmedia":[{"embeddable":true,"href":"https:\/\/cool-style.md\/ro\/wp-json\/wp\/v2\/media\/1475"}],"wp:attachment":[{"href":"https:\/\/cool-style.md\/ro\/wp-json\/wp\/v2\/media?parent=1474"}],"wp:term":[{"taxonomy":"product_brand","embeddable":true,"href":"https:\/\/cool-style.md\/ro\/wp-json\/wp\/v2\/product_brand?post=1474"},{"taxonomy":"product_cat","embeddable":true,"href":"https:\/\/cool-style.md\/ro\/wp-json\/wp\/v2\/product_cat?post=1474"},{"taxonomy":"product_tag","embeddable":true,"href":"https:\/\/cool-style.md\/ro\/wp-json\/wp\/v2\/product_tag?post=1474"}],"curies":[{"name":"wp","href":"https:\/\/api.w.org\/{rel}","templated":true}]}}