{"id":1481,"date":"2022-01-04T20:47:14","date_gmt":"2022-01-04T20:47:14","guid":{"rendered":"https:\/\/cool-style.md\/?post_type=product&#038;p=1481"},"modified":"2024-12-05T19:15:02","modified_gmt":"2024-12-05T19:15:02","slug":"totex-hair-styling-wax-bubble-gum","status":"publish","type":"product","link":"https:\/\/cool-style.md\/ro\/product\/totex-hair-styling-wax-bubble-gum\/","title":{"rendered":"Cear\u0103 pentru p\u0103r Totex Hair Styling Wax Bubble Gum 150ml"},"content":{"rendered":"<h2><span style=\"font-size: 75%;\">Cear\u0103 pentru p\u0103r Totex Hair Styling Wax Bubble Gum<\/span><\/h2>\n<ul>\n<li><span style=\"font-size: 100%;\">Coafare usoara si rapida;<\/span><\/li>\n<li><span style=\"font-size: 100%;\">Potrivit pentru p\u0103r de orice lungime;<\/span><\/li>\n<li><span style=\"font-size: 100%;\">Grad mediu de fixare;<\/span><\/li>\n<li><span style=\"font-size: 100%;\">Ofer\u0103 o str\u0103lucire u\u0219oar\u0103;<\/span><\/li>\n<li><span style=\"font-size: 100%;\">Nu \u00eengreuneaz\u0103 p\u0103rul;<\/span><\/li>\n<li><span style=\"font-size: 100%;\">Se spal\u0103 la \u0219amponare.<\/span><\/li>\n<\/ul>\n<p><span style=\"font-size: 100%;\"><img decoding=\"async\" class=\" wp-image-1478 aligncenter\" src=\"https:\/\/cool-style.md\/wp-content\/uploads\/2021\/12\/Cool-style.md-Totex-Hair-Styling-Wax-800x400.jpg\" alt=\"Cool-style.md Totex Hair Styling Wax\" width=\"634\" height=\"317\" srcset=\"https:\/\/cool-style.md\/wp-content\/uploads\/2021\/12\/Cool-style.md-Totex-Hair-Styling-Wax-800x400.jpg 800w, https:\/\/cool-style.md\/wp-content\/uploads\/2021\/12\/Cool-style.md-Totex-Hair-Styling-Wax-510x255.jpg 510w, https:\/\/cool-style.md\/wp-content\/uploads\/2021\/12\/Cool-style.md-Totex-Hair-Styling-Wax-1400x700.jpg 1400w, https:\/\/cool-style.md\/wp-content\/uploads\/2021\/12\/Cool-style.md-Totex-Hair-Styling-Wax-768x384.jpg 768w, https:\/\/cool-style.md\/wp-content\/uploads\/2021\/12\/Cool-style.md-Totex-Hair-Styling-Wax.jpg 1500w\" sizes=\"(max-width: 634px) 100vw, 634px\" \/>Cear\u0103 <a href=\"https:\/\/www.totexcosmetic.com\/\" target=\"_blank\" rel=\"noopener\">Totex<\/a> ajut\u0103 la modelarea p\u0103rului. Formula, \u00eembog\u0103\u021bit\u0103 cu vitamine, v\u0103 permite s\u0103 men\u021bine\u021bi forma dorit\u0103 pentru o perioad\u0103 lung\u0103 de timp. Are o arom\u0103 dulce discret\u0103. Ofer\u0103 o fixare medie a p\u0103rului \u0219i \u00eei permite s\u0103 fie voluminos, confer\u0103 o str\u0103lucire u\u0219oar\u0103. Formul\u0103 f\u0103r\u0103 alcool, care ofer\u0103 protec\u021bie UV \u0219i control eficient al daunelor. Potrivit <a href=\"https:\/\/cool-style.md\/ro\/product-category\/cosmetice-barbati\/coafarea-barbati\/\">pentru toate tipurile de p\u0103r<\/a>.<\/span><\/p>\n<p><span style=\"font-size: 100%;\"><strong>Fixare:<\/strong> medie<\/span><\/p>\n<p><span style=\"font-size: 100%;\"><strong>Volum:<\/strong> 150 ml<\/span><\/p>\n<p><span style=\"font-size: 100%;\"><strong>Mod de utilizare:<\/strong> Freca\u021bi o cantitate mic\u0103 de cear\u0103 \u00eentre palme. Aplica\u021bi uniform pe p\u0103rul curat \u0219i umed \u0219i crea\u021bi forma dorit\u0103.<\/span><\/p>\n<p><span style=\"font-size: 100%;\"><strong>Aten\u021bie:<\/strong> numai pentru uz extern. \u00cen caz de contact cu ochii, cl\u0103ti\u021bi cu mult\u0103 ap\u0103. A nu se lasa la indemana copiilor.<\/span><\/p>","protected":false},"excerpt":{"rendered":"<p><span style=\"font-size: 100%;\">Totex Hair Styling Wax Bubble Gum asigur\u0103 o fixare medie a p\u0103rului \u0219i \u00eei permite s\u0103 fie voluminos, confer\u0103 o str\u0103lucire u\u0219oar\u0103<\/span><span style=\"font-size: 100%;\"><\/span><\/p>\n","protected":false},"featured_media":1483,"template":"","meta":[],"product_brand":[],"product_cat":[30,35],"product_tag":[],"class_list":{"0":"post-1481","1":"product","2":"type-product","3":"status-publish","4":"has-post-thumbnail","6":"product_cat-coafarea-barbati","7":"product_cat-coafarea-femei","8":"pa_brand-totex","9":"pa_felul-produsului-tip-ceara","10":"pa_fixare-puternica","11":"pa_producator-turcia","12":"pa_volum-150ml","14":"first","15":"instock","16":"shipping-taxable","17":"purchasable","18":"product-type-simple"},"_links":{"self":[{"href":"https:\/\/cool-style.md\/ro\/wp-json\/wp\/v2\/product\/1481","targetHints":{"allow":["GET"]}}],"collection":[{"href":"https:\/\/cool-style.md\/ro\/wp-json\/wp\/v2\/product"}],"about":[{"href":"https:\/\/cool-style.md\/ro\/wp-json\/wp\/v2\/types\/product"}],"wp:featuredmedia":[{"embeddable":true,"href":"https:\/\/cool-style.md\/ro\/wp-json\/wp\/v2\/media\/1483"}],"wp:attachment":[{"href":"https:\/\/cool-style.md\/ro\/wp-json\/wp\/v2\/media?parent=1481"}],"wp:term":[{"taxonomy":"product_brand","embeddable":true,"href":"https:\/\/cool-style.md\/ro\/wp-json\/wp\/v2\/product_brand?post=1481"},{"taxonomy":"product_cat","embeddable":true,"href":"https:\/\/cool-style.md\/ro\/wp-json\/wp\/v2\/product_cat?post=1481"},{"taxonomy":"product_tag","embeddable":true,"href":"https:\/\/cool-style.md\/ro\/wp-json\/wp\/v2\/product_tag?post=1481"}],"curies":[{"name":"wp","href":"https:\/\/api.w.org\/{rel}","templated":true}]}}