{"id":1612,"date":"2022-01-12T18:52:22","date_gmt":"2022-01-12T18:52:22","guid":{"rendered":"https:\/\/cool-style.md\/?post_type=product&#038;p=1612"},"modified":"2025-09-12T07:46:10","modified_gmt":"2025-09-12T07:46:10","slug":"nishman-disposable-alum-stick-480buc","status":"publish","type":"product","link":"https:\/\/cool-style.md\/ro\/product\/nishman-disposable-alum-stick-480buc\/","title":{"rendered":"Be\u021bi\u0219oare de unica folosin\u021b\u0103 de alaun pentru a opri s\u00e2ngerarea Nishman Disposable Alum Stick 480buc"},"content":{"rendered":"<h2><span style=\"font-size: 75%;\">Be\u021bi\u0219oare de unica folosin\u021b\u0103 de alaun pentru a opri s\u00e2ngerarea Nishman Disposable Alum Stick<\/span><\/h2>\n<p><img decoding=\"async\" class=\"size-medium wp-image-1614 alignleft\" src=\"https:\/\/cool-style.md\/wp-content\/uploads\/2022\/01\/Cool-style.md-Nishman-Disposable-Alum-Sticks-400x400.jpg\" alt=\"Cool-style.md Nishman Disposable Alum Sticks\" width=\"400\" height=\"400\" srcset=\"https:\/\/cool-style.md\/wp-content\/uploads\/2022\/01\/Cool-style.md-Nishman-Disposable-Alum-Sticks-400x400.jpg 400w, https:\/\/cool-style.md\/wp-content\/uploads\/2022\/01\/Cool-style.md-Nishman-Disposable-Alum-Sticks-300x300.jpg 300w, https:\/\/cool-style.md\/wp-content\/uploads\/2022\/01\/Cool-style.md-Nishman-Disposable-Alum-Sticks-100x100.jpg 100w, https:\/\/cool-style.md\/wp-content\/uploads\/2022\/01\/Cool-style.md-Nishman-Disposable-Alum-Sticks-510x510.jpg 510w, https:\/\/cool-style.md\/wp-content\/uploads\/2022\/01\/Cool-style.md-Nishman-Disposable-Alum-Sticks-280x280.jpg 280w, https:\/\/cool-style.md\/wp-content\/uploads\/2022\/01\/Cool-style.md-Nishman-Disposable-Alum-Sticks-247x247.jpg 247w, https:\/\/cool-style.md\/wp-content\/uploads\/2022\/01\/Cool-style.md-Nishman-Disposable-Alum-Sticks.jpg 600w\" sizes=\"(max-width: 400px) 100vw, 400px\" \/><a href=\"https:\/\/nishman.com.tr\/\" target=\"_blank\" rel=\"noopener\">Nishman<\/a> Alunite Stick este un <a href=\"https:\/\/cool-style.md\/ro\/accesorii\/\">accesoriu<\/a> care va ajuta la oprirea s\u00e2nger\u0103rii de la t\u0103ieturi \u0219i zg\u00e2rieturi dup\u0103 b\u0103rbierit. Be\u021bi\u0219oar\u0103 Nishman este fabricat\u0103 din alunit\u0103 (piatr\u0103 de alaun), care are un efect excelent deregenerarea pielii \u0219i nu numai c\u0103 opre\u0219te s\u00e2nger\u0103rile minore, dar promoveaz\u0103 \u0219i vindecarea rapid\u0103 a t\u0103ieturilor mici care rezult\u0103 adesea din contactul agresiv cu lama.<\/p>\n<p>Be\u021bi\u0219oarele de alaun sunt un ajutor foarte util pentru fiecare b\u0103rbat. Umezi\u021bi be\u021bi\u0219oar\u0103 cu ap\u0103 \u0219i aplica\u021bi pe t\u0103ietur\u0103.<\/p>\n<p><strong>Cantitatea \u00eentr-un pachet:<\/strong> 24 pachete c\u00e2te 20 buc.<\/p>","protected":false},"excerpt":{"rendered":"<p><span style=\"font-size: 100%;\">Disposable Alum Stick ajut\u0103 la oprirea s\u00e2nger\u0103rilor minore, precum \u0219i la vindecarea zg\u00e2rieturilor \u0219i t\u0103ieturilor minore.<\/span><span style=\"font-size: 100%;\"><\/span><\/p>\n","protected":false},"featured_media":1613,"template":"","meta":[],"product_brand":[],"product_cat":[29,262,132],"product_tag":[],"class_list":{"0":"post-1612","1":"product","2":"type-product","3":"status-publish","4":"has-post-thumbnail","6":"product_cat-accesorii","7":"product_cat-unica-folosinta","8":"product_cat-diverse-accesorii","9":"pa_brand-nishman","10":"pa_producator-turcia","11":"pa_volum-480buc","13":"first","14":"instock","15":"shipping-taxable","16":"purchasable","17":"product-type-simple"},"_links":{"self":[{"href":"https:\/\/cool-style.md\/ro\/wp-json\/wp\/v2\/product\/1612","targetHints":{"allow":["GET"]}}],"collection":[{"href":"https:\/\/cool-style.md\/ro\/wp-json\/wp\/v2\/product"}],"about":[{"href":"https:\/\/cool-style.md\/ro\/wp-json\/wp\/v2\/types\/product"}],"wp:featuredmedia":[{"embeddable":true,"href":"https:\/\/cool-style.md\/ro\/wp-json\/wp\/v2\/media\/1613"}],"wp:attachment":[{"href":"https:\/\/cool-style.md\/ro\/wp-json\/wp\/v2\/media?parent=1612"}],"wp:term":[{"taxonomy":"product_brand","embeddable":true,"href":"https:\/\/cool-style.md\/ro\/wp-json\/wp\/v2\/product_brand?post=1612"},{"taxonomy":"product_cat","embeddable":true,"href":"https:\/\/cool-style.md\/ro\/wp-json\/wp\/v2\/product_cat?post=1612"},{"taxonomy":"product_tag","embeddable":true,"href":"https:\/\/cool-style.md\/ro\/wp-json\/wp\/v2\/product_tag?post=1612"}],"curies":[{"name":"wp","href":"https:\/\/api.w.org\/{rel}","templated":true}]}}