{"id":1622,"date":"2022-01-12T19:56:05","date_gmt":"2022-01-12T19:56:05","guid":{"rendered":"https:\/\/cool-style.md\/?post_type=product&#038;p=1622"},"modified":"2024-12-05T19:20:29","modified_gmt":"2024-12-05T19:20:29","slug":"totex-hair-spray-6-gold-strong","status":"publish","type":"product","link":"https:\/\/cool-style.md\/ro\/product\/totex-hair-spray-6-gold-strong\/","title":{"rendered":"Lac de p\u0103r Totex Hair Spray 6 Gold Strong 400ml"},"content":{"rendered":"<h2><span style=\"font-size: 75%;\">Lac de p\u0103r Totex Hair Spray 6 Gold Strong<\/span><\/h2>\n<ul>\n<li><span style=\"font-size: 100%;\">Coafare u\u0219oar\u0103 \u0219i rapid\u0103;<\/span><\/li>\n<li><span style=\"font-size: 100%;\">Potrivit pentru p\u0103r de orice lungime;<\/span><\/li>\n<li><span style=\"font-size: 100%;\">Fixare puternic\u0103;<\/span><\/li>\n<li><span style=\"font-size: 100%;\">Nu \u00eengreuneaz\u0103 p\u0103rul;<\/span><\/li>\n<li><span style=\"font-size: 100%;\">Se spal\u0103 la \u0219amponare.<\/span><\/li>\n<\/ul>\n<p><span style=\"font-size: 100%;\"><img decoding=\"async\" class=\" wp-image-1625 alignleft\" src=\"https:\/\/cool-style.md\/wp-content\/uploads\/2022\/01\/Totex-Hair-Spray-400x400.jpg\" alt=\"cool-style.md Totex Hair Spray\" width=\"335\" height=\"335\" srcset=\"https:\/\/cool-style.md\/wp-content\/uploads\/2022\/01\/Totex-Hair-Spray-400x400.jpg 400w, https:\/\/cool-style.md\/wp-content\/uploads\/2022\/01\/Totex-Hair-Spray-300x300.jpg 300w, https:\/\/cool-style.md\/wp-content\/uploads\/2022\/01\/Totex-Hair-Spray-100x100.jpg 100w, https:\/\/cool-style.md\/wp-content\/uploads\/2022\/01\/Totex-Hair-Spray-510x510.jpg 510w, https:\/\/cool-style.md\/wp-content\/uploads\/2022\/01\/Totex-Hair-Spray-800x800.jpg 800w, https:\/\/cool-style.md\/wp-content\/uploads\/2022\/01\/Totex-Hair-Spray-280x280.jpg 280w, https:\/\/cool-style.md\/wp-content\/uploads\/2022\/01\/Totex-Hair-Spray-768x768.jpg 768w, https:\/\/cool-style.md\/wp-content\/uploads\/2022\/01\/Totex-Hair-Spray-247x247.jpg 247w, https:\/\/cool-style.md\/wp-content\/uploads\/2022\/01\/Totex-Hair-Spray.jpg 1500w\" sizes=\"(max-width: 335px) 100vw, 335px\" \/>Lac de p\u0103r <a href=\"https:\/\/www.totexcosmetic.com\/\" target=\"_blank\" rel=\"noopener\">Totex<\/a> ajut\u0103 la modelarea p\u0103rului. Formula puternic\u0103 faciliteaz\u0103 crearea oric\u0103rei coafuri \u0219i repararea acesteia pe tot parcursul zilei. Ofer\u0103 str\u0103lucire p\u0103rului, u\u0219or de sp\u0103lat. Potrivit <a href=\"https:\/\/cool-style.md\/ro\/product-category\/cosmetice-barbati\/coafarea-barbati\/\">pentru toate tipurile de p\u0103r<\/a>.<\/span><\/p>\n<p><span style=\"font-size: 100%;\"><strong>Fixare:<\/strong> super tare<\/span><\/p>\n<p><span style=\"font-size: 100%;\"><strong>Volum:<\/strong> 400 ml<\/span><\/p>\n<p><span style=\"font-size: 100%;\"><strong>Mod de utilizare:<\/strong> pentru a fixa forma &#8211; pulveriza\u021bi fixativul pe p\u0103r la o distan\u021b\u0103 de 30 cm; pentru a da volum p\u0103rului &#8211; pulveriza\u021bi produsul aproape de r\u0103d\u0103cini.<\/span><\/p>\n<p><span style=\"font-size: 100%;\"><strong>Aten\u021bie:<\/strong> numai pentru uz extern. \u00cen caz de contact cu ochii, cl\u0103ti\u021bi cu mult\u0103 ap\u0103. A nu se lasa la indemana copiilor.<\/span><\/p>","protected":false},"excerpt":{"rendered":"<p><span style=\"font-size: 100%;\">Totex Hair Spray 6 Gold Strong ofer\u0103 p\u0103rului o str\u0103lucire pl\u0103cut\u0103, v\u0103 permite s\u0103 men\u021bine\u021bi coafarea dorit\u0103 pentru \u00eentreaga zi.<\/span><span style=\"font-size: 100%;\"><\/span><\/p>\n","protected":false},"featured_media":1626,"template":"","meta":[],"product_brand":[],"product_cat":[30,35],"product_tag":[],"class_list":{"0":"post-1622","1":"product","2":"type-product","3":"status-publish","4":"has-post-thumbnail","6":"product_cat-coafarea-barbati","7":"product_cat-coafarea-femei","8":"pa_brand-totex","9":"pa_felul-produsului-tip-lac-de-par","10":"pa_fixare-extra-puternica","11":"pa_producator-turcia","12":"pa_volum-400ml","14":"first","15":"instock","16":"featured","17":"shipping-taxable","18":"purchasable","19":"product-type-simple"},"_links":{"self":[{"href":"https:\/\/cool-style.md\/ro\/wp-json\/wp\/v2\/product\/1622","targetHints":{"allow":["GET"]}}],"collection":[{"href":"https:\/\/cool-style.md\/ro\/wp-json\/wp\/v2\/product"}],"about":[{"href":"https:\/\/cool-style.md\/ro\/wp-json\/wp\/v2\/types\/product"}],"wp:featuredmedia":[{"embeddable":true,"href":"https:\/\/cool-style.md\/ro\/wp-json\/wp\/v2\/media\/1626"}],"wp:attachment":[{"href":"https:\/\/cool-style.md\/ro\/wp-json\/wp\/v2\/media?parent=1622"}],"wp:term":[{"taxonomy":"product_brand","embeddable":true,"href":"https:\/\/cool-style.md\/ro\/wp-json\/wp\/v2\/product_brand?post=1622"},{"taxonomy":"product_cat","embeddable":true,"href":"https:\/\/cool-style.md\/ro\/wp-json\/wp\/v2\/product_cat?post=1622"},{"taxonomy":"product_tag","embeddable":true,"href":"https:\/\/cool-style.md\/ro\/wp-json\/wp\/v2\/product_tag?post=1622"}],"curies":[{"name":"wp","href":"https:\/\/api.w.org\/{rel}","templated":true}]}}