{"id":1713,"date":"2022-01-16T16:59:39","date_gmt":"2022-01-16T16:59:39","guid":{"rendered":"https:\/\/cool-style.md\/?post_type=product&#038;p=1713"},"modified":"2023-06-05T11:42:05","modified_gmt":"2023-06-05T11:42:05","slug":"italwax-selfie-film-wax-oils-complex","status":"publish","type":"product","link":"https:\/\/cool-style.md\/ro\/product\/italwax-selfie-film-wax-oils-complex\/","title":{"rendered":"Cear\u0103 de film \u00een granule pentru depilare facial\u0103 ItalWax Selfie Film Wax Oils Complex 500gr"},"content":{"rendered":"<h2><span style=\"font-size: 75%;\">Cear\u0103 de film \u00een granule pentru depilare facial\u0103 ItalWax Selfie Film Wax Oils Complex<\/span><\/h2>\n<ul>\n<li><span style=\"font-size: 100%;\">\u00eendeparteaza 100% fire de p\u0103r f\u0103r\u0103 a se rupe;<\/span><\/li>\n<li><span style=\"font-size: 100%;\">nu las\u0103 lipiciune pe piele;<\/span><\/li>\n<li><span style=\"font-size: 100%;\">reduce semnificativ durerea de la depilare;<\/span><\/li>\n<li><span style=\"font-size: 100%;\">potrivit pentru pielea sensibil\u0103;<\/span><\/li>\n<li>pentru \u00eendep\u0103rtarea p\u0103rului de pe fa\u021b\u0103.<\/li>\n<\/ul>\n<p><span style=\"font-size: 100%;\"><a href=\"https:\/\/cool-style.md\/wp-content\/uploads\/2022\/01\/Cool-style.md-ItalWax-Selfie-Film-Wax-Oils-Complex.jpg\"><img decoding=\"async\" class=\" wp-image-1715 alignleft\" src=\"https:\/\/cool-style.md\/wp-content\/uploads\/2022\/01\/Cool-style.md-ItalWax-Selfie-Film-Wax-Oils-Complex-400x400.jpg\" alt=\"Cool-style.md ItalWax Selfie Film Wax Oils Complex\" width=\"307\" height=\"307\" srcset=\"https:\/\/cool-style.md\/wp-content\/uploads\/2022\/01\/Cool-style.md-ItalWax-Selfie-Film-Wax-Oils-Complex-400x400.jpg 400w, https:\/\/cool-style.md\/wp-content\/uploads\/2022\/01\/Cool-style.md-ItalWax-Selfie-Film-Wax-Oils-Complex-300x300.jpg 300w, https:\/\/cool-style.md\/wp-content\/uploads\/2022\/01\/Cool-style.md-ItalWax-Selfie-Film-Wax-Oils-Complex-100x100.jpg 100w, https:\/\/cool-style.md\/wp-content\/uploads\/2022\/01\/Cool-style.md-ItalWax-Selfie-Film-Wax-Oils-Complex-510x510.jpg 510w, https:\/\/cool-style.md\/wp-content\/uploads\/2022\/01\/Cool-style.md-ItalWax-Selfie-Film-Wax-Oils-Complex-280x280.jpg 280w, https:\/\/cool-style.md\/wp-content\/uploads\/2022\/01\/Cool-style.md-ItalWax-Selfie-Film-Wax-Oils-Complex-247x247.jpg 247w, https:\/\/cool-style.md\/wp-content\/uploads\/2022\/01\/Cool-style.md-ItalWax-Selfie-Film-Wax-Oils-Complex.jpg 768w\" sizes=\"(max-width: 307px) 100vw, 307px\" \/><\/a>Cear\u0103 <a href=\"https:\/\/www.italwax.com\/\" target=\"_blank\" rel=\"noopener\">ItalWax<\/a> Selfie este ideal\u0103 pentru <a href=\"https:\/\/cool-style.md\/ro\/pentru-depilare\/\">depilare<\/a> facial\u0103. <\/span>Formula inovatoare de cear\u0103 a fost creat\u0103 special pentru a \u00eendep\u0103rta firele de p\u0103r nedorite de pe pielea delicat\u0103 a fe\u021bei. Ceara are o baz\u0103 sintetic\u0103. Complexul de uleiuri naturale inclus \u00een compozi\u021bie \u00eenmoaie efectul asupra pielii sub\u021biri, creeaz\u0103 protec\u021bie maxim\u0103 \u0219i confort deosebit \u00een timpul procedurii.<\/p>\n<p>Ceara nu r\u0103ne\u0219te pielea delicat\u0103, nu las\u0103 ro\u0219ea\u021b\u0103 chiar \u0219i pe pielea sub\u021bire \u0219i deschis\u0103 la culoare. <span style=\"font-size: 100%;\">Punct de topire 38\u00b0C.<\/span><\/p>\n<p><span style=\"font-size: 100%;\"><b>Volum:<\/b> 500 gr<\/span><\/p>\n<h2><span style=\"font-size: 75%;\"><\/span><\/p>","protected":false},"excerpt":{"rendered":"<p><span style=\"font-size: 100%;\">ItalWax Selfie Film Wax Oils Complex conceput special pentru a \u00eendep\u0103rta firele de p\u0103r nedorite de pe pielea delicat\u0103 a fe\u021bei.<\/span><\/p>\n","protected":false},"featured_media":1714,"template":"","meta":[],"product_brand":[],"product_cat":[149],"product_tag":[],"class_list":{"0":"post-1713","1":"product","2":"type-product","3":"status-publish","4":"has-post-thumbnail","6":"product_cat-ceara-depilare","7":"pa_brand-italwax","8":"pa_felul-produsului-tip-ceara-sintetica","9":"pa_producator-italia","10":"pa_volum-500gr","12":"first","13":"instock","14":"shipping-taxable","15":"purchasable","16":"product-type-simple"},"_links":{"self":[{"href":"https:\/\/cool-style.md\/ro\/wp-json\/wp\/v2\/product\/1713","targetHints":{"allow":["GET"]}}],"collection":[{"href":"https:\/\/cool-style.md\/ro\/wp-json\/wp\/v2\/product"}],"about":[{"href":"https:\/\/cool-style.md\/ro\/wp-json\/wp\/v2\/types\/product"}],"wp:featuredmedia":[{"embeddable":true,"href":"https:\/\/cool-style.md\/ro\/wp-json\/wp\/v2\/media\/1714"}],"wp:attachment":[{"href":"https:\/\/cool-style.md\/ro\/wp-json\/wp\/v2\/media?parent=1713"}],"wp:term":[{"taxonomy":"product_brand","embeddable":true,"href":"https:\/\/cool-style.md\/ro\/wp-json\/wp\/v2\/product_brand?post=1713"},{"taxonomy":"product_cat","embeddable":true,"href":"https:\/\/cool-style.md\/ro\/wp-json\/wp\/v2\/product_cat?post=1713"},{"taxonomy":"product_tag","embeddable":true,"href":"https:\/\/cool-style.md\/ro\/wp-json\/wp\/v2\/product_tag?post=1713"}],"curies":[{"name":"wp","href":"https:\/\/api.w.org\/{rel}","templated":true}]}}