{"id":2038,"date":"2022-01-16T17:28:52","date_gmt":"2022-01-16T17:28:52","guid":{"rendered":"https:\/\/cool-style.md\/?post_type=product&#038;p=2038"},"modified":"2024-12-10T17:09:14","modified_gmt":"2024-12-10T17:09:14","slug":"italwax-nirvana-premium-spa-wax-lavender","status":"publish","type":"product","link":"https:\/\/cool-style.md\/ro\/product\/italwax-nirvana-premium-spa-wax-lavender\/","title":{"rendered":"Cear\u0103 pentru SPA-depilare ItalWax Nirvana Premium SPA Wax Lavender 800ml"},"content":{"rendered":"<h2><span style=\"font-size: 75%;\">Cear\u0103 pentru SPA-depilare ItalWax Nirvana Premium SPA Wax Lavender<\/span><\/h2>\n<ul>\n<li><span style=\"font-size: 100%;\">\u00eendeparteaza 100% fire de p\u0103r f\u0103r\u0103 a se rupe;<\/span><\/li>\n<li><span style=\"font-size: 100%;\">nu las\u0103 lipiciune pe piele;<\/span><\/li>\n<li>are o arom\u0103 pronun\u021bat\u0103;<\/li>\n<li><span style=\"font-size: 100%;\">potrivit pentru pielea sensibil\u0103;<\/span><\/li>\n<li><span style=\"font-size: 100%;\">pentru depilarea zonelor delicate.<\/span><\/li>\n<\/ul>\n<p><span style=\"font-size: 100%;\"><a href=\"https:\/\/cool-style.md\/wp-content\/uploads\/2022\/01\/Cool-style.md-ItalWax-Nirvana-Premium-SPA-Wax.jpg\"><img decoding=\"async\" class=\"wp-image-2031 alignleft\" src=\"https:\/\/cool-style.md\/wp-content\/uploads\/2022\/01\/Cool-style.md-ItalWax-Nirvana-Premium-SPA-Wax-800x352.jpg\" alt=\"Cool-style.md ItalWax Nirvana Premium SPA Wax\" width=\"406\" height=\"179\" srcset=\"https:\/\/cool-style.md\/wp-content\/uploads\/2022\/01\/Cool-style.md-ItalWax-Nirvana-Premium-SPA-Wax-800x352.jpg 800w, https:\/\/cool-style.md\/wp-content\/uploads\/2022\/01\/Cool-style.md-ItalWax-Nirvana-Premium-SPA-Wax-510x224.jpg 510w, https:\/\/cool-style.md\/wp-content\/uploads\/2022\/01\/Cool-style.md-ItalWax-Nirvana-Premium-SPA-Wax-768x338.jpg 768w, https:\/\/cool-style.md\/wp-content\/uploads\/2022\/01\/Cool-style.md-ItalWax-Nirvana-Premium-SPA-Wax.jpg 977w\" sizes=\"(max-width: 406px) 100vw, 406px\" \/><\/a><\/span>Cear\u0103 premium <a href=\"https:\/\/www.italwax.com\/\" target=\"_blank\" rel=\"noopener\">ItalWax<\/a>. O formul\u0103 inovatoare de cear\u0103 sintetic\u0103 cu ulei de sandal pentru <a href=\"https:\/\/cool-style.md\/ro\/pentru-depilare\/\">depilare<\/a> aromatic\u0103 SPA. Creat\u0103 special pentru depilarea pe ulei \u0219i este conceput\u0103 pentru a indeparta p\u0103rul \u00een zonele delicate.<\/p>\n<p>Cear\u0103 se descurc\u0103 perfect cu p\u0103rul scurt ras, iar uleiul parfumat protejeaz\u0103, hidrateaz\u0103 pielea sensibil\u0103 sub\u021bire \u00een timpul procedurii \u0219i creeaz\u0103 un efect relaxant. Ceara \u00eenc\u0103lzit\u0103 are o arom\u0103 pronun\u021bat\u0103 de lavand\u0103, spore\u0219te efectul de \u00eengrijire al uleiului, care asigur\u0103 catifelarea \u0219i sensibilitatea pielii dup\u0103 depilare.<\/p>\n<p>Cear\u0103 polimeric\u0103 &#8220;Sandal&#8221; pe baza sintetic\u00ee, nu con\u021bine componente care pot provoca alergii \u0219i irit\u0103\u021bii, potrivit\u0103 pentru pielea sensibil\u0103. <span style=\"font-size: 100%;\">Punct de topire 38\u00b0C.<\/span><\/p>\n<p><span style=\"font-size: 100%;\"><b>Volum:<\/b> 800 ml<\/span><\/p>\n<h2><span style=\"font-size: 75%;\"><\/span><\/p>","protected":false},"excerpt":{"rendered":"<p><span style=\"font-size: 100%;\">ItalWax Nirvana Premium SPA Wax Lavender &#8211; cear\u0103 premium pentru depilare aromatic\u0103 SPA.<\/span><\/p>\n","protected":false},"featured_media":2041,"template":"","meta":[],"product_brand":[],"product_cat":[149],"product_tag":[],"class_list":{"0":"post-2038","1":"product","2":"type-product","3":"status-publish","4":"has-post-thumbnail","6":"product_cat-ceara-depilare","7":"pa_brand-italwax","8":"pa_felul-produsului-tip-ceara-sintetica","9":"pa_producator-italia","10":"pa_volum-800ml","12":"first","13":"instock","14":"shipping-taxable","15":"purchasable","16":"product-type-simple"},"_links":{"self":[{"href":"https:\/\/cool-style.md\/ro\/wp-json\/wp\/v2\/product\/2038","targetHints":{"allow":["GET"]}}],"collection":[{"href":"https:\/\/cool-style.md\/ro\/wp-json\/wp\/v2\/product"}],"about":[{"href":"https:\/\/cool-style.md\/ro\/wp-json\/wp\/v2\/types\/product"}],"wp:featuredmedia":[{"embeddable":true,"href":"https:\/\/cool-style.md\/ro\/wp-json\/wp\/v2\/media\/2041"}],"wp:attachment":[{"href":"https:\/\/cool-style.md\/ro\/wp-json\/wp\/v2\/media?parent=2038"}],"wp:term":[{"taxonomy":"product_brand","embeddable":true,"href":"https:\/\/cool-style.md\/ro\/wp-json\/wp\/v2\/product_brand?post=2038"},{"taxonomy":"product_cat","embeddable":true,"href":"https:\/\/cool-style.md\/ro\/wp-json\/wp\/v2\/product_cat?post=2038"},{"taxonomy":"product_tag","embeddable":true,"href":"https:\/\/cool-style.md\/ro\/wp-json\/wp\/v2\/product_tag?post=2038"}],"curies":[{"name":"wp","href":"https:\/\/api.w.org\/{rel}","templated":true}]}}