{"id":2039,"date":"2022-01-16T17:29:56","date_gmt":"2022-01-16T17:29:56","guid":{"rendered":"https:\/\/cool-style.md\/?post_type=product&#038;p=2039"},"modified":"2024-12-10T17:08:25","modified_gmt":"2024-12-10T17:08:25","slug":"italwax-nirvana-pre-wax-oil-lavender","status":"publish","type":"product","link":"https:\/\/cool-style.md\/ro\/product\/italwax-nirvana-pre-wax-oil-lavender\/","title":{"rendered":"Ulei \u00eenainte dedepilare ItalWax Nirvana Pre-Wax Oil Lavender  250ml"},"content":{"rendered":"<h2><span style=\"font-size: 75%;\">Ulei \u00eenainte de depilare ItalWax ItalWax Nirvana Pre-Wax Oil Lavender <\/span><\/h2>\n<ul>\n<li>preg\u0103te\u0219te pielea pentru procedur\u0103;<\/li>\n<li>catifeleaz\u0103 pielea \u0219i o face catifelat\u0103;<\/li>\n<li>are propriet\u0103\u021bi vindec\u0103toare;<\/li>\n<li>hr\u0103ne\u0219te \u0219i regenereaz\u0103 pielea;<\/li>\n<li>are o arom\u0103 pl\u0103cut\u0103.<\/li>\n<\/ul>\n<p><span style=\"font-size: 100%;\"><a href=\"https:\/\/cool-style.md\/wp-content\/uploads\/2022\/01\/Cool-style.md-ItalWax-Nirvana-Premium-SPA-Wax.jpg\"><img decoding=\"async\" class=\"wp-image-2031 alignleft\" src=\"https:\/\/cool-style.md\/wp-content\/uploads\/2022\/01\/Cool-style.md-ItalWax-Nirvana-Premium-SPA-Wax-800x352.jpg\" alt=\"Cool-style.md ItalWax Nirvana Premium SPA Wax\" width=\"406\" height=\"179\" srcset=\"https:\/\/cool-style.md\/wp-content\/uploads\/2022\/01\/Cool-style.md-ItalWax-Nirvana-Premium-SPA-Wax-800x352.jpg 800w, https:\/\/cool-style.md\/wp-content\/uploads\/2022\/01\/Cool-style.md-ItalWax-Nirvana-Premium-SPA-Wax-510x224.jpg 510w, https:\/\/cool-style.md\/wp-content\/uploads\/2022\/01\/Cool-style.md-ItalWax-Nirvana-Premium-SPA-Wax-768x338.jpg 768w, https:\/\/cool-style.md\/wp-content\/uploads\/2022\/01\/Cool-style.md-ItalWax-Nirvana-Premium-SPA-Wax.jpg 977w\" sizes=\"(max-width: 406px) 100vw, 406px\" \/><\/a><\/span>Uleiul natural <a href=\"https:\/\/www.italwax.com\/\" target=\"_blank\" rel=\"noopener\">ItalWax<\/a>, realizat pe baz\u0103 de ingrediente din plante, este conceput pentru a preg\u0103ti pielea pentru procedura de <a href=\"https:\/\/cool-style.md\/ro\/pentru-depilare\/\">depilare<\/a>. Faciliteaz\u0103 aplicarea u\u0219oar\u0103 a cear\u0103. Hr\u0103ne\u0219te \u0219i regenereaz\u0103 pielea, l\u0103s\u00e2nd-o catifelat\u0103 \u0219i bine \u00eengrijit\u0103 dup\u0103 procedura de \u00eendep\u0103rtare a p\u0103rului. Datorit\u0103 con\u021binutului de ulei de vindecare, are propriet\u0103\u021bi antiseptice, vindec\u0103toare \u0219i relaxante, iar aroma lini\u0219titoare transform\u0103 depilarea \u00eentr-o procedur\u0103 SPA rafinat\u0103.<\/p>\n<p><span style=\"font-size: 100%;\"><b>Volum:<\/b> 250 ml<\/span><\/p>\n<h2><span style=\"font-size: 75%;\"><\/span><\/p>","protected":false},"excerpt":{"rendered":"<p><span style=\"font-size: 100%;\">ItalWax Nirvana Pre-Wax Oil Lavender are propriet\u0103\u021bi antiseptice, vindec\u0103toare \u0219i relaxante.<\/span><\/p>\n","protected":false},"featured_media":2042,"template":"","meta":[],"product_brand":[],"product_cat":[151],"product_tag":[],"class_list":{"0":"post-2039","1":"product","2":"type-product","3":"status-publish","4":"has-post-thumbnail","6":"product_cat-inainte-dupa-depilare","7":"pa_brand-italwax","8":"pa_felul-produsului-tip-ulei","9":"pa_producator-italia","10":"pa_volum-250ml","12":"first","13":"instock","14":"featured","15":"shipping-taxable","16":"purchasable","17":"product-type-simple"},"_links":{"self":[{"href":"https:\/\/cool-style.md\/ro\/wp-json\/wp\/v2\/product\/2039","targetHints":{"allow":["GET"]}}],"collection":[{"href":"https:\/\/cool-style.md\/ro\/wp-json\/wp\/v2\/product"}],"about":[{"href":"https:\/\/cool-style.md\/ro\/wp-json\/wp\/v2\/types\/product"}],"wp:featuredmedia":[{"embeddable":true,"href":"https:\/\/cool-style.md\/ro\/wp-json\/wp\/v2\/media\/2042"}],"wp:attachment":[{"href":"https:\/\/cool-style.md\/ro\/wp-json\/wp\/v2\/media?parent=2039"}],"wp:term":[{"taxonomy":"product_brand","embeddable":true,"href":"https:\/\/cool-style.md\/ro\/wp-json\/wp\/v2\/product_brand?post=2039"},{"taxonomy":"product_cat","embeddable":true,"href":"https:\/\/cool-style.md\/ro\/wp-json\/wp\/v2\/product_cat?post=2039"},{"taxonomy":"product_tag","embeddable":true,"href":"https:\/\/cool-style.md\/ro\/wp-json\/wp\/v2\/product_tag?post=2039"}],"curies":[{"name":"wp","href":"https:\/\/api.w.org\/{rel}","templated":true}]}}