{"id":2044,"date":"2022-01-22T22:16:58","date_gmt":"2022-01-22T22:16:58","guid":{"rendered":"https:\/\/cool-style.md\/?post_type=product&#038;p=2044"},"modified":"2024-12-10T12:08:31","modified_gmt":"2024-12-10T12:08:31","slug":"italwax-cleopatra-full-body-premium-wax","status":"publish","type":"product","link":"https:\/\/cool-style.md\/ro\/product\/italwax-cleopatra-full-body-premium-wax\/","title":{"rendered":"Cear\u0103 de film \u00een granule pentru depilare ItalWax Cleopatra Full Body Premium Wax 1000gr"},"content":{"rendered":"<h2><span style=\"font-size: 75%;\">Cear\u0103 de film \u00een granule pentru depilare ItalWax Cleopatra Full Body Premium Wax<\/span><\/h2>\n<ul>\n<li>indeparteaza 100% fire de par fara a se rupe;<\/li>\n<li>nu las\u0103 lipiciune pe piele;<\/li>\n<li>nu provoac\u0103 alergii \u0219i irita\u021bii;<\/li>\n<li>potrivit pentru pielea sensibil\u0103;<\/li>\n<li><span style=\"font-size: 14.4px;\">potrivit pentru depilarea zonelor delicate.<\/span><\/li>\n<\/ul>\n<p><a href=\"https:\/\/cool-style.md\/wp-content\/uploads\/2022\/01\/Cool-style.md-ItalWax-Cleopatra-Full-Body-Premium-Class-Wax.jpg\"><img decoding=\"async\" class=\" wp-image-2046 aligncenter\" src=\"https:\/\/cool-style.md\/wp-content\/uploads\/2022\/01\/Cool-style.md-ItalWax-Cleopatra-Full-Body-Premium-Class-Wax-787x400.jpg\" alt=\"Cool-style.md ItalWax Cleopatra Full Body Premium-Class Wax\" width=\"466\" height=\"237\" srcset=\"https:\/\/cool-style.md\/wp-content\/uploads\/2022\/01\/Cool-style.md-ItalWax-Cleopatra-Full-Body-Premium-Class-Wax-787x400.jpg 787w, https:\/\/cool-style.md\/wp-content\/uploads\/2022\/01\/Cool-style.md-ItalWax-Cleopatra-Full-Body-Premium-Class-Wax-510x259.jpg 510w, https:\/\/cool-style.md\/wp-content\/uploads\/2022\/01\/Cool-style.md-ItalWax-Cleopatra-Full-Body-Premium-Class-Wax-768x391.jpg 768w, https:\/\/cool-style.md\/wp-content\/uploads\/2022\/01\/Cool-style.md-ItalWax-Cleopatra-Full-Body-Premium-Class-Wax.jpg 1180w\" sizes=\"(max-width: 466px) 100vw, 466px\" \/><\/a>Cear\u0103 premium <a href=\"https:\/\/www.italwax.com\/\" target=\"_blank\" rel=\"noopener\">ItalWax<\/a>. Cear\u0103 de lux de culoare aurie <a href=\"https:\/\/cool-style.md\/ro\/pentru-depilare\/\">pentru depilare<\/a> de clas\u0103 de lux. Formula special\u0103 de cear\u0103 v\u0103 permite s\u0103 sc\u0103pa\u021bi de p\u0103rul nedorit de pe tot corpul, inclusiv \u00een zonele delicate.<\/p>\n<p>Datorit\u0103 compozi\u021biei sale speciale, ceara are o textur\u0103 moale \u0219i plastic\u0103, ceea ce v\u0103 permite s\u0103 forma\u021bi aplica\u021bii mari pe tot corpul.<\/p>\n<p>Folosind o spatul\u0103 special\u0103, ceara se aplic\u0103 cu u\u0219urin\u021b\u0103 pe o suprafa\u021b\u0103 mare, form\u00e2nd o pelicul\u0103 elastic\u0103. Nu las\u0103 lipiciune pe piele. \u00cendep\u0103rteaz\u0103 eficient \u0219i f\u0103r\u0103 durere firele de p\u0103r aspru \u0219i ras de pe orice parte a corpului.<\/p>\n<p>Ceara este hipoalergenic\u0103, nu con\u021bine componente care pot provoca alergii \u0219i irita\u021bii, potrivit\u0103 pentru pielea sensibil\u0103. Punct de topire 38\u00b0C.<\/p>\n<p><span style=\"font-size: 100%; color: #555555;\">Punct de topire 38\u00b0C.<\/span><\/p>\n<p><span style=\"font-size: 100%;\"><b>Volum:<\/b> 1000 gr<\/span><\/p>\n<h2><span style=\"font-size: 75%;\"><\/span><\/p>","protected":false},"excerpt":{"rendered":"<p><span style=\"font-size: 100%;\">ItalWax Cleopatra Full Body Premium Wax &#8211; cear\u0103 premium v\u0103 permite s\u0103 sc\u0103pa\u021bi de p\u0103rul nedorit de pe tot corpul, inclusiv \u00een zonele delicate.<\/span><\/p>\n","protected":false},"featured_media":2045,"template":"","meta":[],"product_brand":[],"product_cat":[149],"product_tag":[],"class_list":{"0":"post-2044","1":"product","2":"type-product","3":"status-publish","4":"has-post-thumbnail","6":"product_cat-ceara-depilare","7":"pa_brand-italwax","8":"pa_felul-produsului-tip-ceara-sintetica","9":"pa_producator-italia","10":"pa_volum-1000gr","12":"first","13":"instock","14":"shipping-taxable","15":"purchasable","16":"product-type-simple"},"_links":{"self":[{"href":"https:\/\/cool-style.md\/ro\/wp-json\/wp\/v2\/product\/2044","targetHints":{"allow":["GET"]}}],"collection":[{"href":"https:\/\/cool-style.md\/ro\/wp-json\/wp\/v2\/product"}],"about":[{"href":"https:\/\/cool-style.md\/ro\/wp-json\/wp\/v2\/types\/product"}],"wp:featuredmedia":[{"embeddable":true,"href":"https:\/\/cool-style.md\/ro\/wp-json\/wp\/v2\/media\/2045"}],"wp:attachment":[{"href":"https:\/\/cool-style.md\/ro\/wp-json\/wp\/v2\/media?parent=2044"}],"wp:term":[{"taxonomy":"product_brand","embeddable":true,"href":"https:\/\/cool-style.md\/ro\/wp-json\/wp\/v2\/product_brand?post=2044"},{"taxonomy":"product_cat","embeddable":true,"href":"https:\/\/cool-style.md\/ro\/wp-json\/wp\/v2\/product_cat?post=2044"},{"taxonomy":"product_tag","embeddable":true,"href":"https:\/\/cool-style.md\/ro\/wp-json\/wp\/v2\/product_tag?post=2044"}],"curies":[{"name":"wp","href":"https:\/\/api.w.org\/{rel}","templated":true}]}}