{"id":2047,"date":"2022-01-13T00:00:58","date_gmt":"2022-01-13T00:00:58","guid":{"rendered":"https:\/\/cool-style.md\/?post_type=product&#038;p=2047"},"modified":"2025-09-12T07:45:02","modified_gmt":"2025-09-12T07:45:02","slug":"italwax-disposable-hair-removal-roll","status":"publish","type":"product","link":"https:\/\/cool-style.md\/ro\/product\/italwax-disposable-hair-removal-roll\/","title":{"rendered":"Lenta pentru depilare ItalWax Disposable Hair Removal Roll 100m"},"content":{"rendered":"<h2><span style=\"font-size: 75%;\">Lenta <a href=\"https:\/\/cool-style.md\/ro\/pentru-depilare\/\">pentru depilare<\/a> <a href=\"https:\/\/www.italwax.com\/\" target=\"_blank\" rel=\"noopener\">ItalWax<\/a> Disposable Hair Removal Roll 100m<\/span><\/h2>\n<p>Benzile de bandaj \u00een role sunt destinate pentru \u00eendep\u0103rtarea cerii calde. Rolele sunt fabricate din material ne\u021besut de \u00eenalt\u0103 calitate, cu caracteristici fizice \u0219i mecanice unice. Acest lucru permite benzii s\u0103 nu se \u00eentind\u0103, s\u0103 nu se ude sau s\u0103 se rup\u0103 \u00een timpul depil\u0103rii.<\/p>\n<p><strong>Material:<\/strong> intercalare<\/p>\n<p><strong>Densitate:<\/strong> 80 g\/m<\/p>\n<p><strong>L\u0103\u021bime:<\/strong> 7 cm<\/p>\n<p><span style=\"font-size: 100%;\"><b>Volum: <\/b>100 m<\/span><\/p>\n<h2><span style=\"font-size: 75%;\"><\/span><\/p>","protected":false},"excerpt":{"rendered":"<p><span style=\"font-size: 100%;\">ItalWax Disposable Hair Removal Roll este destinat\u0103 pentru \u00eendep\u0103rtarea cerii calde.<\/span><span style=\"font-size: 100%;\"><\/span><\/p>\n","protected":false},"featured_media":2048,"template":"","meta":[],"product_brand":[],"product_cat":[38,262,132],"product_tag":[],"class_list":{"0":"post-2047","1":"product","2":"type-product","3":"status-publish","4":"has-post-thumbnail","6":"product_cat-pentru-depilare","7":"product_cat-unica-folosinta","8":"product_cat-diverse-accesorii","9":"pa_brand-italwax","10":"pa_producator-italia","11":"pa_volum-100m","13":"first","14":"instock","15":"shipping-taxable","16":"purchasable","17":"product-type-simple"},"_links":{"self":[{"href":"https:\/\/cool-style.md\/ro\/wp-json\/wp\/v2\/product\/2047","targetHints":{"allow":["GET"]}}],"collection":[{"href":"https:\/\/cool-style.md\/ro\/wp-json\/wp\/v2\/product"}],"about":[{"href":"https:\/\/cool-style.md\/ro\/wp-json\/wp\/v2\/types\/product"}],"wp:featuredmedia":[{"embeddable":true,"href":"https:\/\/cool-style.md\/ro\/wp-json\/wp\/v2\/media\/2048"}],"wp:attachment":[{"href":"https:\/\/cool-style.md\/ro\/wp-json\/wp\/v2\/media?parent=2047"}],"wp:term":[{"taxonomy":"product_brand","embeddable":true,"href":"https:\/\/cool-style.md\/ro\/wp-json\/wp\/v2\/product_brand?post=2047"},{"taxonomy":"product_cat","embeddable":true,"href":"https:\/\/cool-style.md\/ro\/wp-json\/wp\/v2\/product_cat?post=2047"},{"taxonomy":"product_tag","embeddable":true,"href":"https:\/\/cool-style.md\/ro\/wp-json\/wp\/v2\/product_tag?post=2047"}],"curies":[{"name":"wp","href":"https:\/\/api.w.org\/{rel}","templated":true}]}}