{"id":2052,"date":"2022-01-13T01:10:50","date_gmt":"2022-01-13T01:10:50","guid":{"rendered":"https:\/\/cool-style.md\/?post_type=product&#038;p=2052"},"modified":"2025-09-12T07:44:51","modified_gmt":"2025-09-12T07:44:51","slug":"italwax-disposable-wooden-spatulas-medium","status":"publish","type":"product","link":"https:\/\/cool-style.md\/ro\/product\/italwax-disposable-wooden-spatulas-medium\/","title":{"rendered":"Spatule pentru depilare medii ItalWax Disposable Wooden Spatulas Medium 100buc"},"content":{"rendered":"<h2><span style=\"font-size: 75%;\">Spatule <a href=\"https:\/\/cool-style.md\/ro\/pentru-depilare\/\">pentru depilare<\/a> <a href=\"https:\/\/www.italwax.com\/\" target=\"_blank\" rel=\"noopener\">ItalWax<\/a> Disposable Wooden Spatulas Medium<\/span><\/h2>\n<p>Spatulele din lemn de unic\u0103 folosin\u021b\u0103 sunt concepute pentru aplicarea cear\u0103 \u0219i a pastei de zah\u0103r \u00een timpul procedurii de depilare. Spatulele sunt disponibile \u00een diferite dimensiuni pentru a lucra \u00een diferite zone: mari, medii \u0219i mici.<\/p>\n<p>Mari: 2,5&#215;20,5 cm &#8211; pentru epilare pe corp (picioare, brate, spate);<br \/>\nMedii: 1,0&#215;11,4 cm &#8211; pentru epilare pe fata, in zonele delicate;<br \/>\nMici: 0,6&#215;14 cm &#8211; pentru epilare pe fata (zone mici).<\/p>\n<p><strong>Material:<\/strong> lemn<\/p>\n<p><span style=\"font-size: 100%;\"><b>Volum: <\/b>100 buc<\/span><\/p>\n<h2><span style=\"font-size: 75%;\"><\/span><\/p>","protected":false},"excerpt":{"rendered":"<p><span style=\"font-size: 100%;\">ItalWax Disposable Wooden Spatulas Medium sunt concepute pentru aplicarea cear\u0103 \u0219i a pastei de zah\u0103r \u00een timpul procedurii de depilare.<\/span><span style=\"font-size: 100%;\"><\/span><\/p>\n","protected":false},"featured_media":2053,"template":"","meta":[],"product_brand":[],"product_cat":[38,262,132],"product_tag":[],"class_list":{"0":"post-2052","1":"product","2":"type-product","3":"status-publish","4":"has-post-thumbnail","6":"product_cat-pentru-depilare","7":"product_cat-unica-folosinta","8":"product_cat-diverse-accesorii","9":"pa_brand-italwax","10":"pa_producator-italia","11":"pa_volum-100buc","13":"first","14":"instock","15":"shipping-taxable","16":"purchasable","17":"product-type-simple"},"_links":{"self":[{"href":"https:\/\/cool-style.md\/ro\/wp-json\/wp\/v2\/product\/2052","targetHints":{"allow":["GET"]}}],"collection":[{"href":"https:\/\/cool-style.md\/ro\/wp-json\/wp\/v2\/product"}],"about":[{"href":"https:\/\/cool-style.md\/ro\/wp-json\/wp\/v2\/types\/product"}],"wp:featuredmedia":[{"embeddable":true,"href":"https:\/\/cool-style.md\/ro\/wp-json\/wp\/v2\/media\/2053"}],"wp:attachment":[{"href":"https:\/\/cool-style.md\/ro\/wp-json\/wp\/v2\/media?parent=2052"}],"wp:term":[{"taxonomy":"product_brand","embeddable":true,"href":"https:\/\/cool-style.md\/ro\/wp-json\/wp\/v2\/product_brand?post=2052"},{"taxonomy":"product_cat","embeddable":true,"href":"https:\/\/cool-style.md\/ro\/wp-json\/wp\/v2\/product_cat?post=2052"},{"taxonomy":"product_tag","embeddable":true,"href":"https:\/\/cool-style.md\/ro\/wp-json\/wp\/v2\/product_tag?post=2052"}],"curies":[{"name":"wp","href":"https:\/\/api.w.org\/{rel}","templated":true}]}}