{"id":2071,"date":"2022-01-23T13:28:58","date_gmt":"2022-01-23T13:28:58","guid":{"rendered":"https:\/\/cool-style.md\/?post_type=product&#038;p=2071"},"modified":"2024-12-05T19:27:35","modified_gmt":"2024-12-05T19:27:35","slug":"totex-hair-gel-freeze-700ml","status":"publish","type":"product","link":"https:\/\/cool-style.md\/ro\/product\/totex-hair-gel-freeze-700ml\/","title":{"rendered":"Gel de p\u0103r Totex Hair Gel Freeze 700ml"},"content":{"rendered":"<h2><span style=\"font-size: 75%;\">Gel de p\u0103r Totex Hair Gel Freeze<\/span><\/h2>\n<ul>\n<li>Coafare u\u0219oar\u0103 \u0219i rapid\u0103;<\/li>\n<li>Potrivit pentru p\u0103r de orice lungime;<\/li>\n<li>Fixare medie;<\/li>\n<li>Efect de lung\u0103 durat\u0103 pentru cele mai dificile coafuri;<\/li>\n<li>Nu \u00eengreuneaz\u0103 p\u0103rul.<\/li>\n<\/ul>\n<p><a href=\"https:\/\/cool-style.md\/wp-content\/uploads\/2022\/01\/Cool-style.md-Totex-Gair-Gel.jpg\"><img decoding=\"async\" class=\" wp-image-2070 alignleft\" src=\"https:\/\/cool-style.md\/wp-content\/uploads\/2022\/01\/Cool-style.md-Totex-Gair-Gel-520x400.jpg\" alt=\"Cool-style.md Totex Gair Gel\" width=\"313\" height=\"241\" srcset=\"https:\/\/cool-style.md\/wp-content\/uploads\/2022\/01\/Cool-style.md-Totex-Gair-Gel-520x400.jpg 520w, https:\/\/cool-style.md\/wp-content\/uploads\/2022\/01\/Cool-style.md-Totex-Gair-Gel-510x392.jpg 510w, https:\/\/cool-style.md\/wp-content\/uploads\/2022\/01\/Cool-style.md-Totex-Gair-Gel-768x591.jpg 768w, https:\/\/cool-style.md\/wp-content\/uploads\/2022\/01\/Cool-style.md-Totex-Gair-Gel.jpg 975w\" sizes=\"(max-width: 313px) 100vw, 313px\" \/><\/a>Gel <a href=\"https:\/\/www.totexcosmetic.com\/\" target=\"_blank\" rel=\"noopener\">Totex<\/a> ajut\u0103 la modelarea p\u0103rului. Face p\u0103rul mai revitalizat, mai proasp\u0103t, mai s\u0103n\u0103tos \u0219i str\u0103lucitor. Ofer\u0103 un aspect natural \u0219i dinamic, extrem de flexibil cu control maxim. Din cauza absen\u021bei alcoolului, are un pH foarte sc\u0103zut, ceea ce \u00eempiedic\u0103 uscarea scalpului. <span style=\"font-size: 14.4px;\">Potrivit <\/span><a style=\"font-size: 14.4px;\" href=\"https:\/\/cool-style.md\/ro\/product-category\/cosmetice-barbati\/coafarea-barbati\/\">pentru toate tipurile de p\u0103r<\/a><span style=\"font-size: 14.4px;\">.<\/span><\/p>\n<p><strong>Fixare:<\/strong> medie<\/p>\n<p><strong>Volum:<\/strong> 700 ml<\/p>\n<p><strong>Mod de utilizare:<\/strong> Aplica\u021bi o cantitate mic\u0103 de gel pe p\u0103rul umed, model\u00e2nd cu degetele pentru a ob\u021bine aspectul dorit.<\/p>\n<p><strong>Aten\u021bie:<\/strong> numai pentru uz extern. \u00cen caz de contact cu ochii, cl\u0103ti\u021bi cu mult\u0103 ap\u0103. A nu se lasa la indemana copiilor.<\/p>","protected":false},"excerpt":{"rendered":"<p><span style=\"font-size: 100%;\">Totex Hair Gel Freeze v\u0103 ajut\u0103 la modelarea p\u0103rului, oferind fixare pentru o perioad\u0103 lung\u0103.<\/span><span style=\"font-size: 100%;\"><\/span><\/p>\n","protected":false},"featured_media":2072,"template":"","meta":[],"product_brand":[],"product_cat":[30,35],"product_tag":[],"class_list":{"0":"post-2071","1":"product","2":"type-product","3":"status-publish","4":"has-post-thumbnail","6":"product_cat-coafarea-barbati","7":"product_cat-coafarea-femei","8":"pa_brand-totex","9":"pa_felul-produsului-tip-gel-pentru-par","10":"pa_fixare-medie","11":"pa_producator-turcia","12":"pa_volum-700ml","14":"first","15":"instock","16":"featured","17":"shipping-taxable","18":"purchasable","19":"product-type-simple"},"_links":{"self":[{"href":"https:\/\/cool-style.md\/ro\/wp-json\/wp\/v2\/product\/2071","targetHints":{"allow":["GET"]}}],"collection":[{"href":"https:\/\/cool-style.md\/ro\/wp-json\/wp\/v2\/product"}],"about":[{"href":"https:\/\/cool-style.md\/ro\/wp-json\/wp\/v2\/types\/product"}],"wp:featuredmedia":[{"embeddable":true,"href":"https:\/\/cool-style.md\/ro\/wp-json\/wp\/v2\/media\/2072"}],"wp:attachment":[{"href":"https:\/\/cool-style.md\/ro\/wp-json\/wp\/v2\/media?parent=2071"}],"wp:term":[{"taxonomy":"product_brand","embeddable":true,"href":"https:\/\/cool-style.md\/ro\/wp-json\/wp\/v2\/product_brand?post=2071"},{"taxonomy":"product_cat","embeddable":true,"href":"https:\/\/cool-style.md\/ro\/wp-json\/wp\/v2\/product_cat?post=2071"},{"taxonomy":"product_tag","embeddable":true,"href":"https:\/\/cool-style.md\/ro\/wp-json\/wp\/v2\/product_tag?post=2071"}],"curies":[{"name":"wp","href":"https:\/\/api.w.org\/{rel}","templated":true}]}}