{"id":2091,"date":"2022-01-23T16:17:48","date_gmt":"2022-01-23T16:17:48","guid":{"rendered":"https:\/\/cool-style.md\/?post_type=product&#038;p=2091"},"modified":"2024-12-05T19:35:15","modified_gmt":"2024-12-05T19:35:15","slug":"totex-argan-hair-care-mask","status":"publish","type":"product","link":"https:\/\/cool-style.md\/ro\/product\/totex-argan-hair-care-mask\/","title":{"rendered":"Masca pentru p\u0103r Totex Argan Hair Care Mask 500ml"},"content":{"rendered":"<h2><span style=\"font-size: 75%;\">Masca pentru p\u0103r Totex Argan Hair Care Mask\u00a0<\/span><\/h2>\n<ul>\n<li>Hraneste si catifeleaza parul;<\/li>\n<li>Potrivit pentru p\u0103r de orice lungime;<\/li>\n<li>Ofer\u0103 volum;<\/li>\n<li><span style=\"font-size: 14.4px;\">Faciliteaz\u0103 piept\u0103narea.<\/span><\/li>\n<\/ul>\n<p><a href=\"https:\/\/cool-style.md\/wp-content\/uploads\/2022\/01\/Totex-Mask.jpg\"><img decoding=\"async\" class=\" wp-image-2092 aligncenter\" src=\"https:\/\/cool-style.md\/wp-content\/uploads\/2022\/01\/Totex-Mask-800x400.jpg\" alt=\"Cool-style.md Totex Hair Care Mask\" width=\"496\" height=\"248\" srcset=\"https:\/\/cool-style.md\/wp-content\/uploads\/2022\/01\/Totex-Mask-800x400.jpg 800w, https:\/\/cool-style.md\/wp-content\/uploads\/2022\/01\/Totex-Mask-510x255.jpg 510w, https:\/\/cool-style.md\/wp-content\/uploads\/2022\/01\/Totex-Mask-1400x700.jpg 1400w, https:\/\/cool-style.md\/wp-content\/uploads\/2022\/01\/Totex-Mask-768x384.jpg 768w, https:\/\/cool-style.md\/wp-content\/uploads\/2022\/01\/Totex-Mask.jpg 1500w\" sizes=\"(max-width: 496px) 100vw, 496px\" \/><\/a><a href=\"https:\/\/www.totexcosmetic.com\/\" target=\"_blank\" rel=\"noopener\">Totex<\/a> Hair Mask hr\u0103ne\u0219te, \u00eent\u0103re\u0219te \u0219i ofer\u0103 p\u0103rului t\u0103u un aspect mai voluminos datorit\u0103 formulei sale speciale cu ulei de argan pe care o con\u021bine. Ajut\u0103 la eliminarea v\u00e2rfurilor despicate. <span style=\"font-size: 14.4px;\">Potrivit <\/span><a style=\"font-size: 14.4px;\" href=\"https:\/\/cool-style.md\/ro\/product-category\/cosmetice-barbati\/coafarea-barbati\/\">pentru toate tipurile de p\u0103r<\/a><span style=\"font-size: 14.4px;\">.<\/span><\/p>\n<p><strong>Volum:<\/strong> 500 ml<\/p>\n<p><strong>Mod de utilizare:<\/strong> Aplica\u021bi o cantitate mic\u0103 de masc\u0103 pe p\u0103r, cl\u0103ti\u021bi bine cu ap\u0103 dup\u0103 c\u00e2teva minute. Se recomand\u0103 utilizarea de 2-3 ori pe s\u0103pt\u0103m\u00e2n\u0103.<\/p>\n<p><strong>Aten\u021bie:<\/strong> numai pentru uz extern. \u00cen caz de contact cu ochii, cl\u0103ti\u021bi cu mult\u0103 ap\u0103. A nu se lasa la indemana copiilor.<\/p>","protected":false},"excerpt":{"rendered":"<p><span style=\"font-size: 100%;\">Totex Argan Hair Care Mask hr\u0103ne\u0219te, \u00eent\u0103re\u0219te \u0219i ofer\u0103 p\u0103rului t\u0103u un aspect mai voluminos.<\/span><span style=\"font-size: 100%;\"><\/span><\/p>\n","protected":false},"featured_media":2093,"template":"","meta":[],"product_brand":[],"product_cat":[36],"product_tag":[],"class_list":{"0":"post-2091","1":"product","2":"type-product","3":"status-publish","4":"has-post-thumbnail","6":"product_cat-ingrijirea-par-femei","7":"pa_brand-totex","8":"pa_felul-produsului-tip-masca","9":"pa_producator-turcia","10":"pa_volum-500ml","12":"first","13":"instock","14":"featured","15":"shipping-taxable","16":"purchasable","17":"product-type-simple"},"_links":{"self":[{"href":"https:\/\/cool-style.md\/ro\/wp-json\/wp\/v2\/product\/2091","targetHints":{"allow":["GET"]}}],"collection":[{"href":"https:\/\/cool-style.md\/ro\/wp-json\/wp\/v2\/product"}],"about":[{"href":"https:\/\/cool-style.md\/ro\/wp-json\/wp\/v2\/types\/product"}],"wp:featuredmedia":[{"embeddable":true,"href":"https:\/\/cool-style.md\/ro\/wp-json\/wp\/v2\/media\/2093"}],"wp:attachment":[{"href":"https:\/\/cool-style.md\/ro\/wp-json\/wp\/v2\/media?parent=2091"}],"wp:term":[{"taxonomy":"product_brand","embeddable":true,"href":"https:\/\/cool-style.md\/ro\/wp-json\/wp\/v2\/product_brand?post=2091"},{"taxonomy":"product_cat","embeddable":true,"href":"https:\/\/cool-style.md\/ro\/wp-json\/wp\/v2\/product_cat?post=2091"},{"taxonomy":"product_tag","embeddable":true,"href":"https:\/\/cool-style.md\/ro\/wp-json\/wp\/v2\/product_tag?post=2091"}],"curies":[{"name":"wp","href":"https:\/\/api.w.org\/{rel}","templated":true}]}}