{"id":2200,"date":"2022-01-26T20:42:02","date_gmt":"2022-01-26T20:42:02","guid":{"rendered":"https:\/\/cool-style.md\/?post_type=product&#038;p=2200"},"modified":"2026-01-05T19:25:55","modified_gmt":"2026-01-05T19:25:55","slug":"nishman-pro-mech-hair-color-spray-white","status":"publish","type":"product","link":"https:\/\/cool-style.md\/ro\/product\/nishman-pro-mech-hair-color-spray-white\/","title":{"rendered":"Lac de p\u0103r colorat Nishman Pro Mech Hair Color Spray White 150ml"},"content":{"rendered":"<h2><span style=\"font-size: 75%;\">Lac de p\u0103r colorat Nishman Pro Mech Hair Color Spray White<\/span><\/h2>\n<ul>\n<li>Coafare u\u0219oar\u0103 si rapid\u0103;<\/li>\n<li>Prindere foarte puternic\u0103;<\/li>\n<li>Stralucire naturala de lunga durata;<\/li>\n<li>Ofer\u0103 volum mare;<\/li>\n<li>Coloreaz\u0103 p\u0103rul instantaneu;<\/li>\n<li>F\u0103r\u0103 lipiciitate;<\/li>\n<\/ul>\n<p><a href=\"https:\/\/cool-style.md\/wp-content\/uploads\/2022\/01\/Cool-style.md-Nishman-Pro-Mech-Hair-Color-Spray.jpg\"><img decoding=\"async\" class=\" wp-image-2193 alignleft\" src=\"https:\/\/cool-style.md\/wp-content\/uploads\/2022\/01\/Cool-style.md-Nishman-Pro-Mech-Hair-Color-Spray-506x400.jpg\" alt=\"Cool-style.md Nishman Pro Mech Hair Color Spray\" width=\"347\" height=\"274\" srcset=\"https:\/\/cool-style.md\/wp-content\/uploads\/2022\/01\/Cool-style.md-Nishman-Pro-Mech-Hair-Color-Spray-506x400.jpg 506w, https:\/\/cool-style.md\/wp-content\/uploads\/2022\/01\/Cool-style.md-Nishman-Pro-Mech-Hair-Color-Spray-510x403.jpg 510w, https:\/\/cool-style.md\/wp-content\/uploads\/2022\/01\/Cool-style.md-Nishman-Pro-Mech-Hair-Color-Spray-1012x800.jpg 1012w, https:\/\/cool-style.md\/wp-content\/uploads\/2022\/01\/Cool-style.md-Nishman-Pro-Mech-Hair-Color-Spray-768x607.jpg 768w, https:\/\/cool-style.md\/wp-content\/uploads\/2022\/01\/Cool-style.md-Nishman-Pro-Mech-Hair-Color-Spray.jpg 1136w\" sizes=\"(max-width: 347px) 100vw, 347px\" \/><\/a>Lac pentru coafarea <a href=\"https:\/\/nishman.com.tr\/\" target=\"_blank\" rel=\"noopener\">Nishman<\/a>\u00a0este conceput pentru a v\u0103 modela p\u0103rul. Formula unic\u0103 va oferi p\u0103rului t\u0103u volum incredibil, mi\u0219care \u0219i \u021binere, precum \u0219i vopsirea p\u0103rului \u00eentr-o culoare atractiv\u0103. Acest fixativ cu uscare rapid\u0103 las\u0103 p\u0103rul u\u0219or de gestionat \u0219i str\u0103lucitor. Potrivit <a href=\"https:\/\/cool-style.md\/ro\/product-category\/cosmetice-barbati\/coafarea-barbati\/\">pentru orice tip de p\u0103r<\/a>.<\/p>\n<p><strong>Volum:<\/strong> 150 ml<\/p>\n<p><strong>Culoarea:<\/strong> alb\u0103<\/p>\n<p><b>Fixare:<\/b>\u00a0tare<\/p>\n<p><strong>Aten\u021bie:<\/strong> numai pentru uz extern. \u00cen caz de contact cu ochii, cl\u0103ti\u021bi cu mult\u0103 ap\u0103. A nu se lasa la indemana copiilor.<\/p>","protected":false},"excerpt":{"rendered":"<p><span style=\"font-size: 100%;\">Nishman Pro Mech Hair Color Spray White va asigura fixarea maxim\u0103 a coafurii tale, precum \u0219i vopseaua p\u0103rului \u00een culoarea aleas\u0103.<\/span><span style=\"font-size: 100%;\"><\/span><\/p>\n","protected":false},"featured_media":2201,"template":"","meta":[],"product_brand":[],"product_cat":[30,35],"product_tag":[],"class_list":{"0":"post-2200","1":"product","2":"type-product","3":"status-publish","4":"has-post-thumbnail","6":"product_cat-coafarea-barbati","7":"product_cat-coafarea-femei","8":"pa_brand-nishman","9":"pa_culoarea-alb","10":"pa_felul-produsului-tip-lac-de-par","11":"pa_fixare-puternica","12":"pa_producator-turcia","13":"pa_volum-150ml","15":"first","16":"instock","17":"featured","18":"shipping-taxable","19":"purchasable","20":"product-type-simple"},"_links":{"self":[{"href":"https:\/\/cool-style.md\/ro\/wp-json\/wp\/v2\/product\/2200","targetHints":{"allow":["GET"]}}],"collection":[{"href":"https:\/\/cool-style.md\/ro\/wp-json\/wp\/v2\/product"}],"about":[{"href":"https:\/\/cool-style.md\/ro\/wp-json\/wp\/v2\/types\/product"}],"wp:featuredmedia":[{"embeddable":true,"href":"https:\/\/cool-style.md\/ro\/wp-json\/wp\/v2\/media\/2201"}],"wp:attachment":[{"href":"https:\/\/cool-style.md\/ro\/wp-json\/wp\/v2\/media?parent=2200"}],"wp:term":[{"taxonomy":"product_brand","embeddable":true,"href":"https:\/\/cool-style.md\/ro\/wp-json\/wp\/v2\/product_brand?post=2200"},{"taxonomy":"product_cat","embeddable":true,"href":"https:\/\/cool-style.md\/ro\/wp-json\/wp\/v2\/product_cat?post=2200"},{"taxonomy":"product_tag","embeddable":true,"href":"https:\/\/cool-style.md\/ro\/wp-json\/wp\/v2\/product_tag?post=2200"}],"curies":[{"name":"wp","href":"https:\/\/api.w.org\/{rel}","templated":true}]}}