{"id":2208,"date":"2022-07-02T08:00:46","date_gmt":"2022-07-02T08:00:46","guid":{"rendered":"https:\/\/cool-style.md\/?post_type=product&#038;p=2208"},"modified":"2024-12-09T13:41:51","modified_gmt":"2024-12-09T13:41:51","slug":"nishman-sea-salt-spray","status":"publish","type":"product","link":"https:\/\/cool-style.md\/ro\/product\/nishman-sea-salt-spray\/","title":{"rendered":"Spray cu sare de mare Nishman Sea Salt Spray 01 200ml"},"content":{"rendered":"<h2><span style=\"font-size: 75%;\">Spray cu sare de mare Nishman Sea Salt Spray 01<\/span><\/h2>\n<ul>\n<li>Coafare u\u0219oar\u0103 si rapid\u0103;<\/li>\n<li>Ofer\u0103 volum mare;<\/li>\n<li>F\u0103r\u0103 lipiciitate;<\/li>\n<li>Nu \u00eengreuneaz\u0103 p\u0103rul.<\/li>\n<\/ul>\n<p><a href=\"https:\/\/cool-style.md\/wp-content\/uploads\/2022\/01\/Cool-style.md-Nishman-Sea-Salt-Spray-200ml.jpg\"><img decoding=\"async\" class=\" wp-image-2209 alignleft\" src=\"https:\/\/cool-style.md\/wp-content\/uploads\/2022\/01\/Cool-style.md-Nishman-Sea-Salt-Spray-200ml-400x400.jpg\" alt=\"Cool-style.md Nishman Sea Salt Spray 200ml\" width=\"347\" height=\"347\" srcset=\"https:\/\/cool-style.md\/wp-content\/uploads\/2022\/01\/Cool-style.md-Nishman-Sea-Salt-Spray-200ml-400x400.jpg 400w, https:\/\/cool-style.md\/wp-content\/uploads\/2022\/01\/Cool-style.md-Nishman-Sea-Salt-Spray-200ml-300x300.jpg 300w, https:\/\/cool-style.md\/wp-content\/uploads\/2022\/01\/Cool-style.md-Nishman-Sea-Salt-Spray-200ml-100x100.jpg 100w, https:\/\/cool-style.md\/wp-content\/uploads\/2022\/01\/Cool-style.md-Nishman-Sea-Salt-Spray-200ml-510x510.jpg 510w, https:\/\/cool-style.md\/wp-content\/uploads\/2022\/01\/Cool-style.md-Nishman-Sea-Salt-Spray-200ml-800x800.jpg 800w, https:\/\/cool-style.md\/wp-content\/uploads\/2022\/01\/Cool-style.md-Nishman-Sea-Salt-Spray-200ml-280x280.jpg 280w, https:\/\/cool-style.md\/wp-content\/uploads\/2022\/01\/Cool-style.md-Nishman-Sea-Salt-Spray-200ml-768x768.jpg 768w, https:\/\/cool-style.md\/wp-content\/uploads\/2022\/01\/Cool-style.md-Nishman-Sea-Salt-Spray-200ml-247x247.jpg 247w, https:\/\/cool-style.md\/wp-content\/uploads\/2022\/01\/Cool-style.md-Nishman-Sea-Salt-Spray-200ml.jpg 1080w\" sizes=\"(max-width: 347px) 100vw, 347px\" \/><\/a>Spray-ul cu sare de mare <a href=\"https:\/\/nishman.com.tr\/\" target=\"_blank\" rel=\"noopener\">Nishman<\/a> este produsul perfect pentru coafarea p\u0103rului. Formula unic\u0103 va oferi p\u0103rului t\u0103u volum incredibil, mi\u0219care \u0219i \u021binere. Spre deosebire de uleiuri \u0219i lacuri, nu \u00eengreuneaz\u0103 p\u0103rul. Potrivit <a href=\"https:\/\/cool-style.md\/ro\/product-category\/cosmetice-barbati\/coafarea-barbati\/\">pentru orice tip de p\u0103r<\/a>.<\/p>\n<p><strong>Volum:<\/strong> 200 ml<\/p>\n<p><b>Fixare:<\/b> medie<\/p>\n<p><strong>Mod de utilizare:<\/strong> Pulveriza\u021bi pe p\u0103rul umed. Pentru o eviden\u021biere mai eficient\u0103 a texturii, \u00eencepe\u021bi s\u0103 distribui\u021bi produsul de la mijlocul buclelor, \u0219i nu de la r\u0103d\u0103cini.<\/p>\n<p><strong>Aten\u021bie:<\/strong> numai pentru uz extern. \u00cen caz de contact cu ochii, cl\u0103ti\u021bi cu mult\u0103 ap\u0103. A nu se lasa la indemana copiilor.<\/p>","protected":false},"excerpt":{"rendered":"<p><span style=\"font-size: 100%;\">Nishman Sea Salt Spray ofer\u0103 \u021binere \u0219i volum f\u0103r\u0103 a \u00eengreuna p\u0103rul.<\/span><span style=\"font-size: 100%;\"><\/span><\/p>\n","protected":false},"featured_media":2210,"template":"","meta":[],"product_brand":[],"product_cat":[30,35],"product_tag":[],"class_list":{"0":"post-2208","1":"product","2":"type-product","3":"status-publish","4":"has-post-thumbnail","6":"product_cat-coafarea-barbati","7":"product_cat-coafarea-femei","8":"pa_brand-nishman","9":"pa_felul-produsului-tip-spray-sare","10":"pa_fixare-medie","11":"pa_producator-turcia","12":"pa_volum-200ml","14":"first","15":"instock","16":"featured","17":"shipping-taxable","18":"purchasable","19":"product-type-simple"},"_links":{"self":[{"href":"https:\/\/cool-style.md\/ro\/wp-json\/wp\/v2\/product\/2208","targetHints":{"allow":["GET"]}}],"collection":[{"href":"https:\/\/cool-style.md\/ro\/wp-json\/wp\/v2\/product"}],"about":[{"href":"https:\/\/cool-style.md\/ro\/wp-json\/wp\/v2\/types\/product"}],"wp:featuredmedia":[{"embeddable":true,"href":"https:\/\/cool-style.md\/ro\/wp-json\/wp\/v2\/media\/2210"}],"wp:attachment":[{"href":"https:\/\/cool-style.md\/ro\/wp-json\/wp\/v2\/media?parent=2208"}],"wp:term":[{"taxonomy":"product_brand","embeddable":true,"href":"https:\/\/cool-style.md\/ro\/wp-json\/wp\/v2\/product_brand?post=2208"},{"taxonomy":"product_cat","embeddable":true,"href":"https:\/\/cool-style.md\/ro\/wp-json\/wp\/v2\/product_cat?post=2208"},{"taxonomy":"product_tag","embeddable":true,"href":"https:\/\/cool-style.md\/ro\/wp-json\/wp\/v2\/product_tag?post=2208"}],"curies":[{"name":"wp","href":"https:\/\/api.w.org\/{rel}","templated":true}]}}