{"id":2274,"date":"2022-07-02T11:00:01","date_gmt":"2022-07-02T11:00:01","guid":{"rendered":"https:\/\/cool-style.md\/?post_type=product&#038;p=2274"},"modified":"2024-12-05T20:20:02","modified_gmt":"2024-12-05T20:20:02","slug":"nishman-foam-wax","status":"publish","type":"product","link":"https:\/\/cool-style.md\/ro\/product\/nishman-foam-wax\/","title":{"rendered":"Cear\u0103-spum\u0103 pentru aranjarea p\u0103rului Nishman Foam Wax 150ml"},"content":{"rendered":"<h2><span style=\"font-size: 75%;\">Cear\u0103-spum\u0103 pentru aranjarea p\u0103rului Nishman Foam Wax<\/span><\/h2>\n<ul>\n<li><span style=\"font-size: 100%;\">Coafare u\u0219oar\u0103 \u0219i rapid\u0103;<\/span><\/li>\n<li>Con\u021bine cheratina;<\/li>\n<li>\u00cent\u0103re\u0219te p\u0103rul;<\/li>\n<li>Grad puternic de fixare;<\/li>\n<li><span style=\"font-size: 100%;\">Se spal\u0103 la \u0219amponare.<\/span><\/li>\n<\/ul>\n<p><span style=\"font-size: 100%;\"><a href=\"https:\/\/cool-style.md\/wp-content\/uploads\/2022\/07\/Cool-style.md-Nishman-Foam-Wax-150ml.jpg\"><img decoding=\"async\" class=\" wp-image-2275 alignleft\" src=\"https:\/\/cool-style.md\/wp-content\/uploads\/2022\/07\/Cool-style.md-Nishman-Foam-Wax-150ml-400x400.jpg\" alt=\"Cool-style.md Nishman Foam Wax 150ml\" width=\"282\" height=\"282\" srcset=\"https:\/\/cool-style.md\/wp-content\/uploads\/2022\/07\/Cool-style.md-Nishman-Foam-Wax-150ml-400x400.jpg 400w, https:\/\/cool-style.md\/wp-content\/uploads\/2022\/07\/Cool-style.md-Nishman-Foam-Wax-150ml-300x300.jpg 300w, https:\/\/cool-style.md\/wp-content\/uploads\/2022\/07\/Cool-style.md-Nishman-Foam-Wax-150ml-100x100.jpg 100w, https:\/\/cool-style.md\/wp-content\/uploads\/2022\/07\/Cool-style.md-Nishman-Foam-Wax-150ml-510x510.jpg 510w, https:\/\/cool-style.md\/wp-content\/uploads\/2022\/07\/Cool-style.md-Nishman-Foam-Wax-150ml-800x800.jpg 800w, https:\/\/cool-style.md\/wp-content\/uploads\/2022\/07\/Cool-style.md-Nishman-Foam-Wax-150ml-280x280.jpg 280w, https:\/\/cool-style.md\/wp-content\/uploads\/2022\/07\/Cool-style.md-Nishman-Foam-Wax-150ml-768x768.jpg 768w, https:\/\/cool-style.md\/wp-content\/uploads\/2022\/07\/Cool-style.md-Nishman-Foam-Wax-150ml-247x247.jpg 247w, https:\/\/cool-style.md\/wp-content\/uploads\/2022\/07\/Cool-style.md-Nishman-Foam-Wax-150ml.jpg 1080w\" sizes=\"(max-width: 282px) 100vw, 282px\" \/><\/a>Cear\u0103-spum\u0103 <a href=\"https:\/\/nishman.com.tr\/\" target=\"_blank\" rel=\"noopener\">Nishman<\/a> ajut\u0103 la modelarea p\u0103rului. Adaug\u0103 str\u0103lucire natural\u0103 \u0219i volum p\u0103rului t\u0103u. Nu provoac\u0103 probleme precum reziduurile de p\u0103r, m\u0103trea\u021ba \u0219i previne electrificarea. <\/span><\/p>\n<p><span style=\"font-size: 100%;\">Ofer\u0103 p\u0103rului t\u0103u forma dorit\u0103 \u0219i asigur\u0103 c\u0103 coafura r\u0103m\u00e2ne stabil\u0103 pe tot parcursul zilei. Datorit\u0103 keratinei incluse \u00een compozi\u021bia sa, \u00eent\u0103re\u0219te p\u0103rul \u0219i \u00eei confer\u0103 un aspect s\u0103n\u0103tos. Potrivit <a href=\"https:\/\/cool-style.md\/ro\/product-category\/cosmetice-barbati\/coafarea-barbati\/\">pentru toate tipurile de p\u0103r<\/a>.<\/span><\/p>\n<p>&nbsp;<\/p>\n<p>&nbsp;<\/p>\n<p><span style=\"font-size: 100%;\"><strong>Fixare:<\/strong> tare<\/span><\/p>\n<p><span style=\"font-size: 100%;\"><strong>Volum:<\/strong> 150 ml<\/span><\/p>\n<p><span style=\"font-size: 100%;\"><strong>Mod de utilizare:<\/strong> Freca\u021bi o cantitate mic\u0103 de cear\u0103 \u00eentre palme. Aplica\u021bi uniform pe p\u0103rul curat \u0219i umed \u0219i crea\u021bi forma dorit\u0103.<\/span><\/p>\n<p><span style=\"font-size: 100%;\"><strong>Aten\u021bie:<\/strong> numai pentru uz extern. \u00cen caz de contact cu ochii, cl\u0103ti\u021bi cu mult\u0103 ap\u0103. A nu se lasa la indemana copiilor.<\/span><\/p>","protected":false},"excerpt":{"rendered":"<p><span style=\"font-size: 100%;\">Nishman Foam Wax v\u0103 va ajuta s\u0103 modela\u021bi cu u\u0219urin\u021b\u0103 orice coafur\u0103, va oferi p\u0103rului str\u0103lucirea natural\u0103.<\/span><span style=\"font-size: 100%;\"><\/span><\/p>\n","protected":false},"featured_media":2276,"template":"","meta":[],"product_brand":[],"product_cat":[30],"product_tag":[],"class_list":{"0":"post-2274","1":"product","2":"type-product","3":"status-publish","4":"has-post-thumbnail","6":"product_cat-coafarea-barbati","7":"pa_brand-nishman","8":"pa_felul-produsului-tip-ceara","9":"pa_fixare-puternica","10":"pa_producator-turcia","11":"pa_volum-150ml","13":"first","14":"instock","15":"featured","16":"shipping-taxable","17":"purchasable","18":"product-type-simple"},"_links":{"self":[{"href":"https:\/\/cool-style.md\/ro\/wp-json\/wp\/v2\/product\/2274","targetHints":{"allow":["GET"]}}],"collection":[{"href":"https:\/\/cool-style.md\/ro\/wp-json\/wp\/v2\/product"}],"about":[{"href":"https:\/\/cool-style.md\/ro\/wp-json\/wp\/v2\/types\/product"}],"wp:featuredmedia":[{"embeddable":true,"href":"https:\/\/cool-style.md\/ro\/wp-json\/wp\/v2\/media\/2276"}],"wp:attachment":[{"href":"https:\/\/cool-style.md\/ro\/wp-json\/wp\/v2\/media?parent=2274"}],"wp:term":[{"taxonomy":"product_brand","embeddable":true,"href":"https:\/\/cool-style.md\/ro\/wp-json\/wp\/v2\/product_brand?post=2274"},{"taxonomy":"product_cat","embeddable":true,"href":"https:\/\/cool-style.md\/ro\/wp-json\/wp\/v2\/product_cat?post=2274"},{"taxonomy":"product_tag","embeddable":true,"href":"https:\/\/cool-style.md\/ro\/wp-json\/wp\/v2\/product_tag?post=2274"}],"curies":[{"name":"wp","href":"https:\/\/api.w.org\/{rel}","templated":true}]}}